{"id":30792,"date":"2021-08-04T20:31:24","date_gmt":"2021-08-05T03:31:24","guid":{"rendered":"https:\/\/orato.world\/conviertete-en-nuestro-colaborador-2\/"},"modified":"2023-09-05T06:02:37","modified_gmt":"2023-09-05T13:02:37","slug":"conviertete-en-nuestro-colaborador-2","status":"publish","type":"page","link":"https:\/\/orato.world\/es\/conviertete-en-nuestro-colaborador-2\/","title":{"rendered":"Convi\u00e9rtete en colaborador"},"content":{"rendered":"\n<h3 class=\"wp-block-heading\" id=\"h-everything-you-need-to-know-to-become-an-orato-contributor\"><strong>TODO LO QUE NECESITAS SABER PARA SER COLABORADOR DE ORATO<\/strong><\/h3>\n\n<p>Orato busca periodistas y fot\u00f3grafos de todo el mundo que quieran publicar en una plataforma global y cobrar por captar historias reales sobre personas reales.<\/p>\n\n<p>Si est\u00e1s interesado en crear contenido que sea relatado en primera persona y que arroje luz sobre eventos mundiales y temas de actualidad desde la perspectiva de quienes viven y experimentan el evento, Orato te ofrecer\u00e1 una experiencia profesional y presentar\u00e1 tu nombre en firmas internacionales. <\/p>\n\n<h3 class=\"wp-block-heading\" id=\"rates\">Las TARIFAS de Orato son las siguientes:*.<\/h3>\n\n<ul class=\"wp-block-list\">\n<li>Art\u00edculo internacional (m\u00ednimo 2.000 palabras) $200+<\/li>\n\n\n\n<li>Art\u00edculo nacional (m\u00ednimo 1.500 palabras) 100-150 d\u00f3lares<\/li>\n\n\n\n<li>Art\u00edculo regional (m\u00ednimo 1.000 palabras) $50-100<\/li>\n\n\n\n<li>Art\u00edculo de ciencia, deportes y entretenimiento (m\u00ednimo 500 palabras) 25-50 d\u00f3lares<\/li>\n\n\n\n<li>Galer\u00eda de fotos (10 fotos) 25 d\u00f3lares<\/li>\n\n\n\n<li>Galer\u00eda de fotos (20 fotos) $50<\/li>\n<\/ul>\n\n<p><\/p>\n\n<p>*Orato World Media paga a sus periodistas a trav\u00e9s de diversos m\u00e9todos. Los que tengan una cuenta en EE.UU. pueden cobrar a trav\u00e9s de ACH y en Canad\u00e1 a trav\u00e9s de Interac e-Transfer. Fuera de Norteam\u00e9rica, ofrecemos opciones como PayPal, Wise Money Transfer y Payoneer. Los freelancers de Canad\u00e1 recibir\u00e1n el pago en fondos canadienses, y todos los dem\u00e1s en d\u00f3lares estadounidenses.<\/p>\n\n<p><\/p>\n\n<h3 class=\"wp-block-heading\" id=\"read-our-freelancer-guide\"><a href=\"https:\/\/orato.world\/es\/guia-de-orato-para-freelancers\/\" target=\"_blank\" rel=\"noreferrer noopener\">LEE NUESTRA GU\u00cdA PARA FREELANCERS<\/a><\/h3>\n\n<p>Esta gu\u00eda, si bien est\u00e1 escrita exclusivamente para periodistas y escritores profesionales, ofrece instrucci\u00f3n estil\u00edstica y de calidad detallada. Ya sea que te encuentres interesado en informar y crear narraciones en primera persona, enviar galer\u00edas de fotos de eventos mundiales, compartir entrevistas en video con temas convincentes, publicar un episodio de podcast o ilustrar una historia Orato, esta gu\u00eda te ayudar\u00e1. <\/p>\n\n<p><\/p>\n\n<h3 class=\"wp-block-heading\" id=\"read-our-freelancer-guide\"><a href=\"https:\/\/orato.world\/es\/guia-de-orato-para-freelancers\/\" target=\"_blank\" rel=\"noreferrer noopener\">\u00bfQU\u00c9 ES UNA HISTORIA ORATO?<\/a><\/h3>\n\n<p>Cada presentaci\u00f3n debe tener en cuenta los siguientes lineamientos. Una historia de Orato DEBE ser:<\/p>\n\n<p><strong>Verificada<\/strong>: Esto significa que ha sido verificada por nuestros periodistas y colaboradores. Las historias de Orato son acontecimientos mundiales verificables y apoyados por pruebas investigadas de la experiencia del sujeto, o art\u00edculos de noticias publicados, testigos y casos judiciales, etc. Los contenidos verificados por la investigaci\u00f3n aparecer\u00e1n en la secci\u00f3n \u00abAntecedentes\u00bb de Orato para ofrecer a nuestros lectores la seguridad de que lo que est\u00e1n leyendo son en realidad \u00abHistorias reales de personas reales\u00bb.<br\/><br\/><strong>Relato en primera persona captado por un freelance en nombre del sujeto entrevistado que ha vivido el acontecimiento.<\/strong> *Para evitar cualquier conflicto de intereses o motivar a los sujetos para que nos cuenten su historia, Orato nunca paga directamente a los sujetos.<br\/><br\/><strong>Acontecimiento(s) y momento(s) cristalizador(es):<\/strong> Esto significa que el sujeto ha experimentado algo que le ha cambiado la vida, que ha sido relevante para las noticias de actualidad o mundiales, o que ha participado en un acontecimiento importante.<br\/><br\/><strong>Contiene un anclaje emocional: l<\/strong>os reportajes de Orato se diferencian de las noticias tradicionales en que permiten al lector apreciar la(s) carga(s) emocional(es) y\/o la(s) aventura(s) al dar cuenta de la experiencia humana de los entrevistados. Los relatos de Orato permiten al lector comprender lo que el entrevistado sinti\u00f3, oy\u00f3 y vio, no s\u00f3lo emocionalmente, sino circunstancialmente.<br\/><br\/><strong>\u00danico:<\/strong> la experiencia del sujeto no es com\u00fan en el contexto del titular. Por ejemplo, durante la pandemia de COVID-19 muchas personas sufrieron cuarentenas o p\u00e9rdidas econ\u00f3micas. No se trata de un \u00e1ngulo \u00fanico. Sin embargo, que los m\u00e9dicos atiendan a un aluvi\u00f3n de pacientes no es algo de lo que el ciudadano medio sea testigo. Cuando los crematorios de la India se vieron desbordados, la gente empez\u00f3 a arrojar al r\u00edo los cad\u00e1veres de familiares fallecidos por COVID. Se trata de \u00e1ngulos \u00fanicos o poco comunes que cuentan una historia m\u00e1s amplia.<\/p>\n\n<p><strong>Contiene informaci\u00f3n contextual de fondo:<\/strong> todas las historias de Orato se complementan con informaci\u00f3n de fondo exhaustiva sobre el acontecimiento.<\/p>\n\n<p>La mejor manera de saber qu\u00e9 constituye contenido Orato es leer nuestras historias publicadas.<\/p>\n\n<p>CONSIGUE LA CALIFICACI\u00d3N COMO COLABORADOR DE ORATO <a href=\"https:\/\/airtable.com\/shrwroWrdEB7bLuE5\" target=\"_blank\" rel=\"noreferrer noopener\">REALIZANDO ESTA R\u00c1PIDA EVALUACI\u00d3N<\/a> (es GRATUITA)<\/p>\n\n<p><\/p>\n\n<h3 class=\"wp-block-heading\" id=\"h-join-inside-orato-amp-the-first-person-news-subreddit\">\u00daNETE A INSIDE ORATO &amp; THE FIRST-PERSON NEWS SUBREDDIT<\/h3>\n\n<p>Una vez aprobado como colaborador de Orato, la direcci\u00f3n de Orato te invitar\u00e1 a unirte a nuestro espacio de trabajo Slack \u00abInside Orato\u00bb. Se trata de un grupo privado en l\u00ednea en el que todos nuestros colaboradores freelance se relacionan entre s\u00ed y con nuestros redactores, corresponsales extranjeros, editor, director general y personal. Inside Orato es nuestro punto de encuentro virtual.<strong> <a href=\"https:\/\/orato.world\/?page_id=30794&amp;preview_id=30794\" target=\"_blank\" rel=\"noreferrer noopener\">M\u00e1s informaci\u00f3n aqu\u00ed.<\/a><\/strong><\/p>\n\n<p>Tambi\u00e9n animamos a todos los apasionados del periodismo a unirse a nuestra comunidad Subreddit: <a href=\"https:\/\/www.reddit.com\/r\/firstpersonnews_\/\"><strong>r\/firstpersonnews_.<\/strong><\/a> Forme parte de la conversaci\u00f3n sobre noticias en primera persona, historias y temas de reportajes que perseguimos.<\/p>\n\n<h3 class=\"wp-block-heading\" id=\"pitch-a-story\"><a href=\"https:\/\/orato.world\/es\/proponer-una-historia\/\" target=\"_blank\" rel=\"noreferrer noopener\">PROPONER UNA HISTORIA<\/a><\/h3>\n\n<p>En \u00abProponer una historia\u00bb se identifica un acontecimiento atractivo y de inter\u00e9s period\u00edstico que le gustar\u00eda cubrir con una entrevista en primera persona. Cuando presente un reportaje, tendr\u00e1 que proporcionar una breve sinopsis del acontecimiento que se va a captar y, lo que es m\u00e1s importante, confirmar la persona que se identificar\u00e1 como sujeto de la entrevista y que ha vivido personalmente el acontecimiento de inter\u00e9s period\u00edstico. <\/p>\n\n<p>En ese momento, el colaborador ser\u00e1 contratado formalmente con una oferta por escrito para escribir la historia ANTES de que el freelance se re\u00fana y entreviste a los sujetos.<\/p>\n\n<p>En \u00abProponer una historia\u00bb se identifica un acontecimiento de inter\u00e9s period\u00edstico que te gustar\u00eda cubrir con una entrevista en primera persona.<\/p>\n\n<h3 class=\"wp-block-heading\" id=\"submit-a-story\"><a href=\"https:\/\/orato.world\/es\/enviar-historia\/\" target=\"_blank\" rel=\"noreferrer noopener\">ENVIAR UNA HISTORIA<\/a><\/h3>\n\n<p>Una vez que se aprueba una propuesta, tanto tu como el equipo editorial de Orato firmar\u00e1n un contrato que permitir\u00e1 que comienzes a trabajar en la historia. Los borradores de historias se env\u00edan f\u00e1cilmente a trav\u00e9s de nuestra p\u00e1gina \u201cEnviar historia\u201d. Estos se revisan, editan y traducen al ingl\u00e9s o al espa\u00f1ol seg\u00fan sea necesario, y cuando corresponde, los editores plantean preguntas adicionales a nuestros colaboradores. <\/p>\n\n<p>Una vez completadas, las historias se publican en nuestro sitio web donde se le acredita a nuestro colaborador, se le destaca y se publica, \u00a1decenas de miles de lectores en casi todos los pa\u00edses del mundo acceden a nuestro sitio web!<\/p>\n","protected":false},"excerpt":{"rendered":"<p>TODO LO QUE NECESITAS SABER PARA SER COLABORADOR DE ORATO Orato busca periodistas y fot\u00f3grafos de todo el mundo que quieran publicar en una plataforma global y cobrar por captar historias reales sobre personas reales. Si est\u00e1s interesado en crear contenido que sea relatado en primera persona y que arroje luz sobre eventos mundiales y [&hellip;]<\/p>\n","protected":false},"author":70,"featured_media":0,"parent":0,"menu_order":0,"comment_status":"closed","ping_status":"closed","template":"","meta":{"_acf_changed":false,"_uag_custom_page_level_css":"","_lmt_disableupdate":"no","_lmt_disable":"yes","footnotes":""},"class_list":["post-30792","page","type-page","status-publish","hentry"],"acf":[],"yoast_head":"<!-- This site is optimized with the Yoast SEO Premium plugin v27.3 (Yoast SEO v27.3) - https:\/\/yoast.com\/product\/yoast-seo-premium-wordpress\/ -->\n<title>Convi\u00e9rtete en colaborador - Orato<\/title>\n<meta name=\"description\" content=\"We are looking for freelancers who can reach out to those who have experienced life-altering or ground-shaking events for first-person narrative stories on our site.\" \/>\n<meta name=\"robots\" content=\"index, follow, max-snippet:-1, max-image-preview:large, max-video-preview:-1\" \/>\n<link rel=\"canonical\" href=\"https:\/\/orato.world\/es\/conviertete-en-nuestro-colaborador-2\/\" \/>\n<meta property=\"og:locale\" content=\"es_ES\" \/>\n<meta property=\"og:type\" content=\"article\" \/>\n<meta property=\"og:title\" content=\"Convi\u00e9rtete en colaborador\" \/>\n<meta property=\"og:description\" content=\"We are looking for freelancers who can reach out to those who have experienced life-altering or ground-shaking events for first-person narrative stories on our site.\" \/>\n<meta property=\"og:url\" content=\"https:\/\/orato.world\/es\/conviertete-en-nuestro-colaborador-2\/\" \/>\n<meta property=\"og:site_name\" content=\"Orato\" \/>\n<meta property=\"article:publisher\" content=\"https:\/\/www.facebook.com\/OratoWorld\/\" \/>\n<meta property=\"article:modified_time\" content=\"2023-09-05T13:02:37+00:00\" \/>\n<meta property=\"og:image\" content=\"https:\/\/orato.world\/wp-content\/uploads\/Thumb-logo-orato.png\" \/>\n\t<meta property=\"og:image:width\" content=\"381\" \/>\n\t<meta property=\"og:image:height\" content=\"186\" \/>\n\t<meta property=\"og:image:type\" content=\"image\/png\" \/>\n<meta name=\"twitter:card\" content=\"summary_large_image\" \/>\n<meta name=\"twitter:site\" content=\"@oratoworld\" \/>\n<meta name=\"twitter:label1\" content=\"Tiempo de lectura\" \/>\n\t<meta name=\"twitter:data1\" content=\"5 minutos\" \/>\n<script type=\"application\/ld+json\" class=\"yoast-schema-graph\">{\"@context\":\"https:\\\/\\\/schema.org\",\"@graph\":[{\"@type\":\"WebPage\",\"@id\":\"https:\\\/\\\/orato.world\\\/es\\\/conviertete-en-nuestro-colaborador-2\\\/\",\"url\":\"https:\\\/\\\/orato.world\\\/es\\\/conviertete-en-nuestro-colaborador-2\\\/\",\"name\":\"Convi\u00e9rtete en colaborador - Orato\",\"isPartOf\":{\"@id\":\"https:\\\/\\\/orato.world\\\/es\\\/#website\"},\"datePublished\":\"2021-08-05T03:31:24+00:00\",\"dateModified\":\"2023-09-05T13:02:37+00:00\",\"description\":\"We are looking for freelancers who can reach out to those who have experienced life-altering or ground-shaking events for first-person narrative stories on our site.\",\"breadcrumb\":{\"@id\":\"https:\\\/\\\/orato.world\\\/es\\\/conviertete-en-nuestro-colaborador-2\\\/#breadcrumb\"},\"inLanguage\":\"es\",\"potentialAction\":[{\"@type\":\"ReadAction\",\"target\":[\"https:\\\/\\\/orato.world\\\/es\\\/conviertete-en-nuestro-colaborador-2\\\/\"]}]},{\"@type\":\"BreadcrumbList\",\"@id\":\"https:\\\/\\\/orato.world\\\/es\\\/conviertete-en-nuestro-colaborador-2\\\/#breadcrumb\",\"itemListElement\":[{\"@type\":\"ListItem\",\"position\":1,\"name\":\"Home\",\"item\":\"https:\\\/\\\/orato.world\\\/es\\\/\"},{\"@type\":\"ListItem\",\"position\":2,\"name\":\"Convi\u00e9rtete en colaborador\"}]},{\"@type\":\"WebSite\",\"@id\":\"https:\\\/\\\/orato.world\\\/es\\\/#website\",\"url\":\"https:\\\/\\\/orato.world\\\/es\\\/\",\"name\":\"Orato\",\"description\":\"True Stories. Real People\",\"publisher\":{\"@id\":\"https:\\\/\\\/orato.world\\\/es\\\/#organization\"},\"potentialAction\":[{\"@type\":\"SearchAction\",\"target\":{\"@type\":\"EntryPoint\",\"urlTemplate\":\"https:\\\/\\\/orato.world\\\/es\\\/?s={search_term_string}\"},\"query-input\":{\"@type\":\"PropertyValueSpecification\",\"valueRequired\":true,\"valueName\":\"search_term_string\"}}],\"inLanguage\":\"es\"},{\"@type\":\"Organization\",\"@id\":\"https:\\\/\\\/orato.world\\\/es\\\/#organization\",\"name\":\"Orato World Media Inc.\",\"url\":\"https:\\\/\\\/orato.world\\\/es\\\/\",\"logo\":{\"@type\":\"ImageObject\",\"inLanguage\":\"es\",\"@id\":\"https:\\\/\\\/orato.world\\\/es\\\/#\\\/schema\\\/logo\\\/image\\\/\",\"url\":\"https:\\\/\\\/orato.world\\\/wp-content\\\/uploads\\\/2020\\\/07\\\/orato-logo-transparent.png\",\"contentUrl\":\"https:\\\/\\\/orato.world\\\/wp-content\\\/uploads\\\/2020\\\/07\\\/orato-logo-transparent.png\",\"width\":78,\"height\":73,\"caption\":\"Orato World Media Inc.\"},\"image\":{\"@id\":\"https:\\\/\\\/orato.world\\\/es\\\/#\\\/schema\\\/logo\\\/image\\\/\"},\"sameAs\":[\"https:\\\/\\\/www.facebook.com\\\/OratoWorld\\\/\",\"https:\\\/\\\/x.com\\\/oratoworld\",\"https:\\\/\\\/www.instagram.com\\\/oratoworld\",\"https:\\\/\\\/www.linkedin.com\\\/company\\\/42308818\\\/\"]}]}<\/script>\n<!-- \/ Yoast SEO Premium plugin. -->","yoast_head_json":{"title":"Convi\u00e9rtete en colaborador - Orato","description":"We are looking for freelancers who can reach out to those who have experienced life-altering or ground-shaking events for first-person narrative stories on our site.","robots":{"index":"index","follow":"follow","max-snippet":"max-snippet:-1","max-image-preview":"max-image-preview:large","max-video-preview":"max-video-preview:-1"},"canonical":"https:\/\/orato.world\/es\/conviertete-en-nuestro-colaborador-2\/","og_locale":"es_ES","og_type":"article","og_title":"Convi\u00e9rtete en colaborador","og_description":"We are looking for freelancers who can reach out to those who have experienced life-altering or ground-shaking events for first-person narrative stories on our site.","og_url":"https:\/\/orato.world\/es\/conviertete-en-nuestro-colaborador-2\/","og_site_name":"Orato","article_publisher":"https:\/\/www.facebook.com\/OratoWorld\/","article_modified_time":"2023-09-05T13:02:37+00:00","og_image":[{"width":381,"height":186,"url":"https:\/\/orato.world\/wp-content\/uploads\/Thumb-logo-orato.png","type":"image\/png"}],"twitter_card":"summary_large_image","twitter_site":"@oratoworld","twitter_misc":{"Tiempo de lectura":"5 minutos"},"schema":{"@context":"https:\/\/schema.org","@graph":[{"@type":"WebPage","@id":"https:\/\/orato.world\/es\/conviertete-en-nuestro-colaborador-2\/","url":"https:\/\/orato.world\/es\/conviertete-en-nuestro-colaborador-2\/","name":"Convi\u00e9rtete en colaborador - Orato","isPartOf":{"@id":"https:\/\/orato.world\/es\/#website"},"datePublished":"2021-08-05T03:31:24+00:00","dateModified":"2023-09-05T13:02:37+00:00","description":"We are looking for freelancers who can reach out to those who have experienced life-altering or ground-shaking events for first-person narrative stories on our site.","breadcrumb":{"@id":"https:\/\/orato.world\/es\/conviertete-en-nuestro-colaborador-2\/#breadcrumb"},"inLanguage":"es","potentialAction":[{"@type":"ReadAction","target":["https:\/\/orato.world\/es\/conviertete-en-nuestro-colaborador-2\/"]}]},{"@type":"BreadcrumbList","@id":"https:\/\/orato.world\/es\/conviertete-en-nuestro-colaborador-2\/#breadcrumb","itemListElement":[{"@type":"ListItem","position":1,"name":"Home","item":"https:\/\/orato.world\/es\/"},{"@type":"ListItem","position":2,"name":"Convi\u00e9rtete en colaborador"}]},{"@type":"WebSite","@id":"https:\/\/orato.world\/es\/#website","url":"https:\/\/orato.world\/es\/","name":"Orato","description":"True Stories. Real People","publisher":{"@id":"https:\/\/orato.world\/es\/#organization"},"potentialAction":[{"@type":"SearchAction","target":{"@type":"EntryPoint","urlTemplate":"https:\/\/orato.world\/es\/?s={search_term_string}"},"query-input":{"@type":"PropertyValueSpecification","valueRequired":true,"valueName":"search_term_string"}}],"inLanguage":"es"},{"@type":"Organization","@id":"https:\/\/orato.world\/es\/#organization","name":"Orato World Media Inc.","url":"https:\/\/orato.world\/es\/","logo":{"@type":"ImageObject","inLanguage":"es","@id":"https:\/\/orato.world\/es\/#\/schema\/logo\/image\/","url":"https:\/\/orato.world\/wp-content\/uploads\/2020\/07\/orato-logo-transparent.png","contentUrl":"https:\/\/orato.world\/wp-content\/uploads\/2020\/07\/orato-logo-transparent.png","width":78,"height":73,"caption":"Orato World Media Inc."},"image":{"@id":"https:\/\/orato.world\/es\/#\/schema\/logo\/image\/"},"sameAs":["https:\/\/www.facebook.com\/OratoWorld\/","https:\/\/x.com\/oratoworld","https:\/\/www.instagram.com\/oratoworld","https:\/\/www.linkedin.com\/company\/42308818\/"]}]}},"uagb_featured_image_src":{"full":false,"thumbnail":false,"medium":false,"medium_large":false,"large":false,"1536x1536":false,"2048x2048":false,"gallery-size":false,"lets-review-360-240":false,"gform-image-choice-sm":false,"gform-image-choice-md":false,"gform-image-choice-lg":false,"awsm_team":false},"uagb_author_info":{"display_name":"Aurelie Msiza","author_link":"https:\/\/orato.world\/es\/author\/aurelie-msiza\/"},"uagb_comment_info":0,"uagb_excerpt":"TODO LO QUE NECESITAS SABER PARA SER COLABORADOR DE ORATO Orato busca periodistas y fot\u00f3grafos de todo el mundo que quieran publicar en una plataforma global y cobrar por captar historias reales sobre personas reales. Si est\u00e1s interesado en crear contenido que sea relatado en primera persona y que arroje luz sobre eventos mundiales y&hellip;","_links":{"self":[{"href":"https:\/\/orato.world\/es\/wp-json\/wp\/v2\/pages\/30792","targetHints":{"allow":["GET"]}}],"collection":[{"href":"https:\/\/orato.world\/es\/wp-json\/wp\/v2\/pages"}],"about":[{"href":"https:\/\/orato.world\/es\/wp-json\/wp\/v2\/types\/page"}],"author":[{"embeddable":true,"href":"https:\/\/orato.world\/es\/wp-json\/wp\/v2\/users\/70"}],"replies":[{"embeddable":true,"href":"https:\/\/orato.world\/es\/wp-json\/wp\/v2\/comments?post=30792"}],"version-history":[{"count":3,"href":"https:\/\/orato.world\/es\/wp-json\/wp\/v2\/pages\/30792\/revisions"}],"predecessor-version":[{"id":78931,"href":"https:\/\/orato.world\/es\/wp-json\/wp\/v2\/pages\/30792\/revisions\/78931"}],"wp:attachment":[{"href":"https:\/\/orato.world\/es\/wp-json\/wp\/v2\/media?parent=30792"}],"curies":[{"name":"wp","href":"https:\/\/api.w.org\/{rel}","templated":true}]}}