{"id":37525,"date":"2018-06-02T14:51:29","date_gmt":"2018-06-02T21:51:29","guid":{"rendered":"https:\/\/orato.world\/37525-2\/"},"modified":"2022-05-30T02:17:36","modified_gmt":"2022-05-30T09:17:36","slug":"es-mobile","status":"publish","type":"page","link":"https:\/\/orato.world\/es\/es-mobile\/","title":{"rendered":"Mobile Homepage"},"content":{"rendered":"<p>TENDENCIA DE LOS TEMAS: <span style=\"color: inherit;\"><a href=\"https:\/\/orato.world\/es\/tag\/afghanistan-es\/\" rel=\"\"><span style=\"font-family: Lato, sans-serif\">AFGHANISTAN<\/span><\/a><span style=\"font-family: Lato, sans-serif\"> <\/span><\/span><span style=\"color: #4d5156\"><span style=\"background-color: #ffffff\"><span style=\"font-family: arial, sans-serif\">&nbsp;| <\/span><\/span><\/span><span style=\"color: inherit;\"><a href=\"https:\/\/orato.world\/es\/tag\/cambio-climatico\/\" rel=\"\"><span style=\"font-family: Lato, sans-serif\">CAMBIO CLIM\u00c1TICO<\/span><\/a><span style=\"font-family: Lato, sans-serif\"> <\/span><\/span><span style=\"color: #4d5156\"><span style=\"background-color: #ffffff\"><span style=\"font-family: arial, sans-serif\">&nbsp;| <\/span><\/span><\/span><span style=\"color: inherit;\"><a href=\"https:\/\/orato.world\/es\/tag\/covid-19-es\/\" rel=\"\"><span style=\"font-family: Lato, sans-serif\">COVID-19<\/span><\/a><span style=\"font-family: Lato, sans-serif\"> <\/span><\/span><span style=\"color: #4d5156\"><span style=\"background-color: #ffffff\"><span style=\"font-family: arial, sans-serif\">&nbsp;| <\/span><\/span><\/span><span style=\"color: inherit;\"><a href=\"https:\/\/orato.world\/es\/tag\/discapacidad-es-2\/\" rel=\"\"><span style=\"font-family: Lato, sans-serif\">DISCAPACIDAD<\/span><\/a><span style=\"font-family: Lato, sans-serif\"> <\/span><\/span><span style=\"color: #4d5156\"><span style=\"background-color: #ffffff\"><span style=\"font-family: arial, sans-serif\">&nbsp;| <\/span><\/span><\/span><span style=\"color: inherit;\"><a href=\"https:\/\/orato.world\/es\/tag\/heroes-es\/\" rel=\"\"><span style=\"font-family: Lato, sans-serif\">H\u00c9ROES<\/span><\/a><span style=\"font-family: Lato, sans-serif\"> <\/span><\/span><span style=\"color: #4d5156\"><span style=\"background-color: #ffffff\"><span style=\"font-family: arial, sans-serif\">&nbsp;| <\/span><\/span><\/span><span style=\"color: inherit;\"><a href=\"https:\/\/orato.world\/es\/tag\/ucrania-rusia\/\" rel=\"\"><span style=\"font-family: Lato, sans-serif\">UCRANIA-RUSIA<\/span><\/a><\/span><\/p>\n<h3 style=\"text-align: center;\"><span style=\"color: #cc4125;\"><a href=\"https:\/\/orato.world\/es\/norte-america\/\" target=\"_blank\" rel=\"noopener noreferrer\"><span style=\"font-size: 20px\">Norte Am\u00e9rica<\/span><\/a><\/span><\/h3>\n<p><img decoding=\"async\" src=\"https:\/\/orato.world\/wp-content\/uploads\/Lato-Bold.png\"><\/p>\n<p>SUBCRIBIR<\/p>\n","protected":false},"excerpt":{"rendered":"<p>TENDENCIA DE LOS TEMAS: AFGHANISTAN &nbsp;| CAMBIO CLIM\u00c1TICO &nbsp;| COVID-19 &nbsp;| DISCAPACIDAD &nbsp;| H\u00c9ROES &nbsp;| UCRANIA-RUSIA Norte Am\u00e9rica SUBCRIBIR<\/p>\n","protected":false},"author":70,"featured_media":0,"parent":0,"menu_order":0,"comment_status":"closed","ping_status":"closed","template":"","meta":{"_acf_changed":false,"_uag_custom_page_level_css":"","_lmt_disableupdate":"","_lmt_disable":"","footnotes":""},"class_list":["post-37525","page","type-page","status-publish","hentry"],"acf":[],"yoast_head":"<!-- This site is optimized with the Yoast SEO Premium plugin v27.4 (Yoast SEO v27.4) - https:\/\/yoast.com\/product\/yoast-seo-premium-wordpress\/ -->\n<title>Mobile Homepage - Orato<\/title>\n<meta name=\"description\" content=\"We are looking for freelancers who can reach out to those who have experienced life-altering or ground-shaking events for first-person narrative stories on our site.\" \/>\n<meta name=\"robots\" content=\"index, follow, max-snippet:-1, max-image-preview:large, max-video-preview:-1\" \/>\n<link rel=\"canonical\" href=\"https:\/\/orato.world\/es\/es-mobile\/\" \/>\n<meta property=\"og:locale\" content=\"es_ES\" \/>\n<meta property=\"og:type\" content=\"article\" \/>\n<meta property=\"og:title\" content=\"Mobile Homepage\" \/>\n<meta property=\"og:description\" content=\"We are looking for freelancers who can reach out to those who have experienced life-altering or ground-shaking events for first-person narrative stories on our site.\" \/>\n<meta property=\"og:url\" content=\"https:\/\/orato.world\/es\/es-mobile\/\" \/>\n<meta property=\"og:site_name\" content=\"Orato\" \/>\n<meta property=\"article:publisher\" content=\"https:\/\/www.facebook.com\/OratoWorld\/\" \/>\n<meta property=\"article:modified_time\" content=\"2022-05-30T09:17:36+00:00\" \/>\n<meta property=\"og:image\" content=\"https:\/\/orato.world\/wp-content\/uploads\/Lato-Bold.png\" \/>\n<meta name=\"twitter:card\" content=\"summary_large_image\" \/>\n<meta name=\"twitter:site\" content=\"@oratoworld\" \/>\n<meta name=\"twitter:label1\" content=\"Tiempo de lectura\" \/>\n\t<meta name=\"twitter:data1\" content=\"1 minuto\" \/>\n<script type=\"application\/ld+json\" class=\"yoast-schema-graph\">{\"@context\":\"https:\\\/\\\/schema.org\",\"@graph\":[{\"@type\":\"WebPage\",\"@id\":\"https:\\\/\\\/orato.world\\\/es\\\/es-mobile\\\/\",\"url\":\"https:\\\/\\\/orato.world\\\/es\\\/es-mobile\\\/\",\"name\":\"Mobile Homepage - Orato\",\"isPartOf\":{\"@id\":\"https:\\\/\\\/orato.world\\\/es\\\/#website\"},\"primaryImageOfPage\":{\"@id\":\"https:\\\/\\\/orato.world\\\/es\\\/es-mobile\\\/#primaryimage\"},\"image\":{\"@id\":\"https:\\\/\\\/orato.world\\\/es\\\/es-mobile\\\/#primaryimage\"},\"thumbnailUrl\":\"https:\\\/\\\/orato.world\\\/wp-content\\\/uploads\\\/Lato-Bold.png\",\"datePublished\":\"2018-06-02T21:51:29+00:00\",\"dateModified\":\"2022-05-30T09:17:36+00:00\",\"description\":\"We are looking for freelancers who can reach out to those who have experienced life-altering or ground-shaking events for first-person narrative stories on our site.\",\"breadcrumb\":{\"@id\":\"https:\\\/\\\/orato.world\\\/es\\\/es-mobile\\\/#breadcrumb\"},\"inLanguage\":\"es\",\"potentialAction\":[{\"@type\":\"ReadAction\",\"target\":[\"https:\\\/\\\/orato.world\\\/es\\\/es-mobile\\\/\"]}]},{\"@type\":\"ImageObject\",\"inLanguage\":\"es\",\"@id\":\"https:\\\/\\\/orato.world\\\/es\\\/es-mobile\\\/#primaryimage\",\"url\":\"https:\\\/\\\/orato.world\\\/wp-content\\\/uploads\\\/Lato-Bold.png\",\"contentUrl\":\"https:\\\/\\\/orato.world\\\/wp-content\\\/uploads\\\/Lato-Bold.png\"},{\"@type\":\"BreadcrumbList\",\"@id\":\"https:\\\/\\\/orato.world\\\/es\\\/es-mobile\\\/#breadcrumb\",\"itemListElement\":[{\"@type\":\"ListItem\",\"position\":1,\"name\":\"Home\",\"item\":\"https:\\\/\\\/orato.world\\\/es\\\/\"},{\"@type\":\"ListItem\",\"position\":2,\"name\":\"Mobile Homepage\"}]},{\"@type\":\"WebSite\",\"@id\":\"https:\\\/\\\/orato.world\\\/es\\\/#website\",\"url\":\"https:\\\/\\\/orato.world\\\/es\\\/\",\"name\":\"Orato\",\"description\":\"True Stories. Real People\",\"publisher\":{\"@id\":\"https:\\\/\\\/orato.world\\\/es\\\/#organization\"},\"potentialAction\":[{\"@type\":\"SearchAction\",\"target\":{\"@type\":\"EntryPoint\",\"urlTemplate\":\"https:\\\/\\\/orato.world\\\/es\\\/?s={search_term_string}\"},\"query-input\":{\"@type\":\"PropertyValueSpecification\",\"valueRequired\":true,\"valueName\":\"search_term_string\"}}],\"inLanguage\":\"es\"},{\"@type\":\"Organization\",\"@id\":\"https:\\\/\\\/orato.world\\\/es\\\/#organization\",\"name\":\"Orato World Media Inc.\",\"url\":\"https:\\\/\\\/orato.world\\\/es\\\/\",\"logo\":{\"@type\":\"ImageObject\",\"inLanguage\":\"es\",\"@id\":\"https:\\\/\\\/orato.world\\\/es\\\/#\\\/schema\\\/logo\\\/image\\\/\",\"url\":\"https:\\\/\\\/orato.world\\\/wp-content\\\/uploads\\\/2020\\\/07\\\/orato-logo-transparent.png\",\"contentUrl\":\"https:\\\/\\\/orato.world\\\/wp-content\\\/uploads\\\/2020\\\/07\\\/orato-logo-transparent.png\",\"width\":78,\"height\":73,\"caption\":\"Orato World Media Inc.\"},\"image\":{\"@id\":\"https:\\\/\\\/orato.world\\\/es\\\/#\\\/schema\\\/logo\\\/image\\\/\"},\"sameAs\":[\"https:\\\/\\\/www.facebook.com\\\/OratoWorld\\\/\",\"https:\\\/\\\/x.com\\\/oratoworld\",\"https:\\\/\\\/www.instagram.com\\\/oratoworld\",\"https:\\\/\\\/www.linkedin.com\\\/company\\\/42308818\\\/\"]}]}<\/script>\n<!-- \/ Yoast SEO Premium plugin. -->","yoast_head_json":{"title":"Mobile Homepage - Orato","description":"We are looking for freelancers who can reach out to those who have experienced life-altering or ground-shaking events for first-person narrative stories on our site.","robots":{"index":"index","follow":"follow","max-snippet":"max-snippet:-1","max-image-preview":"max-image-preview:large","max-video-preview":"max-video-preview:-1"},"canonical":"https:\/\/orato.world\/es\/es-mobile\/","og_locale":"es_ES","og_type":"article","og_title":"Mobile Homepage","og_description":"We are looking for freelancers who can reach out to those who have experienced life-altering or ground-shaking events for first-person narrative stories on our site.","og_url":"https:\/\/orato.world\/es\/es-mobile\/","og_site_name":"Orato","article_publisher":"https:\/\/www.facebook.com\/OratoWorld\/","article_modified_time":"2022-05-30T09:17:36+00:00","og_image":[{"url":"https:\/\/orato.world\/wp-content\/uploads\/Lato-Bold.png","type":"","width":"","height":""}],"twitter_card":"summary_large_image","twitter_site":"@oratoworld","twitter_misc":{"Tiempo de lectura":"1 minuto"},"schema":{"@context":"https:\/\/schema.org","@graph":[{"@type":"WebPage","@id":"https:\/\/orato.world\/es\/es-mobile\/","url":"https:\/\/orato.world\/es\/es-mobile\/","name":"Mobile Homepage - Orato","isPartOf":{"@id":"https:\/\/orato.world\/es\/#website"},"primaryImageOfPage":{"@id":"https:\/\/orato.world\/es\/es-mobile\/#primaryimage"},"image":{"@id":"https:\/\/orato.world\/es\/es-mobile\/#primaryimage"},"thumbnailUrl":"https:\/\/orato.world\/wp-content\/uploads\/Lato-Bold.png","datePublished":"2018-06-02T21:51:29+00:00","dateModified":"2022-05-30T09:17:36+00:00","description":"We are looking for freelancers who can reach out to those who have experienced life-altering or ground-shaking events for first-person narrative stories on our site.","breadcrumb":{"@id":"https:\/\/orato.world\/es\/es-mobile\/#breadcrumb"},"inLanguage":"es","potentialAction":[{"@type":"ReadAction","target":["https:\/\/orato.world\/es\/es-mobile\/"]}]},{"@type":"ImageObject","inLanguage":"es","@id":"https:\/\/orato.world\/es\/es-mobile\/#primaryimage","url":"https:\/\/orato.world\/wp-content\/uploads\/Lato-Bold.png","contentUrl":"https:\/\/orato.world\/wp-content\/uploads\/Lato-Bold.png"},{"@type":"BreadcrumbList","@id":"https:\/\/orato.world\/es\/es-mobile\/#breadcrumb","itemListElement":[{"@type":"ListItem","position":1,"name":"Home","item":"https:\/\/orato.world\/es\/"},{"@type":"ListItem","position":2,"name":"Mobile Homepage"}]},{"@type":"WebSite","@id":"https:\/\/orato.world\/es\/#website","url":"https:\/\/orato.world\/es\/","name":"Orato","description":"True Stories. Real People","publisher":{"@id":"https:\/\/orato.world\/es\/#organization"},"potentialAction":[{"@type":"SearchAction","target":{"@type":"EntryPoint","urlTemplate":"https:\/\/orato.world\/es\/?s={search_term_string}"},"query-input":{"@type":"PropertyValueSpecification","valueRequired":true,"valueName":"search_term_string"}}],"inLanguage":"es"},{"@type":"Organization","@id":"https:\/\/orato.world\/es\/#organization","name":"Orato World Media Inc.","url":"https:\/\/orato.world\/es\/","logo":{"@type":"ImageObject","inLanguage":"es","@id":"https:\/\/orato.world\/es\/#\/schema\/logo\/image\/","url":"https:\/\/orato.world\/wp-content\/uploads\/2020\/07\/orato-logo-transparent.png","contentUrl":"https:\/\/orato.world\/wp-content\/uploads\/2020\/07\/orato-logo-transparent.png","width":78,"height":73,"caption":"Orato World Media Inc."},"image":{"@id":"https:\/\/orato.world\/es\/#\/schema\/logo\/image\/"},"sameAs":["https:\/\/www.facebook.com\/OratoWorld\/","https:\/\/x.com\/oratoworld","https:\/\/www.instagram.com\/oratoworld","https:\/\/www.linkedin.com\/company\/42308818\/"]}]}},"uagb_featured_image_src":{"full":false,"thumbnail":false,"medium":false,"medium_large":false,"large":false,"1536x1536":false,"2048x2048":false,"gallery-size":false,"lets-review-360-240":false,"gform-image-choice-sm":false,"gform-image-choice-md":false,"gform-image-choice-lg":false,"awsm_team":false},"uagb_author_info":{"display_name":"Aurelie Msiza","author_link":"https:\/\/orato.world\/es\/author\/aurelie-msiza\/"},"uagb_comment_info":0,"uagb_excerpt":"TENDENCIA DE LOS TEMAS: AFGHANISTAN &nbsp;| CAMBIO CLIM\u00c1TICO &nbsp;| COVID-19 &nbsp;| DISCAPACIDAD &nbsp;| H\u00c9ROES &nbsp;| UCRANIA-RUSIA Norte Am\u00e9rica SUBCRIBIR","_links":{"self":[{"href":"https:\/\/orato.world\/es\/wp-json\/wp\/v2\/pages\/37525","targetHints":{"allow":["GET"]}}],"collection":[{"href":"https:\/\/orato.world\/es\/wp-json\/wp\/v2\/pages"}],"about":[{"href":"https:\/\/orato.world\/es\/wp-json\/wp\/v2\/types\/page"}],"author":[{"embeddable":true,"href":"https:\/\/orato.world\/es\/wp-json\/wp\/v2\/users\/70"}],"replies":[{"embeddable":true,"href":"https:\/\/orato.world\/es\/wp-json\/wp\/v2\/comments?post=37525"}],"version-history":[{"count":0,"href":"https:\/\/orato.world\/es\/wp-json\/wp\/v2\/pages\/37525\/revisions"}],"wp:attachment":[{"href":"https:\/\/orato.world\/es\/wp-json\/wp\/v2\/media?parent=37525"}],"curies":[{"name":"wp","href":"https:\/\/api.w.org\/{rel}","templated":true}]}}