{"id":4326,"date":"2020-06-26T21:23:21","date_gmt":"2020-06-27T04:23:21","guid":{"rendered":"https:\/\/orato.world\/solicitar-una-historia\/"},"modified":"2022-01-18T08:15:21","modified_gmt":"2022-01-18T16:15:21","slug":"solicitar-una-historia","status":"publish","type":"page","link":"https:\/\/orato.world\/es\/solicitar-una-historia\/","title":{"rendered":"Solicitar una historia"},"content":{"rendered":"\n<p><\/p>\n\n\n\n<p><strong>Te pedimos que solo solicites una historia a la vez y que esperes a que se publique antes de pedir otra.<\/strong><\/p>\n\n\n\n<p>Si encuentras una historia actual de tu inter\u00e9s y conoces a alguien que estuvo involucrado en el evento, fue un testigo ocular o v\u00edctima de ese suceso y puede proporcionar un relato en primera persona, haz clic para m\u00e1s detalles.<\/p>\n\n\n\n<p>Puedes utilizar las herramientas de b\u00fasqueda y clasificaci\u00f3n dentro del formulario incrustado para limitar tu enfoque. Tambi\u00e9n puedes utilizar la herramienta \u2018Filtro\u2019 para restringir los resultados por pa\u00eds.<\/p>\n\n\n\n<p>Cuando decidas solicitar una historia en particular, haz clic en el bot\u00f3n \u201cSolicitar historia\u201d para hacernos saber que est\u00e1s interesado en desarrollarla y recibir\u00e1s  una aprobaci\u00f3n y contrato para producir tal historia, la cual ser\u00e1  remunerada en base a nuestras tarifas Orato.<\/p>\n\n\n\n<p>Dentro del correo electr\u00f3nico, debes incluir tus capacidades para producir la historia, proporcionar enlaces sobre la informaci\u00f3n de contexto y brindar la biograf\u00eda o contacto de redes sociales.<\/p>\n\n\n\n<p>Estamos buscando periodistas freelance que puedan contactar a la persona o personas mencionadas en cada enlace de historias de  inter\u00e9s, alguien que haya experimentado un suceso similar a la historia sugerida o que est\u00e9 vinculado con el tema de la historia para una narraci\u00f3n en primera persona.<\/p>\n\n\n\n<p>Usted ser\u00e1 responsable de verificar los hechos, investigar y escribir el borrador de la historia, confirmar la identidad del protagonista de la entrevista, obtener la declaraci\u00f3n legal que confirme la exactitud del relato y proporcionar los recursos multimedia complementarios (como fotograf\u00edas, videos o clips de audio).<\/p>\n\n\n\n<ul class=\"wp-block-list\"><li><strong>Las historias de extensi\u00f3n normal (500 palabras m\u00ednimo) pagan $ 25 USD *<\/strong><\/li><li><strong>Las historias de formato largo (2000 palabras como m\u00ednimo) pagan $ 100 USD *<\/strong><\/li><\/ul>\n\n\n\n<p>*Escala salarial abierta a negociaci\u00f3n seg\u00fan el tiempo de trabajo y el alcance potencial del tem\u00e1tica. Los colaboradores freelance en Canad\u00e1 recibir\u00e1n el pago en fondos canadienses y a los dem\u00e1s en d\u00f3lares estadounidenses.<\/p>\n\n\n\n<p>Los pagos a nuestros colaboradores freelance  se realizan mediante una transferencia electr\u00f3nica en la plataforma de pago conocida como PayPal, una vez que un editor publique el trabajo.<\/p>\n\n\n\n<p>Si escribes en un idioma nativo que no sea el ingl\u00e9s, tenemos historias espec\u00edficas del idioma disponibles en el men\u00fa desplegable de idiomas en la parte de arriba.<\/p>\n\n\n\n<p>Antes de intentar reclamar una historia haciendo clic en el bot\u00f3n \u00abSolicitar historia\u00bb dentro de la vista de detalles, aseg\u00farate de tener configurado <a href=\"https:\/\/support.procore.com\/faq\/how-do-i-change-my-web-browsers-default-email-client-for-mailto-links\" target=\"_blank\" rel=\"noreferrer noopener\">el manejo de correo electr\u00f3nico<\/a> en tu computadora.<\/p>\n\n\n\n<div class=\"wp-block-group\"><div class=\"wp-block-group__inner-container is-layout-flow wp-block-group-is-layout-flow\"><\/div><\/div>\n\n\n\n<iframe loading=\"lazy\" class=\"airtable-embed\" src=\"https:\/\/airtable.com\/embed\/shr6JIRDhImKLPmGd?backgroundColor=orange&amp;viewControls=on\" frameborder=\"0\" onmousewheel=\"\" width=\"100%\" height=\"533\" style=\"background: transparent; border: 1px solid #ccc;\"><\/iframe>\n\n\n\n<h2 class=\"wp-block-heading\" id=\"h-quieres-recibir-notificaciones-sobre-nuevas-historias-disponibles\">\u00bfQuieres recibir notificaciones sobre nuevas historias disponibles?<\/h2>\n\n\n\n<p id=\"block-f243afe3-6b57-4996-be39-5a4078215691\">Estamos armando una lista de colaboradores Orato que des\u00e9en recibir notificaci\u00f3nes cada vez que se agreguen nuevas historias a nuestras pagin\u00e1 web, ya sea en <a href=\"https:\/\/wordpress-430582-1744343.cloudwaysapps.com\/es\/solicitar-una-historia\/\">ingl\u00e9s<\/a> o <a href=\"https:\/\/wordpress-430582-1744343.cloudwaysapps.com\/es\/solicitar-una-historia\/\">espa\u00f1ol<\/a>.<\/p>\n\n\n\n<p id=\"block-aba95b5e-2781-4f13-98a5-7d1faa1bcb22\">Para convertirte en un colaborador Orato, deber\u00e1s <a href=\"https:\/\/airtable.com\/shrL3A99x9WutQEUm\" target=\"_blank\" rel=\"noreferrer noopener\">completar nuestra evaluaci\u00f3n independiente<\/a> o tendr\u00e1s que tener historias publicadas en nuestro sitio web.<\/p>\n\n\n\n<p id=\"block-4c10f695-beac-440a-982b-a2694db7feaf\">Puedes utilizar el siguiente formulario para registrarte ahora.<\/p>\n\n\n\n<script src=\"https:\/\/static.airtable.com\/js\/embed\/embed_snippet_v1.js\"><\/script><iframe loading=\"lazy\" class=\"airtable-embed airtable-dynamic-height\" src=\"https:\/\/airtable.com\/embed\/shr0o9KAwvpw9EX9h?backgroundColor=orange\" onmousewheel=\"\" style=\"background: transparent; border: 1px solid #ccc;\" width=\"100%\" height=\"1452\" frameborder=\"0\"><\/iframe>\n\n\n\n<p><\/p>\n","protected":false},"excerpt":{"rendered":"<p>Te pedimos que solo solicites una historia a la vez y que esperes a que se publique antes de pedir otra. Si encuentras una historia actual de tu inter\u00e9s y conoces a alguien que estuvo involucrado en el evento, fue un testigo ocular o v\u00edctima de ese suceso y puede proporcionar un relato en primera [&hellip;]<\/p>\n","protected":false},"author":11,"featured_media":4328,"parent":0,"menu_order":0,"comment_status":"closed","ping_status":"closed","template":"","meta":{"_acf_changed":false,"_uag_custom_page_level_css":"","_lmt_disableupdate":"no","_lmt_disable":"no","footnotes":""},"class_list":["post-4326","page","type-page","status-publish","has-post-thumbnail","hentry"],"acf":[],"yoast_head":"<!-- This site is optimized with the Yoast SEO Premium plugin v27.4 (Yoast SEO v27.4) - https:\/\/yoast.com\/product\/yoast-seo-premium-wordpress\/ -->\n<title>Solicitar una historia - Orato<\/title>\n<meta name=\"description\" content=\"We are looking for freelancers who can reach out to those who have experienced life-altering or ground-shaking events for first-person narrative stories on our site.\" \/>\n<meta name=\"robots\" content=\"index, follow, max-snippet:-1, max-image-preview:large, max-video-preview:-1\" \/>\n<link rel=\"canonical\" href=\"https:\/\/orato.world\/es\/solicitar-una-historia\/\" \/>\n<meta property=\"og:locale\" content=\"es_ES\" \/>\n<meta property=\"og:type\" content=\"article\" \/>\n<meta property=\"og:title\" content=\"Solicitar una historia\" \/>\n<meta property=\"og:description\" content=\"We are looking for freelancers who can reach out to those who have experienced life-altering or ground-shaking events for first-person narrative stories on our site.\" \/>\n<meta property=\"og:url\" content=\"https:\/\/orato.world\/es\/solicitar-una-historia\/\" \/>\n<meta property=\"og:site_name\" content=\"Orato\" \/>\n<meta property=\"article:publisher\" content=\"https:\/\/www.facebook.com\/OratoWorld\/\" \/>\n<meta property=\"article:modified_time\" content=\"2022-01-18T16:15:21+00:00\" \/>\n<meta property=\"og:image\" content=\"https:\/\/orato.world\/wp-content\/uploads\/thought-catalog-505eectW54k-unsplash-scaled.jpg\" \/>\n\t<meta property=\"og:image:width\" content=\"2560\" \/>\n\t<meta property=\"og:image:height\" content=\"1707\" \/>\n\t<meta property=\"og:image:type\" content=\"image\/jpeg\" \/>\n<meta name=\"twitter:card\" content=\"summary_large_image\" \/>\n<meta name=\"twitter:site\" content=\"@oratoworld\" \/>\n<meta name=\"twitter:label1\" content=\"Tiempo de lectura\" \/>\n\t<meta name=\"twitter:data1\" content=\"3 minutos\" \/>\n<script type=\"application\/ld+json\" class=\"yoast-schema-graph\">{\"@context\":\"https:\\\/\\\/schema.org\",\"@graph\":[{\"@type\":\"WebPage\",\"@id\":\"https:\\\/\\\/orato.world\\\/es\\\/solicitar-una-historia\\\/\",\"url\":\"https:\\\/\\\/orato.world\\\/es\\\/solicitar-una-historia\\\/\",\"name\":\"Solicitar una historia - Orato\",\"isPartOf\":{\"@id\":\"https:\\\/\\\/orato.world\\\/es\\\/#website\"},\"primaryImageOfPage\":{\"@id\":\"https:\\\/\\\/orato.world\\\/es\\\/solicitar-una-historia\\\/#primaryimage\"},\"image\":{\"@id\":\"https:\\\/\\\/orato.world\\\/es\\\/solicitar-una-historia\\\/#primaryimage\"},\"thumbnailUrl\":\"https:\\\/\\\/orato.world\\\/wp-content\\\/uploads\\\/thought-catalog-505eectW54k-unsplash-scaled.jpg\",\"datePublished\":\"2020-06-27T04:23:21+00:00\",\"dateModified\":\"2022-01-18T16:15:21+00:00\",\"description\":\"We are looking for freelancers who can reach out to those who have experienced life-altering or ground-shaking events for first-person narrative stories on our site.\",\"breadcrumb\":{\"@id\":\"https:\\\/\\\/orato.world\\\/es\\\/solicitar-una-historia\\\/#breadcrumb\"},\"inLanguage\":\"es\",\"potentialAction\":[{\"@type\":\"ReadAction\",\"target\":[\"https:\\\/\\\/orato.world\\\/es\\\/solicitar-una-historia\\\/\"]}]},{\"@type\":\"ImageObject\",\"inLanguage\":\"es\",\"@id\":\"https:\\\/\\\/orato.world\\\/es\\\/solicitar-una-historia\\\/#primaryimage\",\"url\":\"https:\\\/\\\/orato.world\\\/wp-content\\\/uploads\\\/thought-catalog-505eectW54k-unsplash-scaled.jpg\",\"contentUrl\":\"https:\\\/\\\/orato.world\\\/wp-content\\\/uploads\\\/thought-catalog-505eectW54k-unsplash-scaled.jpg\",\"width\":2560,\"height\":1707,\"caption\":\"Photo by Thought Catalog on Unsplash\"},{\"@type\":\"BreadcrumbList\",\"@id\":\"https:\\\/\\\/orato.world\\\/es\\\/solicitar-una-historia\\\/#breadcrumb\",\"itemListElement\":[{\"@type\":\"ListItem\",\"position\":1,\"name\":\"Home\",\"item\":\"https:\\\/\\\/orato.world\\\/es\\\/\"},{\"@type\":\"ListItem\",\"position\":2,\"name\":\"Solicitar una historia\"}]},{\"@type\":\"WebSite\",\"@id\":\"https:\\\/\\\/orato.world\\\/es\\\/#website\",\"url\":\"https:\\\/\\\/orato.world\\\/es\\\/\",\"name\":\"Orato\",\"description\":\"True Stories. Real People\",\"publisher\":{\"@id\":\"https:\\\/\\\/orato.world\\\/es\\\/#organization\"},\"potentialAction\":[{\"@type\":\"SearchAction\",\"target\":{\"@type\":\"EntryPoint\",\"urlTemplate\":\"https:\\\/\\\/orato.world\\\/es\\\/?s={search_term_string}\"},\"query-input\":{\"@type\":\"PropertyValueSpecification\",\"valueRequired\":true,\"valueName\":\"search_term_string\"}}],\"inLanguage\":\"es\"},{\"@type\":\"Organization\",\"@id\":\"https:\\\/\\\/orato.world\\\/es\\\/#organization\",\"name\":\"Orato World Media Inc.\",\"url\":\"https:\\\/\\\/orato.world\\\/es\\\/\",\"logo\":{\"@type\":\"ImageObject\",\"inLanguage\":\"es\",\"@id\":\"https:\\\/\\\/orato.world\\\/es\\\/#\\\/schema\\\/logo\\\/image\\\/\",\"url\":\"https:\\\/\\\/orato.world\\\/wp-content\\\/uploads\\\/2020\\\/07\\\/orato-logo-transparent.png\",\"contentUrl\":\"https:\\\/\\\/orato.world\\\/wp-content\\\/uploads\\\/2020\\\/07\\\/orato-logo-transparent.png\",\"width\":78,\"height\":73,\"caption\":\"Orato World Media Inc.\"},\"image\":{\"@id\":\"https:\\\/\\\/orato.world\\\/es\\\/#\\\/schema\\\/logo\\\/image\\\/\"},\"sameAs\":[\"https:\\\/\\\/www.facebook.com\\\/OratoWorld\\\/\",\"https:\\\/\\\/x.com\\\/oratoworld\",\"https:\\\/\\\/www.instagram.com\\\/oratoworld\",\"https:\\\/\\\/www.linkedin.com\\\/company\\\/42308818\\\/\"]}]}<\/script>\n<!-- \/ Yoast SEO Premium plugin. -->","yoast_head_json":{"title":"Solicitar una historia - Orato","description":"We are looking for freelancers who can reach out to those who have experienced life-altering or ground-shaking events for first-person narrative stories on our site.","robots":{"index":"index","follow":"follow","max-snippet":"max-snippet:-1","max-image-preview":"max-image-preview:large","max-video-preview":"max-video-preview:-1"},"canonical":"https:\/\/orato.world\/es\/solicitar-una-historia\/","og_locale":"es_ES","og_type":"article","og_title":"Solicitar una historia","og_description":"We are looking for freelancers who can reach out to those who have experienced life-altering or ground-shaking events for first-person narrative stories on our site.","og_url":"https:\/\/orato.world\/es\/solicitar-una-historia\/","og_site_name":"Orato","article_publisher":"https:\/\/www.facebook.com\/OratoWorld\/","article_modified_time":"2022-01-18T16:15:21+00:00","og_image":[{"width":2560,"height":1707,"url":"https:\/\/orato.world\/wp-content\/uploads\/thought-catalog-505eectW54k-unsplash-scaled.jpg","type":"image\/jpeg"}],"twitter_card":"summary_large_image","twitter_site":"@oratoworld","twitter_misc":{"Tiempo de lectura":"3 minutos"},"schema":{"@context":"https:\/\/schema.org","@graph":[{"@type":"WebPage","@id":"https:\/\/orato.world\/es\/solicitar-una-historia\/","url":"https:\/\/orato.world\/es\/solicitar-una-historia\/","name":"Solicitar una historia - Orato","isPartOf":{"@id":"https:\/\/orato.world\/es\/#website"},"primaryImageOfPage":{"@id":"https:\/\/orato.world\/es\/solicitar-una-historia\/#primaryimage"},"image":{"@id":"https:\/\/orato.world\/es\/solicitar-una-historia\/#primaryimage"},"thumbnailUrl":"https:\/\/orato.world\/wp-content\/uploads\/thought-catalog-505eectW54k-unsplash-scaled.jpg","datePublished":"2020-06-27T04:23:21+00:00","dateModified":"2022-01-18T16:15:21+00:00","description":"We are looking for freelancers who can reach out to those who have experienced life-altering or ground-shaking events for first-person narrative stories on our site.","breadcrumb":{"@id":"https:\/\/orato.world\/es\/solicitar-una-historia\/#breadcrumb"},"inLanguage":"es","potentialAction":[{"@type":"ReadAction","target":["https:\/\/orato.world\/es\/solicitar-una-historia\/"]}]},{"@type":"ImageObject","inLanguage":"es","@id":"https:\/\/orato.world\/es\/solicitar-una-historia\/#primaryimage","url":"https:\/\/orato.world\/wp-content\/uploads\/thought-catalog-505eectW54k-unsplash-scaled.jpg","contentUrl":"https:\/\/orato.world\/wp-content\/uploads\/thought-catalog-505eectW54k-unsplash-scaled.jpg","width":2560,"height":1707,"caption":"Photo by Thought Catalog on Unsplash"},{"@type":"BreadcrumbList","@id":"https:\/\/orato.world\/es\/solicitar-una-historia\/#breadcrumb","itemListElement":[{"@type":"ListItem","position":1,"name":"Home","item":"https:\/\/orato.world\/es\/"},{"@type":"ListItem","position":2,"name":"Solicitar una historia"}]},{"@type":"WebSite","@id":"https:\/\/orato.world\/es\/#website","url":"https:\/\/orato.world\/es\/","name":"Orato","description":"True Stories. Real People","publisher":{"@id":"https:\/\/orato.world\/es\/#organization"},"potentialAction":[{"@type":"SearchAction","target":{"@type":"EntryPoint","urlTemplate":"https:\/\/orato.world\/es\/?s={search_term_string}"},"query-input":{"@type":"PropertyValueSpecification","valueRequired":true,"valueName":"search_term_string"}}],"inLanguage":"es"},{"@type":"Organization","@id":"https:\/\/orato.world\/es\/#organization","name":"Orato World Media Inc.","url":"https:\/\/orato.world\/es\/","logo":{"@type":"ImageObject","inLanguage":"es","@id":"https:\/\/orato.world\/es\/#\/schema\/logo\/image\/","url":"https:\/\/orato.world\/wp-content\/uploads\/2020\/07\/orato-logo-transparent.png","contentUrl":"https:\/\/orato.world\/wp-content\/uploads\/2020\/07\/orato-logo-transparent.png","width":78,"height":73,"caption":"Orato World Media Inc."},"image":{"@id":"https:\/\/orato.world\/es\/#\/schema\/logo\/image\/"},"sameAs":["https:\/\/www.facebook.com\/OratoWorld\/","https:\/\/x.com\/oratoworld","https:\/\/www.instagram.com\/oratoworld","https:\/\/www.linkedin.com\/company\/42308818\/"]}]}},"uagb_featured_image_src":{"full":["https:\/\/orato.world\/wp-content\/uploads\/thought-catalog-505eectW54k-unsplash-scaled.jpg",2560,1707,false],"thumbnail":["https:\/\/orato.world\/wp-content\/uploads\/thought-catalog-505eectW54k-unsplash-100x100.jpg",100,100,true],"medium":["https:\/\/orato.world\/wp-content\/uploads\/thought-catalog-505eectW54k-unsplash-300x200.jpg",300,200,true],"medium_large":["https:\/\/orato.world\/wp-content\/uploads\/thought-catalog-505eectW54k-unsplash-770x513.jpg",640,426,true],"large":["https:\/\/orato.world\/wp-content\/uploads\/thought-catalog-505eectW54k-unsplash-1024x683.jpg",640,427,true],"1536x1536":["https:\/\/orato.world\/wp-content\/uploads\/thought-catalog-505eectW54k-unsplash-1536x1024.jpg",1536,1024,true],"2048x2048":["https:\/\/orato.world\/wp-content\/uploads\/thought-catalog-505eectW54k-unsplash-2048x1365.jpg",2048,1365,true],"gallery-size":["https:\/\/orato.world\/wp-content\/uploads\/thought-catalog-505eectW54k-unsplash-scaled.jpg",600,400,false],"lets-review-360-240":["https:\/\/orato.world\/wp-content\/uploads\/thought-catalog-505eectW54k-unsplash-360x240.jpg",360,240,true],"gform-image-choice-sm":["https:\/\/orato.world\/wp-content\/uploads\/thought-catalog-505eectW54k-unsplash-scaled.jpg",300,200,false],"gform-image-choice-md":["https:\/\/orato.world\/wp-content\/uploads\/thought-catalog-505eectW54k-unsplash-scaled.jpg",400,267,false],"gform-image-choice-lg":["https:\/\/orato.world\/wp-content\/uploads\/thought-catalog-505eectW54k-unsplash-scaled.jpg",600,400,false],"awsm_team":["https:\/\/orato.world\/wp-content\/uploads\/thought-catalog-505eectW54k-unsplash-500x500.jpg",500,500,true]},"uagb_author_info":{"display_name":"Orato Staff","author_link":"https:\/\/orato.world\/es\/author\/orato-staff\/"},"uagb_comment_info":0,"uagb_excerpt":"Te pedimos que solo solicites una historia a la vez y que esperes a que se publique antes de pedir otra. Si encuentras una historia actual de tu inter\u00e9s y conoces a alguien que estuvo involucrado en el evento, fue un testigo ocular o v\u00edctima de ese suceso y puede proporcionar un relato en primera&hellip;","_links":{"self":[{"href":"https:\/\/orato.world\/es\/wp-json\/wp\/v2\/pages\/4326","targetHints":{"allow":["GET"]}}],"collection":[{"href":"https:\/\/orato.world\/es\/wp-json\/wp\/v2\/pages"}],"about":[{"href":"https:\/\/orato.world\/es\/wp-json\/wp\/v2\/types\/page"}],"author":[{"embeddable":true,"href":"https:\/\/orato.world\/es\/wp-json\/wp\/v2\/users\/11"}],"replies":[{"embeddable":true,"href":"https:\/\/orato.world\/es\/wp-json\/wp\/v2\/comments?post=4326"}],"version-history":[{"count":0,"href":"https:\/\/orato.world\/es\/wp-json\/wp\/v2\/pages\/4326\/revisions"}],"wp:featuredmedia":[{"embeddable":true,"href":"https:\/\/orato.world\/es\/wp-json\/wp\/v2\/media\/4328"}],"wp:attachment":[{"href":"https:\/\/orato.world\/es\/wp-json\/wp\/v2\/media?parent=4326"}],"curies":[{"name":"wp","href":"https:\/\/api.w.org\/{rel}","templated":true}]}}