{"id":4352,"date":"2020-06-27T18:33:59","date_gmt":"2020-06-28T01:33:59","guid":{"rendered":"https:\/\/orato.world\/enviar-historia\/"},"modified":"2024-05-26T03:01:36","modified_gmt":"2024-05-26T10:01:36","slug":"enviar-historia","status":"publish","type":"page","link":"https:\/\/orato.world\/es\/enviar-historia\/","title":{"rendered":"Enviar Historia"},"content":{"rendered":"\n<p>Una vez que te comprometas formalmente con Orato y  recibas un correo electr\u00f3nico que incluya una copia de nuestro Acuerdo de Freelancer  completamente ejecutada por parte de equipo editorial, recibir\u00e1s nuestro consentimiento para comenzar a producir una historia en nuestro nombre.<\/p>\n\n\n\n<p>Deber\u00e1s utilizar este formulario para enviar tu borrador y complementos de activos multimedia como fotos o clips de audio a nuestro sistema de administraci\u00f3n de contenido.<\/p>\n\n\n\n<p>Se deben incluir enlaces a las URL de YouTube para los env\u00edos de videos. Si no tienes acceso a YouTube, av\u00edsale a nuestros editores y podremos hacer arreglos para una soluci\u00f3n alternativa.<\/p>\n\n\n\n<p>Tambi\u00e9n necesitamos que proporciones datos de contexto, fechas de eventos y  otras notas para el trasfondo de la historia que acompa\u00f1ar\u00e1 a cada publicaci\u00f3n. Esto destacar\u00e1 el trabajo que has realizado para investigar y desarrollar la historia para su publicaci\u00f3n.<\/p>\n\n\n\n<p>Agrega tu t\u00edtulo sugerido en el campo del t\u00edtulo. S\u00e9 breve.<\/p>\n\n\n\n<p>Debes enviar al menos una foto como imagen destacada para la p\u00e1gina de la historia, ya que esta aparecer\u00e1  en la parte superior y en la categor\u00eda. Esta imagen debe tener 1280&#215;960 px y 100 ppp. Las im\u00e1genes secundarias pueden tener cualquier forma y deben tener 1280 px de ancho y 100 dpi.<\/p>\n\n\n\n<p>Puedes copiar y pegar el cuerpo de la historia en el campo del cuerpo, incluidos los enlaces y otras marcas HTML.<\/p>\n\n\n\n<p>Los elementos adicionales de la narraci\u00f3n, como fotograf\u00edas o clips de audio, deben cargarse en el formulario de subt\u00edtulos y no deben incluirse en la historia.<\/p>\n\n\n\n<p>Debes env\u00edar solo fotos originales con im\u00e1genes de uso leg\u00edtimo con licencias <a href=\"https:\/\/creativecommons.org\/about\/global-affiliate-network\/charter\/\" target=\"_blank\" rel=\"noreferrer noopener\">Creative Commons<\/a> o im\u00e1genes de las que poseas los derechos de publicaci\u00f3n y tengas la autoridad para proporcionar a Orato, al igual que los recursos multimedia complementarios.<\/p>\n\n\n\n<p>Todos los componentes multimedia est\u00e1n sujetos a la aceptaci\u00f3n del equipo editorial y no pueden seleccionarse para acompa\u00f1ar su historia.<\/p>\n\n\n\n<p>Agregua <a href=\"https:\/\/whatsnewinpublishing.com\/how-tags-add-value-for-content-creators-and-6-best-practices-for-applying-them\/\" target=\"_blank\" rel=\"noreferrer noopener\">etiquetas de historia<\/a> para incluirlas en la p\u00e1gina respectiva; dos m\u00ednimo, seis m\u00e1ximo. Las etiquetas deben ser breves, espec\u00edficas, directamente relevantes para su historia y estar escritas correctamente. Todas las etiquetas enviadas crean p\u00e1ginas de destino de forma din\u00e1mica, por lo que la ortograf\u00eda es fundamental. Debes capitalizar las palabras para crear t\u00edtulos de p\u00e1gina de destino limpios.<\/p>\n\n\n\n<p>Si tienes preguntas sobre c\u00f3mo usar el formulario, puedes env\u00edar un <a href=\"mailto:editor@orato.world\" target=\"_blank\" rel=\"noreferrer noopener\">correo electr\u00f3nico al editor.<\/a><\/p>\n\n\n\n<p>Para comenzar, selecciona tu historia  y haz clic en &#8216;Enviar borrador&#8217; para abrir el formulario de env\u00edo.<\/p>\n\n\n\n\n<!-- iframe plugin v.6.0 wordpress.org\/plugins\/iframe\/ -->\n<iframe loading=\"lazy\" src=\"https:\/\/airtable.com\/embed\/shrk8jR8ld8xBmPLd\" width=\"100%\" height=\"533\" scrolling=\"yes\" class=\"iframe-class\" frameborder=\"0\"><\/iframe>\n\n","protected":false},"excerpt":{"rendered":"<p>Una vez que te comprometas formalmente con Orato y recibas un correo electr\u00f3nico que incluya una copia de nuestro Acuerdo de Freelancer completamente ejecutada por parte de equipo editorial, recibir\u00e1s nuestro consentimiento para comenzar a producir una historia en nuestro nombre. Deber\u00e1s utilizar este formulario para enviar tu borrador y complementos de activos multimedia como [&hellip;]<\/p>\n","protected":false},"author":11,"featured_media":4354,"parent":0,"menu_order":0,"comment_status":"closed","ping_status":"closed","template":"","meta":{"_acf_changed":false,"_uag_custom_page_level_css":"","_lmt_disableupdate":"no","_lmt_disable":"yes","footnotes":""},"class_list":["post-4352","page","type-page","status-publish","has-post-thumbnail","hentry"],"acf":[],"yoast_head":"<!-- This site is optimized with the Yoast SEO Premium plugin v27.5 (Yoast SEO v27.5) - https:\/\/yoast.com\/product\/yoast-seo-premium-wordpress\/ -->\n<title>Enviar Historia - Orato<\/title>\n<meta name=\"description\" content=\"We are looking for freelancers who can reach out to those who have experienced life-altering or ground-shaking events for first-person narrative stories on our site.\" \/>\n<meta name=\"robots\" content=\"index, follow, max-snippet:-1, max-image-preview:large, max-video-preview:-1\" \/>\n<link rel=\"canonical\" href=\"https:\/\/orato.world\/es\/enviar-historia\/\" \/>\n<meta property=\"og:locale\" content=\"es_ES\" \/>\n<meta property=\"og:type\" content=\"article\" \/>\n<meta property=\"og:title\" content=\"Enviar Historia\" \/>\n<meta property=\"og:description\" content=\"We are looking for freelancers who can reach out to those who have experienced life-altering or ground-shaking events for first-person narrative stories on our site.\" \/>\n<meta property=\"og:url\" content=\"https:\/\/orato.world\/es\/enviar-historia\/\" \/>\n<meta property=\"og:site_name\" content=\"Orato\" \/>\n<meta property=\"article:publisher\" content=\"https:\/\/www.facebook.com\/OratoWorld\/\" \/>\n<meta property=\"article:modified_time\" content=\"2024-05-26T10:01:36+00:00\" \/>\n<meta property=\"og:image\" content=\"https:\/\/orato.world\/wp-content\/uploads\/andrew-neel-cckf4TsHAuw-unsplash-scaled.jpg\" \/>\n\t<meta property=\"og:image:width\" content=\"2560\" \/>\n\t<meta property=\"og:image:height\" content=\"1707\" \/>\n\t<meta property=\"og:image:type\" content=\"image\/jpeg\" \/>\n<meta name=\"twitter:card\" content=\"summary_large_image\" \/>\n<meta name=\"twitter:site\" content=\"@oratoworld\" \/>\n<meta name=\"twitter:label1\" content=\"Tiempo de lectura\" \/>\n\t<meta name=\"twitter:data1\" content=\"2 minutos\" \/>\n<script type=\"application\/ld+json\" class=\"yoast-schema-graph\">{\"@context\":\"https:\\\/\\\/schema.org\",\"@graph\":[{\"@type\":\"WebPage\",\"@id\":\"https:\\\/\\\/orato.world\\\/es\\\/enviar-historia\\\/\",\"url\":\"https:\\\/\\\/orato.world\\\/es\\\/enviar-historia\\\/\",\"name\":\"Enviar Historia - Orato\",\"isPartOf\":{\"@id\":\"https:\\\/\\\/orato.world\\\/es\\\/#website\"},\"primaryImageOfPage\":{\"@id\":\"https:\\\/\\\/orato.world\\\/es\\\/enviar-historia\\\/#primaryimage\"},\"image\":{\"@id\":\"https:\\\/\\\/orato.world\\\/es\\\/enviar-historia\\\/#primaryimage\"},\"thumbnailUrl\":\"https:\\\/\\\/orato.world\\\/wp-content\\\/uploads\\\/andrew-neel-cckf4TsHAuw-unsplash-scaled.jpg\",\"datePublished\":\"2020-06-28T01:33:59+00:00\",\"dateModified\":\"2024-05-26T10:01:36+00:00\",\"description\":\"We are looking for freelancers who can reach out to those who have experienced life-altering or ground-shaking events for first-person narrative stories on our site.\",\"breadcrumb\":{\"@id\":\"https:\\\/\\\/orato.world\\\/es\\\/enviar-historia\\\/#breadcrumb\"},\"inLanguage\":\"es\",\"potentialAction\":[{\"@type\":\"ReadAction\",\"target\":[\"https:\\\/\\\/orato.world\\\/es\\\/enviar-historia\\\/\"]}]},{\"@type\":\"ImageObject\",\"inLanguage\":\"es\",\"@id\":\"https:\\\/\\\/orato.world\\\/es\\\/enviar-historia\\\/#primaryimage\",\"url\":\"https:\\\/\\\/orato.world\\\/wp-content\\\/uploads\\\/andrew-neel-cckf4TsHAuw-unsplash-scaled.jpg\",\"contentUrl\":\"https:\\\/\\\/orato.world\\\/wp-content\\\/uploads\\\/andrew-neel-cckf4TsHAuw-unsplash-scaled.jpg\",\"width\":2560,\"height\":1707,\"caption\":\"Photo by Andrew Neel on Unsplash\"},{\"@type\":\"BreadcrumbList\",\"@id\":\"https:\\\/\\\/orato.world\\\/es\\\/enviar-historia\\\/#breadcrumb\",\"itemListElement\":[{\"@type\":\"ListItem\",\"position\":1,\"name\":\"Home\",\"item\":\"https:\\\/\\\/orato.world\\\/es\\\/\"},{\"@type\":\"ListItem\",\"position\":2,\"name\":\"Enviar Historia\"}]},{\"@type\":\"WebSite\",\"@id\":\"https:\\\/\\\/orato.world\\\/es\\\/#website\",\"url\":\"https:\\\/\\\/orato.world\\\/es\\\/\",\"name\":\"Orato\",\"description\":\"True Stories. Real People\",\"publisher\":{\"@id\":\"https:\\\/\\\/orato.world\\\/es\\\/#organization\"},\"potentialAction\":[{\"@type\":\"SearchAction\",\"target\":{\"@type\":\"EntryPoint\",\"urlTemplate\":\"https:\\\/\\\/orato.world\\\/es\\\/?s={search_term_string}\"},\"query-input\":{\"@type\":\"PropertyValueSpecification\",\"valueRequired\":true,\"valueName\":\"search_term_string\"}}],\"inLanguage\":\"es\"},{\"@type\":\"Organization\",\"@id\":\"https:\\\/\\\/orato.world\\\/es\\\/#organization\",\"name\":\"Orato World Media Inc.\",\"url\":\"https:\\\/\\\/orato.world\\\/es\\\/\",\"logo\":{\"@type\":\"ImageObject\",\"inLanguage\":\"es\",\"@id\":\"https:\\\/\\\/orato.world\\\/es\\\/#\\\/schema\\\/logo\\\/image\\\/\",\"url\":\"https:\\\/\\\/orato.world\\\/wp-content\\\/uploads\\\/2020\\\/07\\\/orato-logo-transparent.png\",\"contentUrl\":\"https:\\\/\\\/orato.world\\\/wp-content\\\/uploads\\\/2020\\\/07\\\/orato-logo-transparent.png\",\"width\":78,\"height\":73,\"caption\":\"Orato World Media Inc.\"},\"image\":{\"@id\":\"https:\\\/\\\/orato.world\\\/es\\\/#\\\/schema\\\/logo\\\/image\\\/\"},\"sameAs\":[\"https:\\\/\\\/www.facebook.com\\\/OratoWorld\\\/\",\"https:\\\/\\\/x.com\\\/oratoworld\",\"https:\\\/\\\/www.instagram.com\\\/oratoworld\",\"https:\\\/\\\/www.linkedin.com\\\/company\\\/42308818\\\/\"]}]}<\/script>\n<!-- \/ Yoast SEO Premium plugin. -->","yoast_head_json":{"title":"Enviar Historia - Orato","description":"We are looking for freelancers who can reach out to those who have experienced life-altering or ground-shaking events for first-person narrative stories on our site.","robots":{"index":"index","follow":"follow","max-snippet":"max-snippet:-1","max-image-preview":"max-image-preview:large","max-video-preview":"max-video-preview:-1"},"canonical":"https:\/\/orato.world\/es\/enviar-historia\/","og_locale":"es_ES","og_type":"article","og_title":"Enviar Historia","og_description":"We are looking for freelancers who can reach out to those who have experienced life-altering or ground-shaking events for first-person narrative stories on our site.","og_url":"https:\/\/orato.world\/es\/enviar-historia\/","og_site_name":"Orato","article_publisher":"https:\/\/www.facebook.com\/OratoWorld\/","article_modified_time":"2024-05-26T10:01:36+00:00","og_image":[{"width":2560,"height":1707,"url":"https:\/\/orato.world\/wp-content\/uploads\/andrew-neel-cckf4TsHAuw-unsplash-scaled.jpg","type":"image\/jpeg"}],"twitter_card":"summary_large_image","twitter_site":"@oratoworld","twitter_misc":{"Tiempo de lectura":"2 minutos"},"schema":{"@context":"https:\/\/schema.org","@graph":[{"@type":"WebPage","@id":"https:\/\/orato.world\/es\/enviar-historia\/","url":"https:\/\/orato.world\/es\/enviar-historia\/","name":"Enviar Historia - Orato","isPartOf":{"@id":"https:\/\/orato.world\/es\/#website"},"primaryImageOfPage":{"@id":"https:\/\/orato.world\/es\/enviar-historia\/#primaryimage"},"image":{"@id":"https:\/\/orato.world\/es\/enviar-historia\/#primaryimage"},"thumbnailUrl":"https:\/\/orato.world\/wp-content\/uploads\/andrew-neel-cckf4TsHAuw-unsplash-scaled.jpg","datePublished":"2020-06-28T01:33:59+00:00","dateModified":"2024-05-26T10:01:36+00:00","description":"We are looking for freelancers who can reach out to those who have experienced life-altering or ground-shaking events for first-person narrative stories on our site.","breadcrumb":{"@id":"https:\/\/orato.world\/es\/enviar-historia\/#breadcrumb"},"inLanguage":"es","potentialAction":[{"@type":"ReadAction","target":["https:\/\/orato.world\/es\/enviar-historia\/"]}]},{"@type":"ImageObject","inLanguage":"es","@id":"https:\/\/orato.world\/es\/enviar-historia\/#primaryimage","url":"https:\/\/orato.world\/wp-content\/uploads\/andrew-neel-cckf4TsHAuw-unsplash-scaled.jpg","contentUrl":"https:\/\/orato.world\/wp-content\/uploads\/andrew-neel-cckf4TsHAuw-unsplash-scaled.jpg","width":2560,"height":1707,"caption":"Photo by Andrew Neel on Unsplash"},{"@type":"BreadcrumbList","@id":"https:\/\/orato.world\/es\/enviar-historia\/#breadcrumb","itemListElement":[{"@type":"ListItem","position":1,"name":"Home","item":"https:\/\/orato.world\/es\/"},{"@type":"ListItem","position":2,"name":"Enviar Historia"}]},{"@type":"WebSite","@id":"https:\/\/orato.world\/es\/#website","url":"https:\/\/orato.world\/es\/","name":"Orato","description":"True Stories. Real People","publisher":{"@id":"https:\/\/orato.world\/es\/#organization"},"potentialAction":[{"@type":"SearchAction","target":{"@type":"EntryPoint","urlTemplate":"https:\/\/orato.world\/es\/?s={search_term_string}"},"query-input":{"@type":"PropertyValueSpecification","valueRequired":true,"valueName":"search_term_string"}}],"inLanguage":"es"},{"@type":"Organization","@id":"https:\/\/orato.world\/es\/#organization","name":"Orato World Media Inc.","url":"https:\/\/orato.world\/es\/","logo":{"@type":"ImageObject","inLanguage":"es","@id":"https:\/\/orato.world\/es\/#\/schema\/logo\/image\/","url":"https:\/\/orato.world\/wp-content\/uploads\/2020\/07\/orato-logo-transparent.png","contentUrl":"https:\/\/orato.world\/wp-content\/uploads\/2020\/07\/orato-logo-transparent.png","width":78,"height":73,"caption":"Orato World Media Inc."},"image":{"@id":"https:\/\/orato.world\/es\/#\/schema\/logo\/image\/"},"sameAs":["https:\/\/www.facebook.com\/OratoWorld\/","https:\/\/x.com\/oratoworld","https:\/\/www.instagram.com\/oratoworld","https:\/\/www.linkedin.com\/company\/42308818\/"]}]}},"uagb_featured_image_src":{"full":["https:\/\/orato.world\/wp-content\/uploads\/andrew-neel-cckf4TsHAuw-unsplash-scaled.jpg",2560,1707,false],"thumbnail":["https:\/\/orato.world\/wp-content\/uploads\/andrew-neel-cckf4TsHAuw-unsplash-scaled.jpg",100,67,false],"medium":["https:\/\/orato.world\/wp-content\/uploads\/andrew-neel-cckf4TsHAuw-unsplash-scaled.jpg",300,200,false],"medium_large":["https:\/\/orato.world\/wp-content\/uploads\/andrew-neel-cckf4TsHAuw-unsplash-scaled.jpg",640,427,false],"large":["https:\/\/orato.world\/wp-content\/uploads\/andrew-neel-cckf4TsHAuw-unsplash-scaled.jpg",640,427,false],"1536x1536":["https:\/\/orato.world\/wp-content\/uploads\/andrew-neel-cckf4TsHAuw-unsplash-scaled.jpg",1536,1024,false],"2048x2048":["https:\/\/orato.world\/wp-content\/uploads\/andrew-neel-cckf4TsHAuw-unsplash-scaled.jpg",2048,1366,false],"gallery-size":["https:\/\/orato.world\/wp-content\/uploads\/andrew-neel-cckf4TsHAuw-unsplash-scaled.jpg",600,400,false],"lets-review-360-240":["https:\/\/orato.world\/wp-content\/uploads\/andrew-neel-cckf4TsHAuw-unsplash-scaled.jpg",360,240,false],"gform-image-choice-sm":["https:\/\/orato.world\/wp-content\/uploads\/andrew-neel-cckf4TsHAuw-unsplash-scaled.jpg",300,200,false],"gform-image-choice-md":["https:\/\/orato.world\/wp-content\/uploads\/andrew-neel-cckf4TsHAuw-unsplash-scaled.jpg",400,267,false],"gform-image-choice-lg":["https:\/\/orato.world\/wp-content\/uploads\/andrew-neel-cckf4TsHAuw-unsplash-scaled.jpg",600,400,false],"awsm_team":["https:\/\/orato.world\/wp-content\/uploads\/andrew-neel-cckf4TsHAuw-unsplash-scaled.jpg",500,333,false]},"uagb_author_info":{"display_name":"Orato Staff","author_link":"https:\/\/orato.world\/es\/author\/orato-staff\/"},"uagb_comment_info":0,"uagb_excerpt":"Una vez que te comprometas formalmente con Orato y recibas un correo electr\u00f3nico que incluya una copia de nuestro Acuerdo de Freelancer completamente ejecutada por parte de equipo editorial, recibir\u00e1s nuestro consentimiento para comenzar a producir una historia en nuestro nombre. Deber\u00e1s utilizar este formulario para enviar tu borrador y complementos de activos multimedia como&hellip;","_links":{"self":[{"href":"https:\/\/orato.world\/es\/wp-json\/wp\/v2\/pages\/4352","targetHints":{"allow":["GET"]}}],"collection":[{"href":"https:\/\/orato.world\/es\/wp-json\/wp\/v2\/pages"}],"about":[{"href":"https:\/\/orato.world\/es\/wp-json\/wp\/v2\/types\/page"}],"author":[{"embeddable":true,"href":"https:\/\/orato.world\/es\/wp-json\/wp\/v2\/users\/11"}],"replies":[{"embeddable":true,"href":"https:\/\/orato.world\/es\/wp-json\/wp\/v2\/comments?post=4352"}],"version-history":[{"count":2,"href":"https:\/\/orato.world\/es\/wp-json\/wp\/v2\/pages\/4352\/revisions"}],"predecessor-version":[{"id":92210,"href":"https:\/\/orato.world\/es\/wp-json\/wp\/v2\/pages\/4352\/revisions\/92210"}],"wp:featuredmedia":[{"embeddable":true,"href":"https:\/\/orato.world\/es\/wp-json\/wp\/v2\/media\/4354"}],"wp:attachment":[{"href":"https:\/\/orato.world\/es\/wp-json\/wp\/v2\/media?parent=4352"}],"curies":[{"name":"wp","href":"https:\/\/api.w.org\/{rel}","templated":true}]}}