{"id":5100,"date":"2018-06-27T17:08:11","date_gmt":"2018-06-28T00:08:11","guid":{"rendered":"https:\/\/orato.world\/contacta-con-nosotros\/"},"modified":"2024-10-22T15:25:52","modified_gmt":"2024-10-22T22:25:52","slug":"contacta-con-nosotros","status":"publish","type":"page","link":"https:\/\/orato.world\/es\/contacta-con-nosotros\/","title":{"rendered":"Cont\u00e1ctanos"},"content":{"rendered":"<p><strong>Orato World Media Inc. <\/strong>es una corporaci\u00f3n con \u00e1nimo de lucro constituida en el estado de Florida, Estados Unidos, en 2020 y propiedad de Inconel Investments Inc. que se constituy\u00f3 en Columbia Brit\u00e1nica, Canad\u00e1, en 2019. El mandato de esta corporaci\u00f3n es crear un repositorio de historias verificables de noticias en primera persona y comercializar y promover la marca a nivel mundial donde y cuando sea posible con el objetivo general de crear buena voluntad y ser comercialmente atractivo. Ya se trate de publicidad, patrocinio, suscripci\u00f3n, sindicaci\u00f3n o la creaci\u00f3n posterior a la publicaci\u00f3n de contenidos cinematogr\u00e1ficos, literarios o multimedia, el objetivo es monetizar el contenido de cualquier forma \u00e9tica posible con el fin de hacer de Orato World Media una marca medi\u00e1tica autosostenible y reconocida en todo el mundo. <strong>Orato World Media Foundation Inc.<\/strong> es una corporaci\u00f3n sin \u00e1nimo de lucro constituida en el estado de Delaware, EE.UU., en 2021 y certificada por el IRS el 25 de marzo de 2022 como entidad exenta del impuesto federal sobre la renta en virtud de la Secci\u00f3n 501(c)(3) del C\u00f3digo de Rentas Internas (IRC) que est\u00e1 cualificada para recibir legados, legados, transferencias o donaciones deducibles de impuestos en virtud de las Secciones 2055, 2106 o 2522. El mandato de esta corporaci\u00f3n es invertir en la ense\u00f1anza, la formaci\u00f3n y el compromiso de periodistas profesionales para que aprendan a escribir historias en primera persona y crear as\u00ed una red de corresponsales que entrevisten, verifiquen y produzcan noticias en primera persona de personas reales (testigos presenciales, supervivientes, denunciantes, primeros intervinientes, fot\u00f3grafos, vide\u00f3grafos, por nombrar algunos) y que se hayan visto directamente afectadas por un acontecimiento actual o de inter\u00e9s period\u00edstico. Dondequiera que se encuentren y en cualquier idioma que hablen, los periodistas y corresponsales de Orato representar\u00e1n a una comunidad de escritores profesionales dedicados a la tarea de informar de las noticias con las palabras del entrevistado, tras verificar los hechos y reunir las pruebas que establezcan la veracidad del relato veraz del entrevistado. Adem\u00e1s de lo anterior, esta corporaci\u00f3n sin \u00e1nimo de lucro se dedicar\u00e1 al establecimiento, publicaci\u00f3n y producci\u00f3n de contenidos en primera persona de Orato en tantas lenguas de uso com\u00fan como sea humanamente posible. Tambi\u00e9n se centrar\u00e1 en incorporar a sus contenidos en l\u00ednea caracter\u00edsticas complementarias que aumenten su atractivo, como la funcionalidad de audio y elementos de entretenimiento como encuestas, peticiones y rompecabezas, por nombrar algunos.  <\/p>\n<p><iframe loading=\"lazy\" class=\"airtable-embed\" style=\"background: transparent; border: 0px solid #ccc;\" src=\"https:\/\/airtable.com\/embed\/shrplG5iFLZUjucjL?backgroundColor=orange\" width=\"100%\" height=\"1200\" frameborder=\"0\"><\/iframe><\/p>\n","protected":false},"excerpt":{"rendered":"<p>Orato World Media Inc. es una corporaci\u00f3n con \u00e1nimo de lucro constituida en el estado de Florida, Estados Unidos, en 2020 y propiedad de Inconel Investments Inc. que se constituy\u00f3 en Columbia Brit\u00e1nica, Canad\u00e1, en 2019. El mandato de esta corporaci\u00f3n es crear un repositorio de historias verificables de noticias en primera persona y comercializar [&hellip;]<\/p>\n","protected":false},"author":11,"featured_media":5101,"parent":0,"menu_order":0,"comment_status":"closed","ping_status":"closed","template":"page-template\/contact.php","meta":{"_acf_changed":false,"_uag_custom_page_level_css":"","_lmt_disableupdate":"no","_lmt_disable":"yes","footnotes":""},"class_list":["post-5100","page","type-page","status-publish","has-post-thumbnail","hentry"],"acf":[],"yoast_head":"<!-- This site is optimized with the Yoast SEO Premium plugin v27.3 (Yoast SEO v27.3) - https:\/\/yoast.com\/product\/yoast-seo-premium-wordpress\/ -->\n<title>Cont\u00e1ctanos - Orato<\/title>\n<meta name=\"description\" content=\"We are looking for freelancers who can reach out to those who have experienced life-altering or ground-shaking events for first-person narrative stories on our site.\" \/>\n<meta name=\"robots\" content=\"index, follow, max-snippet:-1, max-image-preview:large, max-video-preview:-1\" \/>\n<link rel=\"canonical\" href=\"https:\/\/orato.world\/es\/contacta-con-nosotros\/\" \/>\n<meta property=\"og:locale\" content=\"es_ES\" \/>\n<meta property=\"og:type\" content=\"article\" \/>\n<meta property=\"og:title\" content=\"Cont\u00e1ctanos\" \/>\n<meta property=\"og:description\" content=\"We are looking for freelancers who can reach out to those who have experienced life-altering or ground-shaking events for first-person narrative stories on our site.\" \/>\n<meta property=\"og:url\" content=\"https:\/\/orato.world\/es\/contacta-con-nosotros\/\" \/>\n<meta property=\"og:site_name\" content=\"Orato\" \/>\n<meta property=\"article:publisher\" content=\"https:\/\/www.facebook.com\/OratoWorld\/\" \/>\n<meta property=\"article:modified_time\" content=\"2024-10-22T22:25:52+00:00\" \/>\n<meta property=\"og:image\" content=\"https:\/\/orato.world\/wp-content\/uploads\/alexander-andrews-HgUDpaGPTEA-unsplash.jpg\" \/>\n\t<meta property=\"og:image:width\" content=\"1280\" \/>\n\t<meta property=\"og:image:height\" content=\"960\" \/>\n\t<meta property=\"og:image:type\" content=\"image\/jpeg\" \/>\n<meta name=\"twitter:card\" content=\"summary_large_image\" \/>\n<meta name=\"twitter:site\" content=\"@oratoworld\" \/>\n<meta name=\"twitter:label1\" content=\"Tiempo de lectura\" \/>\n\t<meta name=\"twitter:data1\" content=\"1 minuto\" \/>\n<script type=\"application\/ld+json\" class=\"yoast-schema-graph\">{\"@context\":\"https:\\\/\\\/schema.org\",\"@graph\":[{\"@type\":\"WebPage\",\"@id\":\"https:\\\/\\\/orato.world\\\/es\\\/contacta-con-nosotros\\\/\",\"url\":\"https:\\\/\\\/orato.world\\\/es\\\/contacta-con-nosotros\\\/\",\"name\":\"Cont\u00e1ctanos - Orato\",\"isPartOf\":{\"@id\":\"https:\\\/\\\/orato.world\\\/es\\\/#website\"},\"primaryImageOfPage\":{\"@id\":\"https:\\\/\\\/orato.world\\\/es\\\/contacta-con-nosotros\\\/#primaryimage\"},\"image\":{\"@id\":\"https:\\\/\\\/orato.world\\\/es\\\/contacta-con-nosotros\\\/#primaryimage\"},\"thumbnailUrl\":\"https:\\\/\\\/orato.world\\\/wp-content\\\/uploads\\\/alexander-andrews-HgUDpaGPTEA-unsplash.jpg\",\"datePublished\":\"2018-06-28T00:08:11+00:00\",\"dateModified\":\"2024-10-22T22:25:52+00:00\",\"description\":\"We are looking for freelancers who can reach out to those who have experienced life-altering or ground-shaking events for first-person narrative stories on our site.\",\"breadcrumb\":{\"@id\":\"https:\\\/\\\/orato.world\\\/es\\\/contacta-con-nosotros\\\/#breadcrumb\"},\"inLanguage\":\"es\",\"potentialAction\":[{\"@type\":\"ReadAction\",\"target\":[\"https:\\\/\\\/orato.world\\\/es\\\/contacta-con-nosotros\\\/\"]}]},{\"@type\":\"ImageObject\",\"inLanguage\":\"es\",\"@id\":\"https:\\\/\\\/orato.world\\\/es\\\/contacta-con-nosotros\\\/#primaryimage\",\"url\":\"https:\\\/\\\/orato.world\\\/wp-content\\\/uploads\\\/alexander-andrews-HgUDpaGPTEA-unsplash.jpg\",\"contentUrl\":\"https:\\\/\\\/orato.world\\\/wp-content\\\/uploads\\\/alexander-andrews-HgUDpaGPTEA-unsplash.jpg\",\"width\":1280,\"height\":960,\"caption\":\"Photo by Alexander Andrews on Unsplash\"},{\"@type\":\"BreadcrumbList\",\"@id\":\"https:\\\/\\\/orato.world\\\/es\\\/contacta-con-nosotros\\\/#breadcrumb\",\"itemListElement\":[{\"@type\":\"ListItem\",\"position\":1,\"name\":\"Home\",\"item\":\"https:\\\/\\\/orato.world\\\/es\\\/\"},{\"@type\":\"ListItem\",\"position\":2,\"name\":\"Cont\u00e1ctanos\"}]},{\"@type\":\"WebSite\",\"@id\":\"https:\\\/\\\/orato.world\\\/es\\\/#website\",\"url\":\"https:\\\/\\\/orato.world\\\/es\\\/\",\"name\":\"Orato\",\"description\":\"True Stories. Real People\",\"publisher\":{\"@id\":\"https:\\\/\\\/orato.world\\\/es\\\/#organization\"},\"potentialAction\":[{\"@type\":\"SearchAction\",\"target\":{\"@type\":\"EntryPoint\",\"urlTemplate\":\"https:\\\/\\\/orato.world\\\/es\\\/?s={search_term_string}\"},\"query-input\":{\"@type\":\"PropertyValueSpecification\",\"valueRequired\":true,\"valueName\":\"search_term_string\"}}],\"inLanguage\":\"es\"},{\"@type\":\"Organization\",\"@id\":\"https:\\\/\\\/orato.world\\\/es\\\/#organization\",\"name\":\"Orato World Media Inc.\",\"url\":\"https:\\\/\\\/orato.world\\\/es\\\/\",\"logo\":{\"@type\":\"ImageObject\",\"inLanguage\":\"es\",\"@id\":\"https:\\\/\\\/orato.world\\\/es\\\/#\\\/schema\\\/logo\\\/image\\\/\",\"url\":\"https:\\\/\\\/orato.world\\\/wp-content\\\/uploads\\\/2020\\\/07\\\/orato-logo-transparent.png\",\"contentUrl\":\"https:\\\/\\\/orato.world\\\/wp-content\\\/uploads\\\/2020\\\/07\\\/orato-logo-transparent.png\",\"width\":78,\"height\":73,\"caption\":\"Orato World Media Inc.\"},\"image\":{\"@id\":\"https:\\\/\\\/orato.world\\\/es\\\/#\\\/schema\\\/logo\\\/image\\\/\"},\"sameAs\":[\"https:\\\/\\\/www.facebook.com\\\/OratoWorld\\\/\",\"https:\\\/\\\/x.com\\\/oratoworld\",\"https:\\\/\\\/www.instagram.com\\\/oratoworld\",\"https:\\\/\\\/www.linkedin.com\\\/company\\\/42308818\\\/\"]}]}<\/script>\n<!-- \/ Yoast SEO Premium plugin. -->","yoast_head_json":{"title":"Cont\u00e1ctanos - Orato","description":"We are looking for freelancers who can reach out to those who have experienced life-altering or ground-shaking events for first-person narrative stories on our site.","robots":{"index":"index","follow":"follow","max-snippet":"max-snippet:-1","max-image-preview":"max-image-preview:large","max-video-preview":"max-video-preview:-1"},"canonical":"https:\/\/orato.world\/es\/contacta-con-nosotros\/","og_locale":"es_ES","og_type":"article","og_title":"Cont\u00e1ctanos","og_description":"We are looking for freelancers who can reach out to those who have experienced life-altering or ground-shaking events for first-person narrative stories on our site.","og_url":"https:\/\/orato.world\/es\/contacta-con-nosotros\/","og_site_name":"Orato","article_publisher":"https:\/\/www.facebook.com\/OratoWorld\/","article_modified_time":"2024-10-22T22:25:52+00:00","og_image":[{"width":1280,"height":960,"url":"https:\/\/orato.world\/wp-content\/uploads\/alexander-andrews-HgUDpaGPTEA-unsplash.jpg","type":"image\/jpeg"}],"twitter_card":"summary_large_image","twitter_site":"@oratoworld","twitter_misc":{"Tiempo de lectura":"1 minuto"},"schema":{"@context":"https:\/\/schema.org","@graph":[{"@type":"WebPage","@id":"https:\/\/orato.world\/es\/contacta-con-nosotros\/","url":"https:\/\/orato.world\/es\/contacta-con-nosotros\/","name":"Cont\u00e1ctanos - Orato","isPartOf":{"@id":"https:\/\/orato.world\/es\/#website"},"primaryImageOfPage":{"@id":"https:\/\/orato.world\/es\/contacta-con-nosotros\/#primaryimage"},"image":{"@id":"https:\/\/orato.world\/es\/contacta-con-nosotros\/#primaryimage"},"thumbnailUrl":"https:\/\/orato.world\/wp-content\/uploads\/alexander-andrews-HgUDpaGPTEA-unsplash.jpg","datePublished":"2018-06-28T00:08:11+00:00","dateModified":"2024-10-22T22:25:52+00:00","description":"We are looking for freelancers who can reach out to those who have experienced life-altering or ground-shaking events for first-person narrative stories on our site.","breadcrumb":{"@id":"https:\/\/orato.world\/es\/contacta-con-nosotros\/#breadcrumb"},"inLanguage":"es","potentialAction":[{"@type":"ReadAction","target":["https:\/\/orato.world\/es\/contacta-con-nosotros\/"]}]},{"@type":"ImageObject","inLanguage":"es","@id":"https:\/\/orato.world\/es\/contacta-con-nosotros\/#primaryimage","url":"https:\/\/orato.world\/wp-content\/uploads\/alexander-andrews-HgUDpaGPTEA-unsplash.jpg","contentUrl":"https:\/\/orato.world\/wp-content\/uploads\/alexander-andrews-HgUDpaGPTEA-unsplash.jpg","width":1280,"height":960,"caption":"Photo by Alexander Andrews on Unsplash"},{"@type":"BreadcrumbList","@id":"https:\/\/orato.world\/es\/contacta-con-nosotros\/#breadcrumb","itemListElement":[{"@type":"ListItem","position":1,"name":"Home","item":"https:\/\/orato.world\/es\/"},{"@type":"ListItem","position":2,"name":"Cont\u00e1ctanos"}]},{"@type":"WebSite","@id":"https:\/\/orato.world\/es\/#website","url":"https:\/\/orato.world\/es\/","name":"Orato","description":"True Stories. Real People","publisher":{"@id":"https:\/\/orato.world\/es\/#organization"},"potentialAction":[{"@type":"SearchAction","target":{"@type":"EntryPoint","urlTemplate":"https:\/\/orato.world\/es\/?s={search_term_string}"},"query-input":{"@type":"PropertyValueSpecification","valueRequired":true,"valueName":"search_term_string"}}],"inLanguage":"es"},{"@type":"Organization","@id":"https:\/\/orato.world\/es\/#organization","name":"Orato World Media Inc.","url":"https:\/\/orato.world\/es\/","logo":{"@type":"ImageObject","inLanguage":"es","@id":"https:\/\/orato.world\/es\/#\/schema\/logo\/image\/","url":"https:\/\/orato.world\/wp-content\/uploads\/2020\/07\/orato-logo-transparent.png","contentUrl":"https:\/\/orato.world\/wp-content\/uploads\/2020\/07\/orato-logo-transparent.png","width":78,"height":73,"caption":"Orato World Media Inc."},"image":{"@id":"https:\/\/orato.world\/es\/#\/schema\/logo\/image\/"},"sameAs":["https:\/\/www.facebook.com\/OratoWorld\/","https:\/\/x.com\/oratoworld","https:\/\/www.instagram.com\/oratoworld","https:\/\/www.linkedin.com\/company\/42308818\/"]}]}},"uagb_featured_image_src":{"full":["https:\/\/orato.world\/wp-content\/uploads\/alexander-andrews-HgUDpaGPTEA-unsplash.jpg",1280,960,false],"thumbnail":["https:\/\/orato.world\/wp-content\/uploads\/alexander-andrews-HgUDpaGPTEA-unsplash-100x100.jpg",100,100,true],"medium":["https:\/\/orato.world\/wp-content\/uploads\/alexander-andrews-HgUDpaGPTEA-unsplash-300x225.jpg",300,225,true],"medium_large":["https:\/\/orato.world\/wp-content\/uploads\/alexander-andrews-HgUDpaGPTEA-unsplash-770x578.jpg",640,480,true],"large":["https:\/\/orato.world\/wp-content\/uploads\/alexander-andrews-HgUDpaGPTEA-unsplash-1024x768.jpg",640,480,true],"1536x1536":["https:\/\/orato.world\/wp-content\/uploads\/alexander-andrews-HgUDpaGPTEA-unsplash.jpg",1280,960,false],"2048x2048":["https:\/\/orato.world\/wp-content\/uploads\/alexander-andrews-HgUDpaGPTEA-unsplash.jpg",1280,960,false],"gallery-size":["https:\/\/orato.world\/wp-content\/uploads\/alexander-andrews-HgUDpaGPTEA-unsplash.jpg",533,400,false],"lets-review-360-240":["https:\/\/orato.world\/wp-content\/uploads\/alexander-andrews-HgUDpaGPTEA-unsplash-360x240.jpg",360,240,true],"gform-image-choice-sm":["https:\/\/orato.world\/wp-content\/uploads\/alexander-andrews-HgUDpaGPTEA-unsplash.jpg",300,225,false],"gform-image-choice-md":["https:\/\/orato.world\/wp-content\/uploads\/alexander-andrews-HgUDpaGPTEA-unsplash.jpg",400,300,false],"gform-image-choice-lg":["https:\/\/orato.world\/wp-content\/uploads\/alexander-andrews-HgUDpaGPTEA-unsplash.jpg",600,450,false],"awsm_team":["https:\/\/orato.world\/wp-content\/uploads\/alexander-andrews-HgUDpaGPTEA-unsplash-500x500.jpg",500,500,true]},"uagb_author_info":{"display_name":"Orato Staff","author_link":"https:\/\/orato.world\/es\/author\/orato-staff\/"},"uagb_comment_info":0,"uagb_excerpt":"Orato World Media Inc. es una corporaci\u00f3n con \u00e1nimo de lucro constituida en el estado de Florida, Estados Unidos, en 2020 y propiedad de Inconel Investments Inc. que se constituy\u00f3 en Columbia Brit\u00e1nica, Canad\u00e1, en 2019. El mandato de esta corporaci\u00f3n es crear un repositorio de historias verificables de noticias en primera persona y comercializar&hellip;","_links":{"self":[{"href":"https:\/\/orato.world\/es\/wp-json\/wp\/v2\/pages\/5100","targetHints":{"allow":["GET"]}}],"collection":[{"href":"https:\/\/orato.world\/es\/wp-json\/wp\/v2\/pages"}],"about":[{"href":"https:\/\/orato.world\/es\/wp-json\/wp\/v2\/types\/page"}],"author":[{"embeddable":true,"href":"https:\/\/orato.world\/es\/wp-json\/wp\/v2\/users\/11"}],"replies":[{"embeddable":true,"href":"https:\/\/orato.world\/es\/wp-json\/wp\/v2\/comments?post=5100"}],"version-history":[{"count":1,"href":"https:\/\/orato.world\/es\/wp-json\/wp\/v2\/pages\/5100\/revisions"}],"predecessor-version":[{"id":98603,"href":"https:\/\/orato.world\/es\/wp-json\/wp\/v2\/pages\/5100\/revisions\/98603"}],"wp:featuredmedia":[{"embeddable":true,"href":"https:\/\/orato.world\/es\/wp-json\/wp\/v2\/media\/5101"}],"wp:attachment":[{"href":"https:\/\/orato.world\/es\/wp-json\/wp\/v2\/media?parent=5100"}],"curies":[{"name":"wp","href":"https:\/\/api.w.org\/{rel}","templated":true}]}}