{"id":5133,"date":"2020-07-16T14:26:42","date_gmt":"2020-07-16T21:26:42","guid":{"rendered":"https:\/\/orato.world\/preguntas-frecuentes\/"},"modified":"2022-12-26T03:35:11","modified_gmt":"2022-12-26T11:35:11","slug":"preguntas-frecuentes","status":"publish","type":"page","link":"https:\/\/orato.world\/es\/preguntas-frecuentes\/","title":{"rendered":"Preguntas frecuentes"},"content":{"rendered":"\n<div class=\"wp-block-getwid-toggle has-icon-left\">\n<div class=\"wp-block-getwid-toggle__row\"><div class=\"wp-block-getwid-toggle__header-wrapper\"><span class=\"wp-block-getwid-toggle__header\"><a href=\"#\"><span class=\"wp-block-getwid-toggle__header-title\">What kind of work does Orato publish?<\/span><span class=\"wp-block-getwid-toggle__icon is-active\"><i class=\"fas fa-plus\"><\/i><\/span><span class=\"wp-block-getwid-toggle__icon is-passive\"><i class=\"fas fa-minus\"><\/i><\/span><\/a><\/span><\/div><div class=\"wp-block-getwid-toggle__content-wrapper\"><div class=\"wp-block-getwid-toggle__content\">\n<p>Orato accepts well-written, first-person, event-driven, non-fiction accounts from around the world, written in English, Italian or Spanish, to begin with, and intends to expand our language offering in the future. We welcome pitches and story ideas from subjects, eyewitnesses, writers, and journalists.<\/p>\n<\/div><\/div><\/div>\n\n\n\n<div class=\"wp-block-getwid-toggle__row\"><div class=\"wp-block-getwid-toggle__header-wrapper\"><span class=\"wp-block-getwid-toggle__header\"><a href=\"#\"><span class=\"wp-block-getwid-toggle__header-title\">What constitutes qualified Orato content?<\/span><span class=\"wp-block-getwid-toggle__icon is-active\"><i class=\"fas fa-plus\"><\/i><\/span><span class=\"wp-block-getwid-toggle__icon is-passive\"><i class=\"fas fa-minus\"><\/i><\/span><\/a><\/span><\/div><div class=\"wp-block-getwid-toggle__content-wrapper\"><div class=\"wp-block-getwid-toggle__content\">\n<ul class=\"wp-block-list\">\n<li>First-person stories tied to a crystalizing event or moment<\/li>\n\n\n\n<li>Photos<\/li>\n<\/ul>\n<\/div><\/div><\/div>\n\n\n\n<div class=\"wp-block-getwid-toggle__row\"><div class=\"wp-block-getwid-toggle__header-wrapper\"><span class=\"wp-block-getwid-toggle__header\"><a href=\"#\"><span class=\"wp-block-getwid-toggle__header-title\">How do I submit an article?<\/span><span class=\"wp-block-getwid-toggle__icon is-active\"><i class=\"fas fa-plus\"><\/i><\/span><span class=\"wp-block-getwid-toggle__icon is-passive\"><i class=\"fas fa-minus\"><\/i><\/span><\/a><\/span><\/div><div class=\"wp-block-getwid-toggle__content-wrapper\"><div class=\"wp-block-getwid-toggle__content\">\n<p>Articles can be submitted via our <a href=\"https:\/\/orato.world\/es\/enviar-historia\/\">story submission page<\/a>. We welcome submissions from subjects, witnesses, writers, journalists, photographers, and artists. We regret that we are only able to publish a small portion of these submissions, and, in general, only respond to submissions that we intend to publish. When submitting your work, please provide a brief explanation as to why your story is timely, important, and of interest to Orato readers. Be clear about why you are the person to write the first-person story. All stories must be verifiable and will be fact-checked by a journalist who has been retained and specifically assigned to the story by Orato and our editing team. For information on submission specifics, please visit the <a href=\"https:\/\/orato.world\/es\/enviar-historia\/\">Submit page<\/a>.<\/p>\n<\/div><\/div><\/div>\n\n\n\n<div class=\"wp-block-getwid-toggle__row\"><div class=\"wp-block-getwid-toggle__header-wrapper\"><span class=\"wp-block-getwid-toggle__header\"><a href=\"#\"><span class=\"wp-block-getwid-toggle__header-title\">What is first-person storytelling?<\/span><span class=\"wp-block-getwid-toggle__icon is-active\"><i class=\"fas fa-plus\"><\/i><\/span><span class=\"wp-block-getwid-toggle__icon is-passive\"><i class=\"fas fa-minus\"><\/i><\/span><\/a><\/span><\/div><div class=\"wp-block-getwid-toggle__content-wrapper\"><div class=\"wp-block-getwid-toggle__content\">\n<p>In this type of narrative, the narrator is the central character of the story and relays their experience to the reader. (Sometimes, however, the storyteller can be a peripheral character or witness.) Pronouns such as \u201cI\u201d, \u201cme\u201d, \u201cwe\u201d, and \u201cus\u201d are used in first-person storytelling, giving the reader a personal account and an intimate perspective of the story in question. There are many fine articles on how to write first-person, <a href=\"https:\/\/www.grammarly.com\/blog\/first-second-and-third-person\/\" target=\"_blank\" rel=\"noreferrer noopener\">for example<\/a>.<\/p>\n<\/div><\/div><\/div>\n\n\n\n<div class=\"wp-block-getwid-toggle__row\"><div class=\"wp-block-getwid-toggle__header-wrapper\"><span class=\"wp-block-getwid-toggle__header\"><a href=\"#\"><span class=\"wp-block-getwid-toggle__header-title\">Can I submit an article anonymously?<\/span><span class=\"wp-block-getwid-toggle__icon is-active\"><i class=\"fas fa-plus\"><\/i><\/span><span class=\"wp-block-getwid-toggle__icon is-passive\"><i class=\"fas fa-minus\"><\/i><\/span><\/a><\/span><\/div><div class=\"wp-block-getwid-toggle__content-wrapper\"><div class=\"wp-block-getwid-toggle__content\">\n<p>Si bien se prefiere que el trabajo se env\u00ede con una firma, Orato entiende que en algunos casos, las entrevistas en el registro no son posibles y que la publicaci\u00f3n de cierta informaci\u00f3n puede poner en riesgo a los autores o sujetos. Orato otorga el anonimato a las fuentes solo cuando nombrarlas podr\u00eda resultar en peligro, represalias o estigma indebido. Adem\u00e1s, los lectores de Orato siempre ser\u00e1n informados de por qu\u00e9 se ha otorgado el anonimato a un autor o tema en particular, que solo se otorgar\u00e1 a discreci\u00f3n del editor en jefe.<\/p>\n<\/div><\/div><\/div>\n\n\n\n<div class=\"wp-block-getwid-toggle__row\"><div class=\"wp-block-getwid-toggle__header-wrapper\"><span class=\"wp-block-getwid-toggle__header\"><a href=\"#\"><span class=\"wp-block-getwid-toggle__header-title\">If my material is published, how will I be compensated?<\/span><span class=\"wp-block-getwid-toggle__icon is-active\"><i class=\"fas fa-plus\"><\/i><\/span><span class=\"wp-block-getwid-toggle__icon is-passive\"><i class=\"fas fa-minus\"><\/i><\/span><\/a><\/span><\/div><div class=\"wp-block-getwid-toggle__content-wrapper\"><div class=\"wp-block-getwid-toggle__content\">\n<p>Orato compensates contributors for accepted stories or photography based on a number of factors, such as length of the story, quality, relevance, as well as the current typical rates established from time to time by the market and our editorial team. Compensation for your material, if accepted and published, will be determined in advance with our editors and based on a per story-fee guarantee. If you have something to submit you believe merits compensation, please reach out to the managing editor directly using the <a href=\"https:\/\/orato.world\/index.php\/submit-a-story-pitch\/\">Pitch a Story<\/a> form.<\/p>\n<\/div><\/div><\/div>\n\n\n\n<div class=\"wp-block-getwid-toggle__row\"><div class=\"wp-block-getwid-toggle__header-wrapper\"><span class=\"wp-block-getwid-toggle__header\"><a href=\"#\"><span class=\"wp-block-getwid-toggle__header-title\">Can I get paid for writing my own story?<\/span><span class=\"wp-block-getwid-toggle__icon is-active\"><i class=\"fas fa-plus\"><\/i><\/span><span class=\"wp-block-getwid-toggle__icon is-passive\"><i class=\"fas fa-minus\"><\/i><\/span><\/a><\/span><\/div><div class=\"wp-block-getwid-toggle__content-wrapper\"><div class=\"wp-block-getwid-toggle__content\">\n<p>Respuesta corta: No. Necesitamos relacionarnos con periodistas independientes y hacer que firmen acuerdos independientes en los que prometen garantizar que se sigan los principios del periodismo para garantizar que corroboramos la historia y proporcionamos a nuestros lectores contenido en el que puedan confiar. No incentivamos a los entrevistados pag\u00e1ndoles.<\/p>\n<\/div><\/div><\/div>\n\n\n\n<div class=\"wp-block-getwid-toggle__row\"><div class=\"wp-block-getwid-toggle__header-wrapper\"><span class=\"wp-block-getwid-toggle__header\"><a href=\"#\"><span class=\"wp-block-getwid-toggle__header-title\">How does Orato use donations?<\/span><span class=\"wp-block-getwid-toggle__icon is-active\"><i class=\"fas fa-plus\"><\/i><\/span><span class=\"wp-block-getwid-toggle__icon is-passive\"><i class=\"fas fa-minus\"><\/i><\/span><\/a><\/span><\/div><div class=\"wp-block-getwid-toggle__content-wrapper\"><div class=\"wp-block-getwid-toggle__content\">\n<p>Los miembros que deseen hacer donaciones a Orato nos ayudar\u00e1n a mantenernos operativos e independientes. Los miembros pueden estar seguros de que sus donaciones van m\u00e1s all\u00e1 de esta plataforma para apoyar a los aspirantes a periodistas en su b\u00fasqueda de la verdad y para recuperar la integridad y la \u00e9tica que desaparecieron con el surgimiento del ciclo de noticias digitales 24\/7.<\/p>\n<\/div><\/div><\/div>\n<\/div>\n\n\n\n<p><\/p>\n\n\n\n<p><\/p>\n","protected":false},"excerpt":{"rendered":"","protected":false},"author":11,"featured_media":9638,"parent":0,"menu_order":0,"comment_status":"closed","ping_status":"closed","template":"page-template\/faq.php","meta":{"_acf_changed":false,"_uag_custom_page_level_css":"","_lmt_disableupdate":"no","_lmt_disable":"yes","footnotes":""},"class_list":["post-5133","page","type-page","status-publish","has-post-thumbnail","hentry"],"acf":[],"yoast_head":"<!-- This site is optimized with the Yoast SEO Premium plugin v27.3 (Yoast SEO v27.3) - https:\/\/yoast.com\/product\/yoast-seo-premium-wordpress\/ -->\n<title>Preguntas frecuentes - Orato<\/title>\n<meta name=\"description\" content=\"We are looking for freelancers who can reach out to those who have experienced life-altering or ground-shaking events for first-person narrative stories on our site.\" \/>\n<meta name=\"robots\" content=\"index, follow, max-snippet:-1, max-image-preview:large, max-video-preview:-1\" \/>\n<link rel=\"canonical\" href=\"https:\/\/orato.world\/es\/preguntas-frecuentes\/\" \/>\n<meta property=\"og:locale\" content=\"es_ES\" \/>\n<meta property=\"og:type\" content=\"article\" \/>\n<meta property=\"og:title\" content=\"Preguntas frecuentes\" \/>\n<meta property=\"og:description\" content=\"We are looking for freelancers who can reach out to those who have experienced life-altering or ground-shaking events for first-person narrative stories on our site.\" \/>\n<meta property=\"og:url\" content=\"https:\/\/orato.world\/es\/preguntas-frecuentes\/\" \/>\n<meta property=\"og:site_name\" content=\"Orato\" \/>\n<meta property=\"article:publisher\" content=\"https:\/\/www.facebook.com\/OratoWorld\/\" \/>\n<meta property=\"article:modified_time\" content=\"2022-12-26T11:35:11+00:00\" \/>\n<meta property=\"og:image\" content=\"https:\/\/orato.world\/wp-content\/uploads\/jon-tyson-hhq1Lxtuwd8-unsplash-scaled.jpg\" \/>\n\t<meta property=\"og:image:width\" content=\"2560\" \/>\n\t<meta property=\"og:image:height\" content=\"2560\" \/>\n\t<meta property=\"og:image:type\" content=\"image\/jpeg\" \/>\n<meta name=\"twitter:card\" content=\"summary_large_image\" \/>\n<meta name=\"twitter:site\" content=\"@oratoworld\" \/>\n<meta name=\"twitter:label1\" content=\"Tiempo de lectura\" \/>\n\t<meta name=\"twitter:data1\" content=\"3 minutos\" \/>\n<script type=\"application\/ld+json\" class=\"yoast-schema-graph\">{\"@context\":\"https:\\\/\\\/schema.org\",\"@graph\":[{\"@type\":\"WebPage\",\"@id\":\"https:\\\/\\\/orato.world\\\/es\\\/preguntas-frecuentes\\\/\",\"url\":\"https:\\\/\\\/orato.world\\\/es\\\/preguntas-frecuentes\\\/\",\"name\":\"Preguntas frecuentes - Orato\",\"isPartOf\":{\"@id\":\"https:\\\/\\\/orato.world\\\/es\\\/#website\"},\"primaryImageOfPage\":{\"@id\":\"https:\\\/\\\/orato.world\\\/es\\\/preguntas-frecuentes\\\/#primaryimage\"},\"image\":{\"@id\":\"https:\\\/\\\/orato.world\\\/es\\\/preguntas-frecuentes\\\/#primaryimage\"},\"thumbnailUrl\":\"https:\\\/\\\/orato.world\\\/wp-content\\\/uploads\\\/jon-tyson-hhq1Lxtuwd8-unsplash-scaled.jpg\",\"datePublished\":\"2020-07-16T21:26:42+00:00\",\"dateModified\":\"2022-12-26T11:35:11+00:00\",\"description\":\"We are looking for freelancers who can reach out to those who have experienced life-altering or ground-shaking events for first-person narrative stories on our site.\",\"breadcrumb\":{\"@id\":\"https:\\\/\\\/orato.world\\\/es\\\/preguntas-frecuentes\\\/#breadcrumb\"},\"inLanguage\":\"es\",\"potentialAction\":[{\"@type\":\"ReadAction\",\"target\":[\"https:\\\/\\\/orato.world\\\/es\\\/preguntas-frecuentes\\\/\"]}]},{\"@type\":\"ImageObject\",\"inLanguage\":\"es\",\"@id\":\"https:\\\/\\\/orato.world\\\/es\\\/preguntas-frecuentes\\\/#primaryimage\",\"url\":\"https:\\\/\\\/orato.world\\\/wp-content\\\/uploads\\\/jon-tyson-hhq1Lxtuwd8-unsplash-scaled.jpg\",\"contentUrl\":\"https:\\\/\\\/orato.world\\\/wp-content\\\/uploads\\\/jon-tyson-hhq1Lxtuwd8-unsplash-scaled.jpg\",\"width\":2560,\"height\":2560,\"caption\":\"Photo by Jon Tyson on Unsplash\"},{\"@type\":\"BreadcrumbList\",\"@id\":\"https:\\\/\\\/orato.world\\\/es\\\/preguntas-frecuentes\\\/#breadcrumb\",\"itemListElement\":[{\"@type\":\"ListItem\",\"position\":1,\"name\":\"Home\",\"item\":\"https:\\\/\\\/orato.world\\\/es\\\/\"},{\"@type\":\"ListItem\",\"position\":2,\"name\":\"Preguntas frecuentes\"}]},{\"@type\":\"WebSite\",\"@id\":\"https:\\\/\\\/orato.world\\\/es\\\/#website\",\"url\":\"https:\\\/\\\/orato.world\\\/es\\\/\",\"name\":\"Orato\",\"description\":\"True Stories. Real People\",\"publisher\":{\"@id\":\"https:\\\/\\\/orato.world\\\/es\\\/#organization\"},\"potentialAction\":[{\"@type\":\"SearchAction\",\"target\":{\"@type\":\"EntryPoint\",\"urlTemplate\":\"https:\\\/\\\/orato.world\\\/es\\\/?s={search_term_string}\"},\"query-input\":{\"@type\":\"PropertyValueSpecification\",\"valueRequired\":true,\"valueName\":\"search_term_string\"}}],\"inLanguage\":\"es\"},{\"@type\":\"Organization\",\"@id\":\"https:\\\/\\\/orato.world\\\/es\\\/#organization\",\"name\":\"Orato World Media Inc.\",\"url\":\"https:\\\/\\\/orato.world\\\/es\\\/\",\"logo\":{\"@type\":\"ImageObject\",\"inLanguage\":\"es\",\"@id\":\"https:\\\/\\\/orato.world\\\/es\\\/#\\\/schema\\\/logo\\\/image\\\/\",\"url\":\"https:\\\/\\\/orato.world\\\/wp-content\\\/uploads\\\/2020\\\/07\\\/orato-logo-transparent.png\",\"contentUrl\":\"https:\\\/\\\/orato.world\\\/wp-content\\\/uploads\\\/2020\\\/07\\\/orato-logo-transparent.png\",\"width\":78,\"height\":73,\"caption\":\"Orato World Media Inc.\"},\"image\":{\"@id\":\"https:\\\/\\\/orato.world\\\/es\\\/#\\\/schema\\\/logo\\\/image\\\/\"},\"sameAs\":[\"https:\\\/\\\/www.facebook.com\\\/OratoWorld\\\/\",\"https:\\\/\\\/x.com\\\/oratoworld\",\"https:\\\/\\\/www.instagram.com\\\/oratoworld\",\"https:\\\/\\\/www.linkedin.com\\\/company\\\/42308818\\\/\"]}]}<\/script>\n<!-- \/ Yoast SEO Premium plugin. -->","yoast_head_json":{"title":"Preguntas frecuentes - Orato","description":"We are looking for freelancers who can reach out to those who have experienced life-altering or ground-shaking events for first-person narrative stories on our site.","robots":{"index":"index","follow":"follow","max-snippet":"max-snippet:-1","max-image-preview":"max-image-preview:large","max-video-preview":"max-video-preview:-1"},"canonical":"https:\/\/orato.world\/es\/preguntas-frecuentes\/","og_locale":"es_ES","og_type":"article","og_title":"Preguntas frecuentes","og_description":"We are looking for freelancers who can reach out to those who have experienced life-altering or ground-shaking events for first-person narrative stories on our site.","og_url":"https:\/\/orato.world\/es\/preguntas-frecuentes\/","og_site_name":"Orato","article_publisher":"https:\/\/www.facebook.com\/OratoWorld\/","article_modified_time":"2022-12-26T11:35:11+00:00","og_image":[{"width":2560,"height":2560,"url":"https:\/\/orato.world\/wp-content\/uploads\/jon-tyson-hhq1Lxtuwd8-unsplash-scaled.jpg","type":"image\/jpeg"}],"twitter_card":"summary_large_image","twitter_site":"@oratoworld","twitter_misc":{"Tiempo de lectura":"3 minutos"},"schema":{"@context":"https:\/\/schema.org","@graph":[{"@type":"WebPage","@id":"https:\/\/orato.world\/es\/preguntas-frecuentes\/","url":"https:\/\/orato.world\/es\/preguntas-frecuentes\/","name":"Preguntas frecuentes - Orato","isPartOf":{"@id":"https:\/\/orato.world\/es\/#website"},"primaryImageOfPage":{"@id":"https:\/\/orato.world\/es\/preguntas-frecuentes\/#primaryimage"},"image":{"@id":"https:\/\/orato.world\/es\/preguntas-frecuentes\/#primaryimage"},"thumbnailUrl":"https:\/\/orato.world\/wp-content\/uploads\/jon-tyson-hhq1Lxtuwd8-unsplash-scaled.jpg","datePublished":"2020-07-16T21:26:42+00:00","dateModified":"2022-12-26T11:35:11+00:00","description":"We are looking for freelancers who can reach out to those who have experienced life-altering or ground-shaking events for first-person narrative stories on our site.","breadcrumb":{"@id":"https:\/\/orato.world\/es\/preguntas-frecuentes\/#breadcrumb"},"inLanguage":"es","potentialAction":[{"@type":"ReadAction","target":["https:\/\/orato.world\/es\/preguntas-frecuentes\/"]}]},{"@type":"ImageObject","inLanguage":"es","@id":"https:\/\/orato.world\/es\/preguntas-frecuentes\/#primaryimage","url":"https:\/\/orato.world\/wp-content\/uploads\/jon-tyson-hhq1Lxtuwd8-unsplash-scaled.jpg","contentUrl":"https:\/\/orato.world\/wp-content\/uploads\/jon-tyson-hhq1Lxtuwd8-unsplash-scaled.jpg","width":2560,"height":2560,"caption":"Photo by Jon Tyson on Unsplash"},{"@type":"BreadcrumbList","@id":"https:\/\/orato.world\/es\/preguntas-frecuentes\/#breadcrumb","itemListElement":[{"@type":"ListItem","position":1,"name":"Home","item":"https:\/\/orato.world\/es\/"},{"@type":"ListItem","position":2,"name":"Preguntas frecuentes"}]},{"@type":"WebSite","@id":"https:\/\/orato.world\/es\/#website","url":"https:\/\/orato.world\/es\/","name":"Orato","description":"True Stories. Real People","publisher":{"@id":"https:\/\/orato.world\/es\/#organization"},"potentialAction":[{"@type":"SearchAction","target":{"@type":"EntryPoint","urlTemplate":"https:\/\/orato.world\/es\/?s={search_term_string}"},"query-input":{"@type":"PropertyValueSpecification","valueRequired":true,"valueName":"search_term_string"}}],"inLanguage":"es"},{"@type":"Organization","@id":"https:\/\/orato.world\/es\/#organization","name":"Orato World Media Inc.","url":"https:\/\/orato.world\/es\/","logo":{"@type":"ImageObject","inLanguage":"es","@id":"https:\/\/orato.world\/es\/#\/schema\/logo\/image\/","url":"https:\/\/orato.world\/wp-content\/uploads\/2020\/07\/orato-logo-transparent.png","contentUrl":"https:\/\/orato.world\/wp-content\/uploads\/2020\/07\/orato-logo-transparent.png","width":78,"height":73,"caption":"Orato World Media Inc."},"image":{"@id":"https:\/\/orato.world\/es\/#\/schema\/logo\/image\/"},"sameAs":["https:\/\/www.facebook.com\/OratoWorld\/","https:\/\/x.com\/oratoworld","https:\/\/www.instagram.com\/oratoworld","https:\/\/www.linkedin.com\/company\/42308818\/"]}]}},"uagb_featured_image_src":{"full":["https:\/\/orato.world\/wp-content\/uploads\/jon-tyson-hhq1Lxtuwd8-unsplash-scaled.jpg",2560,2560,false],"thumbnail":["https:\/\/orato.world\/wp-content\/uploads\/jon-tyson-hhq1Lxtuwd8-unsplash-100x100.jpg",100,100,true],"medium":["https:\/\/orato.world\/wp-content\/uploads\/jon-tyson-hhq1Lxtuwd8-unsplash-300x300.jpg",300,300,true],"medium_large":["https:\/\/orato.world\/wp-content\/uploads\/jon-tyson-hhq1Lxtuwd8-unsplash-770x770.jpg",640,640,true],"large":["https:\/\/orato.world\/wp-content\/uploads\/jon-tyson-hhq1Lxtuwd8-unsplash-1024x1024.jpg",640,640,true],"1536x1536":["https:\/\/orato.world\/wp-content\/uploads\/jon-tyson-hhq1Lxtuwd8-unsplash-1536x1536.jpg",1536,1536,true],"2048x2048":["https:\/\/orato.world\/wp-content\/uploads\/jon-tyson-hhq1Lxtuwd8-unsplash-2048x2048.jpg",2048,2048,true],"gallery-size":["https:\/\/orato.world\/wp-content\/uploads\/jon-tyson-hhq1Lxtuwd8-unsplash-scaled.jpg",400,400,false],"lets-review-360-240":["https:\/\/orato.world\/wp-content\/uploads\/jon-tyson-hhq1Lxtuwd8-unsplash-scaled.jpg",240,240,false],"gform-image-choice-sm":["https:\/\/orato.world\/wp-content\/uploads\/jon-tyson-hhq1Lxtuwd8-unsplash-scaled.jpg",300,300,false],"gform-image-choice-md":["https:\/\/orato.world\/wp-content\/uploads\/jon-tyson-hhq1Lxtuwd8-unsplash-scaled.jpg",400,400,false],"gform-image-choice-lg":["https:\/\/orato.world\/wp-content\/uploads\/jon-tyson-hhq1Lxtuwd8-unsplash-scaled.jpg",600,600,false],"awsm_team":["https:\/\/orato.world\/wp-content\/uploads\/jon-tyson-hhq1Lxtuwd8-unsplash-500x500.jpg",500,500,true]},"uagb_author_info":{"display_name":"Orato Staff","author_link":"https:\/\/orato.world\/es\/author\/orato-staff\/"},"uagb_comment_info":0,"uagb_excerpt":null,"_links":{"self":[{"href":"https:\/\/orato.world\/es\/wp-json\/wp\/v2\/pages\/5133","targetHints":{"allow":["GET"]}}],"collection":[{"href":"https:\/\/orato.world\/es\/wp-json\/wp\/v2\/pages"}],"about":[{"href":"https:\/\/orato.world\/es\/wp-json\/wp\/v2\/types\/page"}],"author":[{"embeddable":true,"href":"https:\/\/orato.world\/es\/wp-json\/wp\/v2\/users\/11"}],"replies":[{"embeddable":true,"href":"https:\/\/orato.world\/es\/wp-json\/wp\/v2\/comments?post=5133"}],"version-history":[{"count":0,"href":"https:\/\/orato.world\/es\/wp-json\/wp\/v2\/pages\/5133\/revisions"}],"wp:featuredmedia":[{"embeddable":true,"href":"https:\/\/orato.world\/es\/wp-json\/wp\/v2\/media\/9638"}],"wp:attachment":[{"href":"https:\/\/orato.world\/es\/wp-json\/wp\/v2\/media?parent=5133"}],"curies":[{"name":"wp","href":"https:\/\/api.w.org\/{rel}","templated":true}]}}