{"id":5150,"date":"2018-06-02T14:51:29","date_gmt":"2018-06-02T21:51:29","guid":{"rendered":"https:\/\/orato.world\/homepage\/"},"modified":"2023-02-10T01:13:22","modified_gmt":"2023-02-10T09:13:22","slug":"homepage","status":"publish","type":"page","link":"https:\/\/orato.world\/es\/","title":{"rendered":"P\u00e1gina principal"},"content":{"rendered":"<h3><span style=\"color: #cc4125;\"><a href=\"https:\/\/orato.world\/es\/latinoamerica\/\" target=\"_blank\" rel=\"noopener noreferrer\">Latinoam\u00e9rica<\/a><\/span><\/h3>\n<h3><span style=\"color: #cc4125;\"><a href=\"https:\/\/orato.world\/es\/norte-america\/\" target=\"_blank\" rel=\"noopener noreferrer\">Norte Am\u00e9rica<\/a><\/span><\/h3>\n<h3><span style=\"color: #cc4125;\"><a href=\"https:\/\/orato.world\/es\/asia-rusia\/\" target=\"_blank\" rel=\"noopener noreferrer\"><span style=\"font-size: 24px\">Asia &amp; Rusia<\/span><\/a><\/span><\/h3>\n<p><img decoding=\"async\" src=\"https:\/\/orato.world\/wp-content\/uploads\/2-1.png\"><\/p>\n<h3><span style=\"color: #cc4125;\"><a href=\"https:\/\/orato.world\/es\/africa\" target=\"_blank\" rel=\"noopener noreferrer\">\u00c1frica<\/a><\/span><\/h3>\n<h3><span style=\"color: #cc4125;\"><a href=\"https:\/\/orato.world\/es\/europa\/\" rel=\"\"><span style=\"font-size: 24px\">Europa<\/span><\/a><\/span><\/h3>\n<h3><span style=\"color: #cc4125;\"><a href=\"https:\/\/orato.world\/es\/australia-nueva-zelanda\/\" target=\"_blank\" rel=\"noopener noreferrer\"><span style=\"font-size: 24px\">Australia &amp; Nueva Zelanda<\/span><\/a><\/span><\/h3>\n","protected":false},"excerpt":{"rendered":"<p>Latinoam\u00e9rica Norte Am\u00e9rica Asia &amp; Rusia \u00c1frica Europa Australia &amp; Nueva Zelanda<\/p>\n","protected":false},"author":11,"featured_media":69387,"parent":0,"menu_order":0,"comment_status":"closed","ping_status":"closed","template":"page-template\/home.php","meta":{"_acf_changed":false,"_uag_custom_page_level_css":"","_lmt_disableupdate":"no","_lmt_disable":"no","footnotes":""},"class_list":["post-5150","page","type-page","status-publish","has-post-thumbnail","hentry"],"acf":[],"yoast_head":"<!-- This site is optimized with the Yoast SEO Premium plugin v27.3 (Yoast SEO v27.3) - https:\/\/yoast.com\/product\/yoast-seo-premium-wordpress\/ -->\n<title>P\u00e1gina principal - Orato<\/title>\n<meta name=\"description\" content=\"Buscamos periodistas independientes para llegar a aquellos que han experimentado eventos innovadores para historias narrativas en primera persona.\" \/>\n<meta name=\"robots\" content=\"index, follow, max-snippet:-1, max-image-preview:large, max-video-preview:-1\" \/>\n<link rel=\"canonical\" href=\"https:\/\/orato.world\/es\/\" \/>\n<meta property=\"og:locale\" content=\"es_ES\" \/>\n<meta property=\"og:type\" content=\"article\" \/>\n<meta property=\"og:title\" content=\"P\u00e1gina principal\" \/>\n<meta property=\"og:description\" content=\"Buscamos periodistas independientes para llegar a aquellos que han experimentado eventos innovadores para historias narrativas en primera persona.\" \/>\n<meta property=\"og:url\" content=\"https:\/\/orato.world\/es\/\" \/>\n<meta property=\"og:site_name\" content=\"Orato\" \/>\n<meta property=\"article:publisher\" content=\"https:\/\/www.facebook.com\/OratoWorld\/\" \/>\n<meta property=\"article:modified_time\" content=\"2023-02-10T09:13:22+00:00\" \/>\n<meta property=\"og:image\" content=\"https:\/\/orato.world\/wp-content\/uploads\/Bp0kmlOvXPYBAhgcyA0lvBbT-CxDIoOZGWnITi9Bo7k-1024x768-1.webp\" \/>\n\t<meta property=\"og:image:width\" content=\"1024\" \/>\n\t<meta property=\"og:image:height\" content=\"768\" \/>\n\t<meta property=\"og:image:type\" content=\"image\/webp\" \/>\n<meta name=\"twitter:card\" content=\"summary_large_image\" \/>\n<meta name=\"twitter:site\" content=\"@oratoworld\" \/>\n<meta name=\"twitter:label1\" content=\"Tiempo de lectura\" \/>\n\t<meta name=\"twitter:data1\" content=\"1 minuto\" \/>\n<script type=\"application\/ld+json\" class=\"yoast-schema-graph\">{\"@context\":\"https:\\\/\\\/schema.org\",\"@graph\":[{\"@type\":\"WebPage\",\"@id\":\"https:\\\/\\\/orato.world\\\/es\\\/\",\"url\":\"https:\\\/\\\/orato.world\\\/es\\\/\",\"name\":\"P\u00e1gina principal - Orato\",\"isPartOf\":{\"@id\":\"https:\\\/\\\/orato.world\\\/es\\\/#website\"},\"primaryImageOfPage\":{\"@id\":\"https:\\\/\\\/orato.world\\\/es\\\/#primaryimage\"},\"image\":{\"@id\":\"https:\\\/\\\/orato.world\\\/es\\\/#primaryimage\"},\"thumbnailUrl\":\"https:\\\/\\\/orato.world\\\/wp-content\\\/uploads\\\/Bp0kmlOvXPYBAhgcyA0lvBbT-CxDIoOZGWnITi9Bo7k-1024x768-1.webp\",\"datePublished\":\"2018-06-02T21:51:29+00:00\",\"dateModified\":\"2023-02-10T09:13:22+00:00\",\"description\":\"Buscamos periodistas independientes para llegar a aquellos que han experimentado eventos innovadores para historias narrativas en primera persona.\",\"breadcrumb\":{\"@id\":\"https:\\\/\\\/orato.world\\\/es\\\/#breadcrumb\"},\"inLanguage\":\"es\",\"potentialAction\":[{\"@type\":\"ReadAction\",\"target\":[\"https:\\\/\\\/orato.world\\\/es\\\/\"]}]},{\"@type\":\"ImageObject\",\"inLanguage\":\"es\",\"@id\":\"https:\\\/\\\/orato.world\\\/es\\\/#primaryimage\",\"url\":\"https:\\\/\\\/orato.world\\\/wp-content\\\/uploads\\\/Bp0kmlOvXPYBAhgcyA0lvBbT-CxDIoOZGWnITi9Bo7k-1024x768-1.webp\",\"contentUrl\":\"https:\\\/\\\/orato.world\\\/wp-content\\\/uploads\\\/Bp0kmlOvXPYBAhgcyA0lvBbT-CxDIoOZGWnITi9Bo7k-1024x768-1.webp\",\"width\":1024,\"height\":768,\"caption\":\"The app Figuritas garnered over 1.5 million downloads with the FIFA World Cup in Qatar | Photo courtesy of Mat\u00edas Jurfest\"},{\"@type\":\"BreadcrumbList\",\"@id\":\"https:\\\/\\\/orato.world\\\/es\\\/#breadcrumb\",\"itemListElement\":[{\"@type\":\"ListItem\",\"position\":1,\"name\":\"Home\",\"item\":\"https:\\\/\\\/orato.world\\\/es\\\/\"},{\"@type\":\"ListItem\",\"position\":2,\"name\":\"P\u00e1gina principal\"}]},{\"@type\":\"WebSite\",\"@id\":\"https:\\\/\\\/orato.world\\\/es\\\/#website\",\"url\":\"https:\\\/\\\/orato.world\\\/es\\\/\",\"name\":\"Orato\",\"description\":\"True Stories. Real People\",\"publisher\":{\"@id\":\"https:\\\/\\\/orato.world\\\/es\\\/#organization\"},\"potentialAction\":[{\"@type\":\"SearchAction\",\"target\":{\"@type\":\"EntryPoint\",\"urlTemplate\":\"https:\\\/\\\/orato.world\\\/es\\\/?s={search_term_string}\"},\"query-input\":{\"@type\":\"PropertyValueSpecification\",\"valueRequired\":true,\"valueName\":\"search_term_string\"}}],\"inLanguage\":\"es\"},{\"@type\":\"Organization\",\"@id\":\"https:\\\/\\\/orato.world\\\/es\\\/#organization\",\"name\":\"Orato World Media Inc.\",\"url\":\"https:\\\/\\\/orato.world\\\/es\\\/\",\"logo\":{\"@type\":\"ImageObject\",\"inLanguage\":\"es\",\"@id\":\"https:\\\/\\\/orato.world\\\/es\\\/#\\\/schema\\\/logo\\\/image\\\/\",\"url\":\"https:\\\/\\\/orato.world\\\/wp-content\\\/uploads\\\/2020\\\/07\\\/orato-logo-transparent.png\",\"contentUrl\":\"https:\\\/\\\/orato.world\\\/wp-content\\\/uploads\\\/2020\\\/07\\\/orato-logo-transparent.png\",\"width\":78,\"height\":73,\"caption\":\"Orato World Media Inc.\"},\"image\":{\"@id\":\"https:\\\/\\\/orato.world\\\/es\\\/#\\\/schema\\\/logo\\\/image\\\/\"},\"sameAs\":[\"https:\\\/\\\/www.facebook.com\\\/OratoWorld\\\/\",\"https:\\\/\\\/x.com\\\/oratoworld\",\"https:\\\/\\\/www.instagram.com\\\/oratoworld\",\"https:\\\/\\\/www.linkedin.com\\\/company\\\/42308818\\\/\"]}]}<\/script>\n<!-- \/ Yoast SEO Premium plugin. -->","yoast_head_json":{"title":"P\u00e1gina principal - Orato","description":"Buscamos periodistas independientes para llegar a aquellos que han experimentado eventos innovadores para historias narrativas en primera persona.","robots":{"index":"index","follow":"follow","max-snippet":"max-snippet:-1","max-image-preview":"max-image-preview:large","max-video-preview":"max-video-preview:-1"},"canonical":"https:\/\/orato.world\/es\/","og_locale":"es_ES","og_type":"article","og_title":"P\u00e1gina principal","og_description":"Buscamos periodistas independientes para llegar a aquellos que han experimentado eventos innovadores para historias narrativas en primera persona.","og_url":"https:\/\/orato.world\/es\/","og_site_name":"Orato","article_publisher":"https:\/\/www.facebook.com\/OratoWorld\/","article_modified_time":"2023-02-10T09:13:22+00:00","og_image":[{"width":1024,"height":768,"url":"https:\/\/orato.world\/wp-content\/uploads\/Bp0kmlOvXPYBAhgcyA0lvBbT-CxDIoOZGWnITi9Bo7k-1024x768-1.webp","type":"image\/webp"}],"twitter_card":"summary_large_image","twitter_site":"@oratoworld","twitter_misc":{"Tiempo de lectura":"1 minuto"},"schema":{"@context":"https:\/\/schema.org","@graph":[{"@type":"WebPage","@id":"https:\/\/orato.world\/es\/","url":"https:\/\/orato.world\/es\/","name":"P\u00e1gina principal - Orato","isPartOf":{"@id":"https:\/\/orato.world\/es\/#website"},"primaryImageOfPage":{"@id":"https:\/\/orato.world\/es\/#primaryimage"},"image":{"@id":"https:\/\/orato.world\/es\/#primaryimage"},"thumbnailUrl":"https:\/\/orato.world\/wp-content\/uploads\/Bp0kmlOvXPYBAhgcyA0lvBbT-CxDIoOZGWnITi9Bo7k-1024x768-1.webp","datePublished":"2018-06-02T21:51:29+00:00","dateModified":"2023-02-10T09:13:22+00:00","description":"Buscamos periodistas independientes para llegar a aquellos que han experimentado eventos innovadores para historias narrativas en primera persona.","breadcrumb":{"@id":"https:\/\/orato.world\/es\/#breadcrumb"},"inLanguage":"es","potentialAction":[{"@type":"ReadAction","target":["https:\/\/orato.world\/es\/"]}]},{"@type":"ImageObject","inLanguage":"es","@id":"https:\/\/orato.world\/es\/#primaryimage","url":"https:\/\/orato.world\/wp-content\/uploads\/Bp0kmlOvXPYBAhgcyA0lvBbT-CxDIoOZGWnITi9Bo7k-1024x768-1.webp","contentUrl":"https:\/\/orato.world\/wp-content\/uploads\/Bp0kmlOvXPYBAhgcyA0lvBbT-CxDIoOZGWnITi9Bo7k-1024x768-1.webp","width":1024,"height":768,"caption":"The app Figuritas garnered over 1.5 million downloads with the FIFA World Cup in Qatar | Photo courtesy of Mat\u00edas Jurfest"},{"@type":"BreadcrumbList","@id":"https:\/\/orato.world\/es\/#breadcrumb","itemListElement":[{"@type":"ListItem","position":1,"name":"Home","item":"https:\/\/orato.world\/es\/"},{"@type":"ListItem","position":2,"name":"P\u00e1gina principal"}]},{"@type":"WebSite","@id":"https:\/\/orato.world\/es\/#website","url":"https:\/\/orato.world\/es\/","name":"Orato","description":"True Stories. Real People","publisher":{"@id":"https:\/\/orato.world\/es\/#organization"},"potentialAction":[{"@type":"SearchAction","target":{"@type":"EntryPoint","urlTemplate":"https:\/\/orato.world\/es\/?s={search_term_string}"},"query-input":{"@type":"PropertyValueSpecification","valueRequired":true,"valueName":"search_term_string"}}],"inLanguage":"es"},{"@type":"Organization","@id":"https:\/\/orato.world\/es\/#organization","name":"Orato World Media Inc.","url":"https:\/\/orato.world\/es\/","logo":{"@type":"ImageObject","inLanguage":"es","@id":"https:\/\/orato.world\/es\/#\/schema\/logo\/image\/","url":"https:\/\/orato.world\/wp-content\/uploads\/2020\/07\/orato-logo-transparent.png","contentUrl":"https:\/\/orato.world\/wp-content\/uploads\/2020\/07\/orato-logo-transparent.png","width":78,"height":73,"caption":"Orato World Media Inc."},"image":{"@id":"https:\/\/orato.world\/es\/#\/schema\/logo\/image\/"},"sameAs":["https:\/\/www.facebook.com\/OratoWorld\/","https:\/\/x.com\/oratoworld","https:\/\/www.instagram.com\/oratoworld","https:\/\/www.linkedin.com\/company\/42308818\/"]}]}},"uagb_featured_image_src":{"full":["https:\/\/orato.world\/wp-content\/uploads\/Bp0kmlOvXPYBAhgcyA0lvBbT-CxDIoOZGWnITi9Bo7k-1024x768-1.webp",1024,768,false],"thumbnail":["https:\/\/orato.world\/wp-content\/uploads\/Bp0kmlOvXPYBAhgcyA0lvBbT-CxDIoOZGWnITi9Bo7k-1024x768-1-100x100.webp",100,100,true],"medium":["https:\/\/orato.world\/wp-content\/uploads\/Bp0kmlOvXPYBAhgcyA0lvBbT-CxDIoOZGWnITi9Bo7k-1024x768-1-300x225.webp",300,225,true],"medium_large":["https:\/\/orato.world\/wp-content\/uploads\/Bp0kmlOvXPYBAhgcyA0lvBbT-CxDIoOZGWnITi9Bo7k-1024x768-1-770x578.webp",640,480,true],"large":["https:\/\/orato.world\/wp-content\/uploads\/Bp0kmlOvXPYBAhgcyA0lvBbT-CxDIoOZGWnITi9Bo7k-1024x768-1.webp",640,480,false],"1536x1536":["https:\/\/orato.world\/wp-content\/uploads\/Bp0kmlOvXPYBAhgcyA0lvBbT-CxDIoOZGWnITi9Bo7k-1024x768-1.webp",1024,768,false],"2048x2048":["https:\/\/orato.world\/wp-content\/uploads\/Bp0kmlOvXPYBAhgcyA0lvBbT-CxDIoOZGWnITi9Bo7k-1024x768-1.webp",1024,768,false],"gallery-size":["https:\/\/orato.world\/wp-content\/uploads\/Bp0kmlOvXPYBAhgcyA0lvBbT-CxDIoOZGWnITi9Bo7k-1024x768-1-533x400.webp",533,400,true],"lets-review-360-240":["https:\/\/orato.world\/wp-content\/uploads\/Bp0kmlOvXPYBAhgcyA0lvBbT-CxDIoOZGWnITi9Bo7k-1024x768-1-360x240.webp",360,240,true],"gform-image-choice-sm":["https:\/\/orato.world\/wp-content\/uploads\/Bp0kmlOvXPYBAhgcyA0lvBbT-CxDIoOZGWnITi9Bo7k-1024x768-1.webp",300,225,false],"gform-image-choice-md":["https:\/\/orato.world\/wp-content\/uploads\/Bp0kmlOvXPYBAhgcyA0lvBbT-CxDIoOZGWnITi9Bo7k-1024x768-1.webp",400,300,false],"gform-image-choice-lg":["https:\/\/orato.world\/wp-content\/uploads\/Bp0kmlOvXPYBAhgcyA0lvBbT-CxDIoOZGWnITi9Bo7k-1024x768-1.webp",600,450,false],"awsm_team":["https:\/\/orato.world\/wp-content\/uploads\/Bp0kmlOvXPYBAhgcyA0lvBbT-CxDIoOZGWnITi9Bo7k-1024x768-1-500x500.webp",500,500,true]},"uagb_author_info":{"display_name":"Orato Staff","author_link":"https:\/\/orato.world\/es\/author\/orato-staff\/"},"uagb_comment_info":0,"uagb_excerpt":"Latinoam\u00e9rica Norte Am\u00e9rica Asia &amp; Rusia \u00c1frica Europa Australia &amp; Nueva Zelanda","_links":{"self":[{"href":"https:\/\/orato.world\/es\/wp-json\/wp\/v2\/pages\/5150","targetHints":{"allow":["GET"]}}],"collection":[{"href":"https:\/\/orato.world\/es\/wp-json\/wp\/v2\/pages"}],"about":[{"href":"https:\/\/orato.world\/es\/wp-json\/wp\/v2\/types\/page"}],"author":[{"embeddable":true,"href":"https:\/\/orato.world\/es\/wp-json\/wp\/v2\/users\/11"}],"replies":[{"embeddable":true,"href":"https:\/\/orato.world\/es\/wp-json\/wp\/v2\/comments?post=5150"}],"version-history":[{"count":0,"href":"https:\/\/orato.world\/es\/wp-json\/wp\/v2\/pages\/5150\/revisions"}],"wp:featuredmedia":[{"embeddable":true,"href":"https:\/\/orato.world\/es\/wp-json\/wp\/v2\/media\/69387"}],"wp:attachment":[{"href":"https:\/\/orato.world\/es\/wp-json\/wp\/v2\/media?parent=5150"}],"curies":[{"name":"wp","href":"https:\/\/api.w.org\/{rel}","templated":true}]}}