{"id":68069,"date":"2021-08-04T21:13:37","date_gmt":"2021-08-05T04:13:37","guid":{"rendered":"https:\/\/orato.world\/?page_id=68069"},"modified":"2023-01-30T05:15:24","modified_gmt":"2023-01-30T13:15:24","slug":"corresponsales-extranjeros","status":"publish","type":"page","link":"https:\/\/orato.world\/es\/corresponsales-extranjeros\/","title":{"rendered":"Corresponsales Extranjeros"},"content":{"rendered":"\n<p>Corresponsales extranjeros de Orato World Media &#8211; Posici\u00f3n remota<\/p>\n\n\n\n<p>B\u00fasqueda de corresponsales extranjeros<\/p>\n\n\n\n<p>En pa\u00edses de Am\u00e9rica del Sur, Am\u00e9rica Central, India, Am\u00e9rica del Norte, \u00c1frica, Medio Oriente, China, Rusia, los Balcanes, Europa e Israel.<\/p>\n\n\n\n<p>\u00bfEs usted un periodista independiente o un escritor profesional interesado en crear una plataforma editorial internacional creciente e inspiradora?<\/p>\n\n\n\n<p>Orato World Media publica historias reales sobre personas reales escritas y verificadas por periodistas de todo el mundo. Nuestra visi\u00f3n en Orato es recuperar la confianza en los eventos de los medios de comunicaci\u00f3n publicando solo contenido verificable, escrito en las palabras de quienes realmente experimentaron el evento. Al brindarles a hombres, mujeres y ni\u00f1os de todo el mundo la oportunidad de decir su verdad y al publicar sus historias en ingl\u00e9s y en su idioma nativo, Orato nos permite compartir valores comunes al alentar a los ciudadanos a aprender, comprender y empatizar con unos a otros, ayudando a eliminar la divisi\u00f3n que nos separa.<\/p>\n\n\n\n<p>En orato.staging.tempurl.host, somos un grupo de reporteros, escritores profesionales, editores, desarrolladores, fot\u00f3grafos, vide\u00f3grafos, ilustradores y profesionales apasionados por el periodismo, la alfabetizaci\u00f3n medi\u00e1tica, la humanidad, la democracia justa y libre y el fin de la era de desinformaci\u00f3n. Somos una marca global que cree en lo que nosotros, como profesionales de los medios, somos capaces de hacer en un equipo din\u00e1mico, colaborativo y solidario.<\/p>\n\n\n\n<p>Acerca de la oportunidad<\/p>\n\n\n\n<p>Corresponsales Extranjeros trabajar\u00e1 junto al equipo de Orato a trav\u00e9s de plataformas digitales. Los corresponsales extranjeros contratados de forma continua deber\u00e1n producir 2,5 historias por semana, con un promedio de 10 historias cada cuatro semanas, que cumplan con el est\u00e1ndar claro de lo que constituye una historia de Orato. La producci\u00f3n de historias incluye la identificaci\u00f3n de temas, entrevistas y redacci\u00f3n. Las historias calificadas luego se env\u00edan para la edici\u00f3n final. Para cada historia, los corresponsales extranjeros son responsables de verificar e investigar la secci\u00f3n contextual de &#8216;antecedentes&#8217; para confirmar la veracidad de la historia, identificar y definir positivamente el perfil del sujeto y proporcionar todos los recursos multimedia disponibles que pueden incluir, entre otros, fotos, videos y\/o clips de audio.<\/p>\n\n\n\n<p>Los candidatos deben ser biling\u00fces y hablar y escribir con fluidez en ingl\u00e9s, as\u00ed como en su idioma nativo. Los corresponsales extranjeros tambi\u00e9n deben dominar las t\u00e9cnicas de marketing en redes sociales para que Orato pueda ampliar su alcance e impregnar la marca al compartir nuestras historias \u00fanicas, inspiradoras y poderosas en sus propias redes sociales y en sus comunidades, as\u00ed como animar a los sujetos a hacer lo igual que corresponda.<\/p>\n\n\n\n<p>Los corresponsales extranjeros ser\u00e1n seleccionados del grupo de periodistas independientes actuales que escriben para Orato y aquellos que se unen al \u00abCanal Inside Orato\u00bb, que es gratuito, r\u00e1pido y f\u00e1cil. El primer paso para ser considerado para corresponsales extranjeros es visitar orato.staging.tempurl.host hoy, completar la Evaluaci\u00f3n de Freelancer y comenzar a presentar y ganar dinero por las historias aprobadas que escriba a la tarifa de tarifa por historia divulgada p\u00fablicamente (Pitch Stories (Orato). Los freelancers ser\u00e1n revisados \u200b\u200bcontinuamente para oportunidades de corresponsal extranjero a medida que nuestra marca crezca, ampliemos el alcance de nuestra audiencia y est\u00e9n disponibles.<\/p>\n\n\n\n<p>A los editores regionales se les pagar\u00e1 seg\u00fan una tarifa mensual continua, dependiendo de la entrega de 2.5 historias por semana o 10 historias cada cuatro semanas, incluidas 8 historias de formato corto y 2 de formato largo. Esa tarifa mensual excede la tarifa por piso pagada a los trabajadores independientes.<\/p>\n\n\n\n<p>Cualificaciones t\u00e9cnicas<\/p>\n\n\n\n<p>Los trabajadores aut\u00f3nomos de Orato y los corresponsales extranjeros deben ser periodistas experimentados que est\u00e9n familiarizados con los est\u00e1ndares de la APA y capaces de escribir en el estilo de primera persona de Orato, manteniendo s\u00f3lidas habilidades de verificaci\u00f3n y verificaci\u00f3n de hechos.<\/p>\n\n\n\n<p>En Orato, no discriminamos a nadie por su raza, color, religi\u00f3n, orientaci\u00f3n sexual, expresi\u00f3n de g\u00e9nero, edad, origen nacional y\/o habilidades o discapacidades \u00fanicas, y usted tampoco lo har\u00e1. Asciende en antig\u00fcedad a medida que demuestra competencia en escritura y habilidades de edici\u00f3n. Las habilidades en fotograf\u00eda, videograf\u00eda, podcasting y\/o ilustraci\u00f3n solo mejorar\u00e1n las historias. Como m\u00ednimo, los trabajadores independientes y los corresponsales extranjeros deben poder obtener activos multimedia para acompa\u00f1ar las historias.<\/p>\n\n\n\n<p>De gran prioridad es la capacidad de trabajar con los miembros del equipo en un ambiente de trabajo saludable, inclusivo y de apoyo para todos.<\/p>\n\n\n\n<p>Entonces califique:<\/p>\n\n\n\n<p>Visite Orato.Staging.Temporal.Host y Complete Freelancer Assessment. Una vez aceptado, \u00fanase tambi\u00e9n<\/p>\n\n\n\n<p>Grupo Inside-Orato y empiezo a reivindicar o lanzar historias. Los corresponsales extranjeros se seleccionar\u00e1n del grupo actual y activo de aut\u00f3nomos a medida que haya puestos de RE disponibles.<\/p>\n\n\n\n<div class=\"wp-block-buttons is-layout-flex wp-block-buttons-is-layout-flex\">\n<div class=\"wp-block-button\"><a class=\"wp-block-button__link wp-element-button\" href=\"https:\/\/www.linkedin.com\/company\/oratoworld\">Solicitar<\/a><\/div>\n<\/div>\n","protected":false},"excerpt":{"rendered":"<p>Corresponsales extranjeros de Orato World Media &#8211; Posici\u00f3n remota B\u00fasqueda de corresponsales extranjeros En pa\u00edses de Am\u00e9rica del Sur, Am\u00e9rica Central, India, Am\u00e9rica del Norte, \u00c1frica, Medio Oriente, China, Rusia, los Balcanes, Europa e Israel. \u00bfEs usted un periodista independiente o un escritor profesional interesado en crear una plataforma editorial internacional creciente e inspiradora? Orato [&hellip;]<\/p>\n","protected":false},"author":70,"featured_media":0,"parent":0,"menu_order":0,"comment_status":"closed","ping_status":"closed","template":"","meta":{"_acf_changed":false,"_uag_custom_page_level_css":"","_lmt_disableupdate":"","_lmt_disable":"","footnotes":""},"class_list":["post-68069","page","type-page","status-publish","hentry"],"acf":[],"yoast_head":"<!-- This site is optimized with the Yoast SEO Premium plugin v27.3 (Yoast SEO v27.3) - https:\/\/yoast.com\/product\/yoast-seo-premium-wordpress\/ -->\n<title>Corresponsales Extranjeros - Orato<\/title>\n<meta name=\"description\" content=\"We are looking for freelancers who can reach out to those who have experienced life-altering or ground-shaking events for first-person narrative stories on our site.\" \/>\n<meta name=\"robots\" content=\"index, follow, max-snippet:-1, max-image-preview:large, max-video-preview:-1\" \/>\n<link rel=\"canonical\" href=\"https:\/\/orato.world\/es\/corresponsales-extranjeros\/\" \/>\n<meta property=\"og:locale\" content=\"es_ES\" \/>\n<meta property=\"og:type\" content=\"article\" \/>\n<meta property=\"og:title\" content=\"Corresponsales Extranjeros\" \/>\n<meta property=\"og:description\" content=\"We are looking for freelancers who can reach out to those who have experienced life-altering or ground-shaking events for first-person narrative stories on our site.\" \/>\n<meta property=\"og:url\" content=\"https:\/\/orato.world\/es\/corresponsales-extranjeros\/\" \/>\n<meta property=\"og:site_name\" content=\"Orato\" \/>\n<meta property=\"article:publisher\" content=\"https:\/\/www.facebook.com\/OratoWorld\/\" \/>\n<meta property=\"article:modified_time\" content=\"2023-01-30T13:15:24+00:00\" \/>\n<meta property=\"og:image\" content=\"https:\/\/orato.world\/wp-content\/uploads\/Thumb-logo-orato.png\" \/>\n\t<meta property=\"og:image:width\" content=\"381\" \/>\n\t<meta property=\"og:image:height\" content=\"186\" \/>\n\t<meta property=\"og:image:type\" content=\"image\/png\" \/>\n<meta name=\"twitter:card\" content=\"summary_large_image\" \/>\n<meta name=\"twitter:site\" content=\"@oratoworld\" \/>\n<meta name=\"twitter:label1\" content=\"Tiempo de lectura\" \/>\n\t<meta name=\"twitter:data1\" content=\"4 minutos\" \/>\n<script type=\"application\/ld+json\" class=\"yoast-schema-graph\">{\"@context\":\"https:\\\/\\\/schema.org\",\"@graph\":[{\"@type\":\"WebPage\",\"@id\":\"https:\\\/\\\/orato.world\\\/es\\\/corresponsales-extranjeros\\\/\",\"url\":\"https:\\\/\\\/orato.world\\\/es\\\/corresponsales-extranjeros\\\/\",\"name\":\"Corresponsales Extranjeros - Orato\",\"isPartOf\":{\"@id\":\"https:\\\/\\\/orato.world\\\/es\\\/#website\"},\"datePublished\":\"2021-08-05T04:13:37+00:00\",\"dateModified\":\"2023-01-30T13:15:24+00:00\",\"description\":\"We are looking for freelancers who can reach out to those who have experienced life-altering or ground-shaking events for first-person narrative stories on our site.\",\"breadcrumb\":{\"@id\":\"https:\\\/\\\/orato.world\\\/es\\\/corresponsales-extranjeros\\\/#breadcrumb\"},\"inLanguage\":\"es\",\"potentialAction\":[{\"@type\":\"ReadAction\",\"target\":[\"https:\\\/\\\/orato.world\\\/es\\\/corresponsales-extranjeros\\\/\"]}]},{\"@type\":\"BreadcrumbList\",\"@id\":\"https:\\\/\\\/orato.world\\\/es\\\/corresponsales-extranjeros\\\/#breadcrumb\",\"itemListElement\":[{\"@type\":\"ListItem\",\"position\":1,\"name\":\"Home\",\"item\":\"https:\\\/\\\/orato.world\\\/es\\\/\"},{\"@type\":\"ListItem\",\"position\":2,\"name\":\"Corresponsales Extranjeros\"}]},{\"@type\":\"WebSite\",\"@id\":\"https:\\\/\\\/orato.world\\\/es\\\/#website\",\"url\":\"https:\\\/\\\/orato.world\\\/es\\\/\",\"name\":\"Orato\",\"description\":\"True Stories. Real People\",\"publisher\":{\"@id\":\"https:\\\/\\\/orato.world\\\/es\\\/#organization\"},\"potentialAction\":[{\"@type\":\"SearchAction\",\"target\":{\"@type\":\"EntryPoint\",\"urlTemplate\":\"https:\\\/\\\/orato.world\\\/es\\\/?s={search_term_string}\"},\"query-input\":{\"@type\":\"PropertyValueSpecification\",\"valueRequired\":true,\"valueName\":\"search_term_string\"}}],\"inLanguage\":\"es\"},{\"@type\":\"Organization\",\"@id\":\"https:\\\/\\\/orato.world\\\/es\\\/#organization\",\"name\":\"Orato World Media Inc.\",\"url\":\"https:\\\/\\\/orato.world\\\/es\\\/\",\"logo\":{\"@type\":\"ImageObject\",\"inLanguage\":\"es\",\"@id\":\"https:\\\/\\\/orato.world\\\/es\\\/#\\\/schema\\\/logo\\\/image\\\/\",\"url\":\"https:\\\/\\\/orato.world\\\/wp-content\\\/uploads\\\/2020\\\/07\\\/orato-logo-transparent.png\",\"contentUrl\":\"https:\\\/\\\/orato.world\\\/wp-content\\\/uploads\\\/2020\\\/07\\\/orato-logo-transparent.png\",\"width\":78,\"height\":73,\"caption\":\"Orato World Media Inc.\"},\"image\":{\"@id\":\"https:\\\/\\\/orato.world\\\/es\\\/#\\\/schema\\\/logo\\\/image\\\/\"},\"sameAs\":[\"https:\\\/\\\/www.facebook.com\\\/OratoWorld\\\/\",\"https:\\\/\\\/x.com\\\/oratoworld\",\"https:\\\/\\\/www.instagram.com\\\/oratoworld\",\"https:\\\/\\\/www.linkedin.com\\\/company\\\/42308818\\\/\"]}]}<\/script>\n<!-- \/ Yoast SEO Premium plugin. -->","yoast_head_json":{"title":"Corresponsales Extranjeros - Orato","description":"We are looking for freelancers who can reach out to those who have experienced life-altering or ground-shaking events for first-person narrative stories on our site.","robots":{"index":"index","follow":"follow","max-snippet":"max-snippet:-1","max-image-preview":"max-image-preview:large","max-video-preview":"max-video-preview:-1"},"canonical":"https:\/\/orato.world\/es\/corresponsales-extranjeros\/","og_locale":"es_ES","og_type":"article","og_title":"Corresponsales Extranjeros","og_description":"We are looking for freelancers who can reach out to those who have experienced life-altering or ground-shaking events for first-person narrative stories on our site.","og_url":"https:\/\/orato.world\/es\/corresponsales-extranjeros\/","og_site_name":"Orato","article_publisher":"https:\/\/www.facebook.com\/OratoWorld\/","article_modified_time":"2023-01-30T13:15:24+00:00","og_image":[{"width":381,"height":186,"url":"https:\/\/orato.world\/wp-content\/uploads\/Thumb-logo-orato.png","type":"image\/png"}],"twitter_card":"summary_large_image","twitter_site":"@oratoworld","twitter_misc":{"Tiempo de lectura":"4 minutos"},"schema":{"@context":"https:\/\/schema.org","@graph":[{"@type":"WebPage","@id":"https:\/\/orato.world\/es\/corresponsales-extranjeros\/","url":"https:\/\/orato.world\/es\/corresponsales-extranjeros\/","name":"Corresponsales Extranjeros - Orato","isPartOf":{"@id":"https:\/\/orato.world\/es\/#website"},"datePublished":"2021-08-05T04:13:37+00:00","dateModified":"2023-01-30T13:15:24+00:00","description":"We are looking for freelancers who can reach out to those who have experienced life-altering or ground-shaking events for first-person narrative stories on our site.","breadcrumb":{"@id":"https:\/\/orato.world\/es\/corresponsales-extranjeros\/#breadcrumb"},"inLanguage":"es","potentialAction":[{"@type":"ReadAction","target":["https:\/\/orato.world\/es\/corresponsales-extranjeros\/"]}]},{"@type":"BreadcrumbList","@id":"https:\/\/orato.world\/es\/corresponsales-extranjeros\/#breadcrumb","itemListElement":[{"@type":"ListItem","position":1,"name":"Home","item":"https:\/\/orato.world\/es\/"},{"@type":"ListItem","position":2,"name":"Corresponsales Extranjeros"}]},{"@type":"WebSite","@id":"https:\/\/orato.world\/es\/#website","url":"https:\/\/orato.world\/es\/","name":"Orato","description":"True Stories. Real People","publisher":{"@id":"https:\/\/orato.world\/es\/#organization"},"potentialAction":[{"@type":"SearchAction","target":{"@type":"EntryPoint","urlTemplate":"https:\/\/orato.world\/es\/?s={search_term_string}"},"query-input":{"@type":"PropertyValueSpecification","valueRequired":true,"valueName":"search_term_string"}}],"inLanguage":"es"},{"@type":"Organization","@id":"https:\/\/orato.world\/es\/#organization","name":"Orato World Media Inc.","url":"https:\/\/orato.world\/es\/","logo":{"@type":"ImageObject","inLanguage":"es","@id":"https:\/\/orato.world\/es\/#\/schema\/logo\/image\/","url":"https:\/\/orato.world\/wp-content\/uploads\/2020\/07\/orato-logo-transparent.png","contentUrl":"https:\/\/orato.world\/wp-content\/uploads\/2020\/07\/orato-logo-transparent.png","width":78,"height":73,"caption":"Orato World Media Inc."},"image":{"@id":"https:\/\/orato.world\/es\/#\/schema\/logo\/image\/"},"sameAs":["https:\/\/www.facebook.com\/OratoWorld\/","https:\/\/x.com\/oratoworld","https:\/\/www.instagram.com\/oratoworld","https:\/\/www.linkedin.com\/company\/42308818\/"]}]}},"uagb_featured_image_src":{"full":false,"thumbnail":false,"medium":false,"medium_large":false,"large":false,"1536x1536":false,"2048x2048":false,"gallery-size":false,"lets-review-360-240":false,"gform-image-choice-sm":false,"gform-image-choice-md":false,"gform-image-choice-lg":false,"awsm_team":false},"uagb_author_info":{"display_name":"Aurelie Msiza","author_link":"https:\/\/orato.world\/es\/author\/aurelie-msiza\/"},"uagb_comment_info":0,"uagb_excerpt":"Corresponsales extranjeros de Orato World Media &#8211; Posici\u00f3n remota B\u00fasqueda de corresponsales extranjeros En pa\u00edses de Am\u00e9rica del Sur, Am\u00e9rica Central, India, Am\u00e9rica del Norte, \u00c1frica, Medio Oriente, China, Rusia, los Balcanes, Europa e Israel. \u00bfEs usted un periodista independiente o un escritor profesional interesado en crear una plataforma editorial internacional creciente e inspiradora? Orato&hellip;","_links":{"self":[{"href":"https:\/\/orato.world\/es\/wp-json\/wp\/v2\/pages\/68069","targetHints":{"allow":["GET"]}}],"collection":[{"href":"https:\/\/orato.world\/es\/wp-json\/wp\/v2\/pages"}],"about":[{"href":"https:\/\/orato.world\/es\/wp-json\/wp\/v2\/types\/page"}],"author":[{"embeddable":true,"href":"https:\/\/orato.world\/es\/wp-json\/wp\/v2\/users\/70"}],"replies":[{"embeddable":true,"href":"https:\/\/orato.world\/es\/wp-json\/wp\/v2\/comments?post=68069"}],"version-history":[{"count":0,"href":"https:\/\/orato.world\/es\/wp-json\/wp\/v2\/pages\/68069\/revisions"}],"wp:attachment":[{"href":"https:\/\/orato.world\/es\/wp-json\/wp\/v2\/media?parent=68069"}],"curies":[{"name":"wp","href":"https:\/\/api.w.org\/{rel}","templated":true}]}}