{"id":8152,"date":"2021-02-02T15:15:10","date_gmt":"2021-02-02T23:15:10","guid":{"rendered":"https:\/\/orato.world\/guia-de-orato-para-freelancers\/"},"modified":"2022-02-21T17:15:22","modified_gmt":"2022-02-22T01:15:22","slug":"guia-de-orato-para-freelancers","status":"publish","type":"page","link":"https:\/\/orato.world\/es\/guia-de-orato-para-freelancers\/","title":{"rendered":"Gu\u00eda Orato para Freelancers"},"content":{"rendered":"\n<p>Valoramos el papel fundamental que desempe\u00f1an los periodistas en una democracia.<\/p>\n\n\n\n<p>Como una organizaci\u00f3n de noticias con colaboradores a nivel mundial, que produce contenido en varios idiomas, comprendemos  lo dif\u00edcil que puede ser producir contenido oportuno y atractivo dentro de una fecha l\u00edmite. Especialmente, si est\u00e1s escribiendo en un idioma que no es tu lengua natal.<\/p>\n\n\n\n<p>Esta gu\u00eda gratuita, escrita por periodistas y para periodistas, tiene como objetivo aliviar esa carga. Aunque gran parte del contenido puede ser espec\u00edfico de Orato, creemos que el alcance general de la gu\u00eda puede proporcionar valor a cualquier periodista, independientemente de d\u00f3nde resida.<\/p>\n\n\n\n<div class=\"wp-block-file\"><a id=\"wp-block-file--media-220d61c0-a7a2-4f7d-a968-0fa2747f72e6\" href=\"https:\/\/orato.world\/wp-content\/uploads\/Orato-World-Media-Freelance-Guide-Spanish-1.pdf\" target=\"_blank\" rel=\"noreferrer noopener\">Gu\u00eda independiente de Orato World Media<\/a><a href=\"https:\/\/orato.world\/wp-content\/uploads\/Orato-World-Media-Freelance-Guide-Spanish-1.pdf\" class=\"wp-block-file__button\" download aria-describedby=\"wp-block-file--media-220d61c0-a7a2-4f7d-a968-0fa2747f72e6\">Descargar<\/a><\/div>\n","protected":false},"excerpt":{"rendered":"<p>Valoramos el papel fundamental que desempe\u00f1an los periodistas en una democracia. Como una organizaci\u00f3n de noticias con colaboradores a nivel mundial, que produce contenido en varios idiomas, comprendemos lo dif\u00edcil que puede ser producir contenido oportuno y atractivo dentro de una fecha l\u00edmite. Especialmente, si est\u00e1s escribiendo en un idioma que no es tu lengua [&hellip;]<\/p>\n","protected":false},"author":11,"featured_media":8267,"parent":0,"menu_order":0,"comment_status":"closed","ping_status":"closed","template":"","meta":{"_acf_changed":false,"_uag_custom_page_level_css":"","_lmt_disableupdate":"no","_lmt_disable":"no","footnotes":""},"class_list":["post-8152","page","type-page","status-publish","has-post-thumbnail","hentry"],"acf":[],"yoast_head":"<!-- This site is optimized with the Yoast SEO Premium plugin v27.5 (Yoast SEO v27.5) - https:\/\/yoast.com\/product\/yoast-seo-premium-wordpress\/ -->\n<title>Gu\u00eda Orato para Freelancers - Orato<\/title>\n<meta name=\"description\" content=\"We are looking for freelancers who can reach out to those who have experienced life-altering or ground-shaking events for first-person narrative stories on our site.\" \/>\n<meta name=\"robots\" content=\"index, follow, max-snippet:-1, max-image-preview:large, max-video-preview:-1\" \/>\n<link rel=\"canonical\" href=\"https:\/\/orato.world\/es\/guia-de-orato-para-freelancers\/\" \/>\n<meta property=\"og:locale\" content=\"es_ES\" \/>\n<meta property=\"og:type\" content=\"article\" \/>\n<meta property=\"og:title\" content=\"Gu\u00eda Orato para Freelancers\" \/>\n<meta property=\"og:description\" content=\"We are looking for freelancers who can reach out to those who have experienced life-altering or ground-shaking events for first-person narrative stories on our site.\" \/>\n<meta property=\"og:url\" content=\"https:\/\/orato.world\/es\/guia-de-orato-para-freelancers\/\" \/>\n<meta property=\"og:site_name\" content=\"Orato\" \/>\n<meta property=\"article:publisher\" content=\"https:\/\/www.facebook.com\/OratoWorld\/\" \/>\n<meta property=\"article:modified_time\" content=\"2022-02-22T01:15:22+00:00\" \/>\n<meta property=\"og:image\" content=\"https:\/\/orato.world\/wp-content\/uploads\/Screen-Shot-2021-02-12-at-11.23.43-AM.jpg\" \/>\n\t<meta property=\"og:image:width\" content=\"811\" \/>\n\t<meta property=\"og:image:height\" content=\"638\" \/>\n\t<meta property=\"og:image:type\" content=\"image\/jpeg\" \/>\n<meta name=\"twitter:card\" content=\"summary_large_image\" \/>\n<meta name=\"twitter:site\" content=\"@oratoworld\" \/>\n<meta name=\"twitter:label1\" content=\"Tiempo de lectura\" \/>\n\t<meta name=\"twitter:data1\" content=\"1 minuto\" \/>\n<script type=\"application\/ld+json\" class=\"yoast-schema-graph\">{\"@context\":\"https:\\\/\\\/schema.org\",\"@graph\":[{\"@type\":\"WebPage\",\"@id\":\"https:\\\/\\\/orato.world\\\/es\\\/guia-de-orato-para-freelancers\\\/\",\"url\":\"https:\\\/\\\/orato.world\\\/es\\\/guia-de-orato-para-freelancers\\\/\",\"name\":\"Gu\u00eda Orato para Freelancers - Orato\",\"isPartOf\":{\"@id\":\"https:\\\/\\\/orato.world\\\/es\\\/#website\"},\"primaryImageOfPage\":{\"@id\":\"https:\\\/\\\/orato.world\\\/es\\\/guia-de-orato-para-freelancers\\\/#primaryimage\"},\"image\":{\"@id\":\"https:\\\/\\\/orato.world\\\/es\\\/guia-de-orato-para-freelancers\\\/#primaryimage\"},\"thumbnailUrl\":\"https:\\\/\\\/orato.world\\\/wp-content\\\/uploads\\\/Screen-Shot-2021-02-12-at-11.23.43-AM.jpg\",\"datePublished\":\"2021-02-02T23:15:10+00:00\",\"dateModified\":\"2022-02-22T01:15:22+00:00\",\"description\":\"We are looking for freelancers who can reach out to those who have experienced life-altering or ground-shaking events for first-person narrative stories on our site.\",\"breadcrumb\":{\"@id\":\"https:\\\/\\\/orato.world\\\/es\\\/guia-de-orato-para-freelancers\\\/#breadcrumb\"},\"inLanguage\":\"es\",\"potentialAction\":[{\"@type\":\"ReadAction\",\"target\":[\"https:\\\/\\\/orato.world\\\/es\\\/guia-de-orato-para-freelancers\\\/\"]}]},{\"@type\":\"ImageObject\",\"inLanguage\":\"es\",\"@id\":\"https:\\\/\\\/orato.world\\\/es\\\/guia-de-orato-para-freelancers\\\/#primaryimage\",\"url\":\"https:\\\/\\\/orato.world\\\/wp-content\\\/uploads\\\/Screen-Shot-2021-02-12-at-11.23.43-AM.jpg\",\"contentUrl\":\"https:\\\/\\\/orato.world\\\/wp-content\\\/uploads\\\/Screen-Shot-2021-02-12-at-11.23.43-AM.jpg\",\"width\":811,\"height\":638},{\"@type\":\"BreadcrumbList\",\"@id\":\"https:\\\/\\\/orato.world\\\/es\\\/guia-de-orato-para-freelancers\\\/#breadcrumb\",\"itemListElement\":[{\"@type\":\"ListItem\",\"position\":1,\"name\":\"Home\",\"item\":\"https:\\\/\\\/orato.world\\\/es\\\/\"},{\"@type\":\"ListItem\",\"position\":2,\"name\":\"Gu\u00eda Orato para Freelancers\"}]},{\"@type\":\"WebSite\",\"@id\":\"https:\\\/\\\/orato.world\\\/es\\\/#website\",\"url\":\"https:\\\/\\\/orato.world\\\/es\\\/\",\"name\":\"Orato\",\"description\":\"True Stories. Real People\",\"publisher\":{\"@id\":\"https:\\\/\\\/orato.world\\\/es\\\/#organization\"},\"potentialAction\":[{\"@type\":\"SearchAction\",\"target\":{\"@type\":\"EntryPoint\",\"urlTemplate\":\"https:\\\/\\\/orato.world\\\/es\\\/?s={search_term_string}\"},\"query-input\":{\"@type\":\"PropertyValueSpecification\",\"valueRequired\":true,\"valueName\":\"search_term_string\"}}],\"inLanguage\":\"es\"},{\"@type\":\"Organization\",\"@id\":\"https:\\\/\\\/orato.world\\\/es\\\/#organization\",\"name\":\"Orato World Media Inc.\",\"url\":\"https:\\\/\\\/orato.world\\\/es\\\/\",\"logo\":{\"@type\":\"ImageObject\",\"inLanguage\":\"es\",\"@id\":\"https:\\\/\\\/orato.world\\\/es\\\/#\\\/schema\\\/logo\\\/image\\\/\",\"url\":\"https:\\\/\\\/orato.world\\\/wp-content\\\/uploads\\\/2020\\\/07\\\/orato-logo-transparent.png\",\"contentUrl\":\"https:\\\/\\\/orato.world\\\/wp-content\\\/uploads\\\/2020\\\/07\\\/orato-logo-transparent.png\",\"width\":78,\"height\":73,\"caption\":\"Orato World Media Inc.\"},\"image\":{\"@id\":\"https:\\\/\\\/orato.world\\\/es\\\/#\\\/schema\\\/logo\\\/image\\\/\"},\"sameAs\":[\"https:\\\/\\\/www.facebook.com\\\/OratoWorld\\\/\",\"https:\\\/\\\/x.com\\\/oratoworld\",\"https:\\\/\\\/www.instagram.com\\\/oratoworld\",\"https:\\\/\\\/www.linkedin.com\\\/company\\\/42308818\\\/\"]}]}<\/script>\n<!-- \/ Yoast SEO Premium plugin. -->","yoast_head_json":{"title":"Gu\u00eda Orato para Freelancers - Orato","description":"We are looking for freelancers who can reach out to those who have experienced life-altering or ground-shaking events for first-person narrative stories on our site.","robots":{"index":"index","follow":"follow","max-snippet":"max-snippet:-1","max-image-preview":"max-image-preview:large","max-video-preview":"max-video-preview:-1"},"canonical":"https:\/\/orato.world\/es\/guia-de-orato-para-freelancers\/","og_locale":"es_ES","og_type":"article","og_title":"Gu\u00eda Orato para Freelancers","og_description":"We are looking for freelancers who can reach out to those who have experienced life-altering or ground-shaking events for first-person narrative stories on our site.","og_url":"https:\/\/orato.world\/es\/guia-de-orato-para-freelancers\/","og_site_name":"Orato","article_publisher":"https:\/\/www.facebook.com\/OratoWorld\/","article_modified_time":"2022-02-22T01:15:22+00:00","og_image":[{"width":811,"height":638,"url":"https:\/\/orato.world\/wp-content\/uploads\/Screen-Shot-2021-02-12-at-11.23.43-AM.jpg","type":"image\/jpeg"}],"twitter_card":"summary_large_image","twitter_site":"@oratoworld","twitter_misc":{"Tiempo de lectura":"1 minuto"},"schema":{"@context":"https:\/\/schema.org","@graph":[{"@type":"WebPage","@id":"https:\/\/orato.world\/es\/guia-de-orato-para-freelancers\/","url":"https:\/\/orato.world\/es\/guia-de-orato-para-freelancers\/","name":"Gu\u00eda Orato para Freelancers - Orato","isPartOf":{"@id":"https:\/\/orato.world\/es\/#website"},"primaryImageOfPage":{"@id":"https:\/\/orato.world\/es\/guia-de-orato-para-freelancers\/#primaryimage"},"image":{"@id":"https:\/\/orato.world\/es\/guia-de-orato-para-freelancers\/#primaryimage"},"thumbnailUrl":"https:\/\/orato.world\/wp-content\/uploads\/Screen-Shot-2021-02-12-at-11.23.43-AM.jpg","datePublished":"2021-02-02T23:15:10+00:00","dateModified":"2022-02-22T01:15:22+00:00","description":"We are looking for freelancers who can reach out to those who have experienced life-altering or ground-shaking events for first-person narrative stories on our site.","breadcrumb":{"@id":"https:\/\/orato.world\/es\/guia-de-orato-para-freelancers\/#breadcrumb"},"inLanguage":"es","potentialAction":[{"@type":"ReadAction","target":["https:\/\/orato.world\/es\/guia-de-orato-para-freelancers\/"]}]},{"@type":"ImageObject","inLanguage":"es","@id":"https:\/\/orato.world\/es\/guia-de-orato-para-freelancers\/#primaryimage","url":"https:\/\/orato.world\/wp-content\/uploads\/Screen-Shot-2021-02-12-at-11.23.43-AM.jpg","contentUrl":"https:\/\/orato.world\/wp-content\/uploads\/Screen-Shot-2021-02-12-at-11.23.43-AM.jpg","width":811,"height":638},{"@type":"BreadcrumbList","@id":"https:\/\/orato.world\/es\/guia-de-orato-para-freelancers\/#breadcrumb","itemListElement":[{"@type":"ListItem","position":1,"name":"Home","item":"https:\/\/orato.world\/es\/"},{"@type":"ListItem","position":2,"name":"Gu\u00eda Orato para Freelancers"}]},{"@type":"WebSite","@id":"https:\/\/orato.world\/es\/#website","url":"https:\/\/orato.world\/es\/","name":"Orato","description":"True Stories. Real People","publisher":{"@id":"https:\/\/orato.world\/es\/#organization"},"potentialAction":[{"@type":"SearchAction","target":{"@type":"EntryPoint","urlTemplate":"https:\/\/orato.world\/es\/?s={search_term_string}"},"query-input":{"@type":"PropertyValueSpecification","valueRequired":true,"valueName":"search_term_string"}}],"inLanguage":"es"},{"@type":"Organization","@id":"https:\/\/orato.world\/es\/#organization","name":"Orato World Media Inc.","url":"https:\/\/orato.world\/es\/","logo":{"@type":"ImageObject","inLanguage":"es","@id":"https:\/\/orato.world\/es\/#\/schema\/logo\/image\/","url":"https:\/\/orato.world\/wp-content\/uploads\/2020\/07\/orato-logo-transparent.png","contentUrl":"https:\/\/orato.world\/wp-content\/uploads\/2020\/07\/orato-logo-transparent.png","width":78,"height":73,"caption":"Orato World Media Inc."},"image":{"@id":"https:\/\/orato.world\/es\/#\/schema\/logo\/image\/"},"sameAs":["https:\/\/www.facebook.com\/OratoWorld\/","https:\/\/x.com\/oratoworld","https:\/\/www.instagram.com\/oratoworld","https:\/\/www.linkedin.com\/company\/42308818\/"]}]}},"uagb_featured_image_src":{"full":["https:\/\/orato.world\/wp-content\/uploads\/Screen-Shot-2021-02-12-at-11.23.43-AM.jpg",811,638,false],"thumbnail":["https:\/\/orato.world\/wp-content\/uploads\/Screen-Shot-2021-02-12-at-11.23.43-AM-100x100-1.jpg",100,100,true],"medium":["https:\/\/orato.world\/wp-content\/uploads\/Screen-Shot-2021-02-12-at-11.23.43-AM-300x236-1.jpg",300,236,true],"medium_large":["https:\/\/orato.world\/wp-content\/uploads\/Screen-Shot-2021-02-12-at-11.23.43-AM-770x606-1.jpg",640,504,true],"large":["https:\/\/orato.world\/wp-content\/uploads\/Screen-Shot-2021-02-12-at-11.23.43-AM.jpg",640,503,false],"1536x1536":["https:\/\/orato.world\/wp-content\/uploads\/Screen-Shot-2021-02-12-at-11.23.43-AM.jpg",811,638,false],"2048x2048":["https:\/\/orato.world\/wp-content\/uploads\/Screen-Shot-2021-02-12-at-11.23.43-AM.jpg",811,638,false],"gallery-size":["https:\/\/orato.world\/wp-content\/uploads\/Screen-Shot-2021-02-12-at-11.23.43-AM.jpg",508,400,false],"lets-review-360-240":["https:\/\/orato.world\/wp-content\/uploads\/Screen-Shot-2021-02-12-at-11.23.43-AM.jpg",305,240,false],"gform-image-choice-sm":["https:\/\/orato.world\/wp-content\/uploads\/Screen-Shot-2021-02-12-at-11.23.43-AM.jpg",300,236,false],"gform-image-choice-md":["https:\/\/orato.world\/wp-content\/uploads\/Screen-Shot-2021-02-12-at-11.23.43-AM.jpg",400,315,false],"gform-image-choice-lg":["https:\/\/orato.world\/wp-content\/uploads\/Screen-Shot-2021-02-12-at-11.23.43-AM.jpg",600,472,false],"awsm_team":["https:\/\/orato.world\/wp-content\/uploads\/Screen-Shot-2021-02-12-at-11.23.43-AM-500x500-1.jpg",500,500,true]},"uagb_author_info":{"display_name":"Orato Staff","author_link":"https:\/\/orato.world\/es\/author\/orato-staff\/"},"uagb_comment_info":0,"uagb_excerpt":"Valoramos el papel fundamental que desempe\u00f1an los periodistas en una democracia. Como una organizaci\u00f3n de noticias con colaboradores a nivel mundial, que produce contenido en varios idiomas, comprendemos lo dif\u00edcil que puede ser producir contenido oportuno y atractivo dentro de una fecha l\u00edmite. Especialmente, si est\u00e1s escribiendo en un idioma que no es tu lengua&hellip;","_links":{"self":[{"href":"https:\/\/orato.world\/es\/wp-json\/wp\/v2\/pages\/8152","targetHints":{"allow":["GET"]}}],"collection":[{"href":"https:\/\/orato.world\/es\/wp-json\/wp\/v2\/pages"}],"about":[{"href":"https:\/\/orato.world\/es\/wp-json\/wp\/v2\/types\/page"}],"author":[{"embeddable":true,"href":"https:\/\/orato.world\/es\/wp-json\/wp\/v2\/users\/11"}],"replies":[{"embeddable":true,"href":"https:\/\/orato.world\/es\/wp-json\/wp\/v2\/comments?post=8152"}],"version-history":[{"count":0,"href":"https:\/\/orato.world\/es\/wp-json\/wp\/v2\/pages\/8152\/revisions"}],"wp:featuredmedia":[{"embeddable":true,"href":"https:\/\/orato.world\/es\/wp-json\/wp\/v2\/media\/8267"}],"wp:attachment":[{"href":"https:\/\/orato.world\/es\/wp-json\/wp\/v2\/media?parent=8152"}],"curies":[{"name":"wp","href":"https:\/\/api.w.org\/{rel}","templated":true}]}}