{"id":9505,"date":"2020-08-25T19:13:53","date_gmt":"2020-08-26T02:13:53","guid":{"rendered":"https:\/\/orato.world\/advertise\/"},"modified":"2021-03-05T11:54:52","modified_gmt":"2021-03-05T19:54:52","slug":"advertise","status":"publish","type":"page","link":"https:\/\/orato.world\/es\/advertise\/","title":{"rendered":"Advertise"},"content":{"rendered":"\n<p><\/p><p>Orato y sus colaboradores acatan una pol\u00edtica estricta de no influencia para garantizar que todo el contenido sea independiente y no est\u00e9 influenciado por contribuciones monetarias, anunciantes o afiliaciones pol\u00edticas.<\/p>\n\n<p><\/p><p>Nos reservamos el derecho a rechazar env\u00edos publicitarios que no cumplan con los est\u00e1ndares de la <a href=\"https:\/\/www.iabcanada.com\/guidelines\/standards-guidelines\/\" target=\"_blank\" rel=\"noopener noreferrer\">IAB<\/a>, o nuestros est\u00e1ndares, y tambi\u00e9n nos reservamos el derecho de que los lectores denuncien publicaciones que consideren que contravienen esos est\u00e1ndares.<\/p>\n\n<p><\/p><p><strong>Pr\u00f3ximamente la hoja de tarifas. P\u00f3ngase en contacto con <a href=\"mailto:marketing@orato.world\" target=\"_blank\" rel=\"noopener noreferrer\">marketing@orato.world<\/a> para consultar nuestras tarifas publicitarias<\/strong><\/p>\n","protected":false},"excerpt":{"rendered":"<p>Orato y sus colaboradores acatan una pol\u00edtica estricta de no influencia para garantizar que todo el contenido sea independiente y no est\u00e9 influenciado por contribuciones monetarias, anunciantes o afiliaciones pol\u00edticas. Nos reservamos el derecho a rechazar env\u00edos publicitarios que no cumplan con los est\u00e1ndares de la IAB, o nuestros est\u00e1ndares, y tambi\u00e9n nos reservamos el [&hellip;]<\/p>\n","protected":false},"author":11,"featured_media":9507,"parent":0,"menu_order":0,"comment_status":"closed","ping_status":"closed","template":"","meta":{"_acf_changed":false,"_uag_custom_page_level_css":"","_lmt_disableupdate":"","_lmt_disable":"","footnotes":""},"class_list":["post-9505","page","type-page","status-publish","has-post-thumbnail","hentry"],"acf":[],"yoast_head":"<!-- This site is optimized with the Yoast SEO Premium plugin v27.3 (Yoast SEO v27.3) - https:\/\/yoast.com\/product\/yoast-seo-premium-wordpress\/ -->\n<title>Advertise - Orato<\/title>\n<meta name=\"description\" content=\"We are looking for freelancers who can reach out to those who have experienced life-altering or ground-shaking events for first-person narrative stories on our site.\" \/>\n<meta name=\"robots\" content=\"index, follow, max-snippet:-1, max-image-preview:large, max-video-preview:-1\" \/>\n<link rel=\"canonical\" href=\"https:\/\/orato.world\/es\/advertise\/\" \/>\n<meta property=\"og:locale\" content=\"es_ES\" \/>\n<meta property=\"og:type\" content=\"article\" \/>\n<meta property=\"og:title\" content=\"Advertise\" \/>\n<meta property=\"og:description\" content=\"We are looking for freelancers who can reach out to those who have experienced life-altering or ground-shaking events for first-person narrative stories on our site.\" \/>\n<meta property=\"og:url\" content=\"https:\/\/orato.world\/es\/advertise\/\" \/>\n<meta property=\"og:site_name\" content=\"Orato\" \/>\n<meta property=\"article:publisher\" content=\"https:\/\/www.facebook.com\/OratoWorld\/\" \/>\n<meta property=\"article:modified_time\" content=\"2021-03-05T19:54:52+00:00\" \/>\n<meta property=\"og:image\" content=\"https:\/\/orato.world\/wp-content\/uploads\/jo-san-diego-ZO_tXe8Tinw-unsplash-scaled.jpg\" \/>\n\t<meta property=\"og:image:width\" content=\"2560\" \/>\n\t<meta property=\"og:image:height\" content=\"1707\" \/>\n\t<meta property=\"og:image:type\" content=\"image\/jpeg\" \/>\n<meta name=\"twitter:card\" content=\"summary_large_image\" \/>\n<meta name=\"twitter:site\" content=\"@oratoworld\" \/>\n<script type=\"application\/ld+json\" class=\"yoast-schema-graph\">{\"@context\":\"https:\\\/\\\/schema.org\",\"@graph\":[{\"@type\":\"WebPage\",\"@id\":\"https:\\\/\\\/orato.world\\\/es\\\/advertise\\\/\",\"url\":\"https:\\\/\\\/orato.world\\\/es\\\/advertise\\\/\",\"name\":\"Advertise - Orato\",\"isPartOf\":{\"@id\":\"https:\\\/\\\/orato.world\\\/es\\\/#website\"},\"primaryImageOfPage\":{\"@id\":\"https:\\\/\\\/orato.world\\\/es\\\/advertise\\\/#primaryimage\"},\"image\":{\"@id\":\"https:\\\/\\\/orato.world\\\/es\\\/advertise\\\/#primaryimage\"},\"thumbnailUrl\":\"https:\\\/\\\/orato.world\\\/wp-content\\\/uploads\\\/jo-san-diego-ZO_tXe8Tinw-unsplash-scaled.jpg\",\"datePublished\":\"2020-08-26T02:13:53+00:00\",\"dateModified\":\"2021-03-05T19:54:52+00:00\",\"description\":\"We are looking for freelancers who can reach out to those who have experienced life-altering or ground-shaking events for first-person narrative stories on our site.\",\"breadcrumb\":{\"@id\":\"https:\\\/\\\/orato.world\\\/es\\\/advertise\\\/#breadcrumb\"},\"inLanguage\":\"es\",\"potentialAction\":[{\"@type\":\"ReadAction\",\"target\":[\"https:\\\/\\\/orato.world\\\/es\\\/advertise\\\/\"]}]},{\"@type\":\"ImageObject\",\"inLanguage\":\"es\",\"@id\":\"https:\\\/\\\/orato.world\\\/es\\\/advertise\\\/#primaryimage\",\"url\":\"https:\\\/\\\/orato.world\\\/wp-content\\\/uploads\\\/jo-san-diego-ZO_tXe8Tinw-unsplash-scaled.jpg\",\"contentUrl\":\"https:\\\/\\\/orato.world\\\/wp-content\\\/uploads\\\/jo-san-diego-ZO_tXe8Tinw-unsplash-scaled.jpg\",\"width\":2560,\"height\":1707,\"caption\":\"Photo by Jo San Diego on Unsplash\"},{\"@type\":\"BreadcrumbList\",\"@id\":\"https:\\\/\\\/orato.world\\\/es\\\/advertise\\\/#breadcrumb\",\"itemListElement\":[{\"@type\":\"ListItem\",\"position\":1,\"name\":\"Home\",\"item\":\"https:\\\/\\\/orato.world\\\/es\\\/\"},{\"@type\":\"ListItem\",\"position\":2,\"name\":\"Advertise\"}]},{\"@type\":\"WebSite\",\"@id\":\"https:\\\/\\\/orato.world\\\/es\\\/#website\",\"url\":\"https:\\\/\\\/orato.world\\\/es\\\/\",\"name\":\"Orato\",\"description\":\"True Stories. Real People\",\"publisher\":{\"@id\":\"https:\\\/\\\/orato.world\\\/es\\\/#organization\"},\"potentialAction\":[{\"@type\":\"SearchAction\",\"target\":{\"@type\":\"EntryPoint\",\"urlTemplate\":\"https:\\\/\\\/orato.world\\\/es\\\/?s={search_term_string}\"},\"query-input\":{\"@type\":\"PropertyValueSpecification\",\"valueRequired\":true,\"valueName\":\"search_term_string\"}}],\"inLanguage\":\"es\"},{\"@type\":\"Organization\",\"@id\":\"https:\\\/\\\/orato.world\\\/es\\\/#organization\",\"name\":\"Orato World Media Inc.\",\"url\":\"https:\\\/\\\/orato.world\\\/es\\\/\",\"logo\":{\"@type\":\"ImageObject\",\"inLanguage\":\"es\",\"@id\":\"https:\\\/\\\/orato.world\\\/es\\\/#\\\/schema\\\/logo\\\/image\\\/\",\"url\":\"https:\\\/\\\/orato.world\\\/wp-content\\\/uploads\\\/2020\\\/07\\\/orato-logo-transparent.png\",\"contentUrl\":\"https:\\\/\\\/orato.world\\\/wp-content\\\/uploads\\\/2020\\\/07\\\/orato-logo-transparent.png\",\"width\":78,\"height\":73,\"caption\":\"Orato World Media Inc.\"},\"image\":{\"@id\":\"https:\\\/\\\/orato.world\\\/es\\\/#\\\/schema\\\/logo\\\/image\\\/\"},\"sameAs\":[\"https:\\\/\\\/www.facebook.com\\\/OratoWorld\\\/\",\"https:\\\/\\\/x.com\\\/oratoworld\",\"https:\\\/\\\/www.instagram.com\\\/oratoworld\",\"https:\\\/\\\/www.linkedin.com\\\/company\\\/42308818\\\/\"]}]}<\/script>\n<!-- \/ Yoast SEO Premium plugin. -->","yoast_head_json":{"title":"Advertise - Orato","description":"We are looking for freelancers who can reach out to those who have experienced life-altering or ground-shaking events for first-person narrative stories on our site.","robots":{"index":"index","follow":"follow","max-snippet":"max-snippet:-1","max-image-preview":"max-image-preview:large","max-video-preview":"max-video-preview:-1"},"canonical":"https:\/\/orato.world\/es\/advertise\/","og_locale":"es_ES","og_type":"article","og_title":"Advertise","og_description":"We are looking for freelancers who can reach out to those who have experienced life-altering or ground-shaking events for first-person narrative stories on our site.","og_url":"https:\/\/orato.world\/es\/advertise\/","og_site_name":"Orato","article_publisher":"https:\/\/www.facebook.com\/OratoWorld\/","article_modified_time":"2021-03-05T19:54:52+00:00","og_image":[{"width":2560,"height":1707,"url":"https:\/\/orato.world\/wp-content\/uploads\/jo-san-diego-ZO_tXe8Tinw-unsplash-scaled.jpg","type":"image\/jpeg"}],"twitter_card":"summary_large_image","twitter_site":"@oratoworld","schema":{"@context":"https:\/\/schema.org","@graph":[{"@type":"WebPage","@id":"https:\/\/orato.world\/es\/advertise\/","url":"https:\/\/orato.world\/es\/advertise\/","name":"Advertise - Orato","isPartOf":{"@id":"https:\/\/orato.world\/es\/#website"},"primaryImageOfPage":{"@id":"https:\/\/orato.world\/es\/advertise\/#primaryimage"},"image":{"@id":"https:\/\/orato.world\/es\/advertise\/#primaryimage"},"thumbnailUrl":"https:\/\/orato.world\/wp-content\/uploads\/jo-san-diego-ZO_tXe8Tinw-unsplash-scaled.jpg","datePublished":"2020-08-26T02:13:53+00:00","dateModified":"2021-03-05T19:54:52+00:00","description":"We are looking for freelancers who can reach out to those who have experienced life-altering or ground-shaking events for first-person narrative stories on our site.","breadcrumb":{"@id":"https:\/\/orato.world\/es\/advertise\/#breadcrumb"},"inLanguage":"es","potentialAction":[{"@type":"ReadAction","target":["https:\/\/orato.world\/es\/advertise\/"]}]},{"@type":"ImageObject","inLanguage":"es","@id":"https:\/\/orato.world\/es\/advertise\/#primaryimage","url":"https:\/\/orato.world\/wp-content\/uploads\/jo-san-diego-ZO_tXe8Tinw-unsplash-scaled.jpg","contentUrl":"https:\/\/orato.world\/wp-content\/uploads\/jo-san-diego-ZO_tXe8Tinw-unsplash-scaled.jpg","width":2560,"height":1707,"caption":"Photo by Jo San Diego on Unsplash"},{"@type":"BreadcrumbList","@id":"https:\/\/orato.world\/es\/advertise\/#breadcrumb","itemListElement":[{"@type":"ListItem","position":1,"name":"Home","item":"https:\/\/orato.world\/es\/"},{"@type":"ListItem","position":2,"name":"Advertise"}]},{"@type":"WebSite","@id":"https:\/\/orato.world\/es\/#website","url":"https:\/\/orato.world\/es\/","name":"Orato","description":"True Stories. Real People","publisher":{"@id":"https:\/\/orato.world\/es\/#organization"},"potentialAction":[{"@type":"SearchAction","target":{"@type":"EntryPoint","urlTemplate":"https:\/\/orato.world\/es\/?s={search_term_string}"},"query-input":{"@type":"PropertyValueSpecification","valueRequired":true,"valueName":"search_term_string"}}],"inLanguage":"es"},{"@type":"Organization","@id":"https:\/\/orato.world\/es\/#organization","name":"Orato World Media Inc.","url":"https:\/\/orato.world\/es\/","logo":{"@type":"ImageObject","inLanguage":"es","@id":"https:\/\/orato.world\/es\/#\/schema\/logo\/image\/","url":"https:\/\/orato.world\/wp-content\/uploads\/2020\/07\/orato-logo-transparent.png","contentUrl":"https:\/\/orato.world\/wp-content\/uploads\/2020\/07\/orato-logo-transparent.png","width":78,"height":73,"caption":"Orato World Media Inc."},"image":{"@id":"https:\/\/orato.world\/es\/#\/schema\/logo\/image\/"},"sameAs":["https:\/\/www.facebook.com\/OratoWorld\/","https:\/\/x.com\/oratoworld","https:\/\/www.instagram.com\/oratoworld","https:\/\/www.linkedin.com\/company\/42308818\/"]}]}},"uagb_featured_image_src":{"full":["https:\/\/orato.world\/wp-content\/uploads\/jo-san-diego-ZO_tXe8Tinw-unsplash-scaled.jpg",2560,1707,false],"thumbnail":["https:\/\/orato.world\/wp-content\/uploads\/jo-san-diego-ZO_tXe8Tinw-unsplash-100x100.jpg",100,100,true],"medium":["https:\/\/orato.world\/wp-content\/uploads\/jo-san-diego-ZO_tXe8Tinw-unsplash-300x200.jpg",300,200,true],"medium_large":["https:\/\/orato.world\/wp-content\/uploads\/jo-san-diego-ZO_tXe8Tinw-unsplash-770x513.jpg",640,426,true],"large":["https:\/\/orato.world\/wp-content\/uploads\/jo-san-diego-ZO_tXe8Tinw-unsplash-1024x683.jpg",640,427,true],"1536x1536":["https:\/\/orato.world\/wp-content\/uploads\/jo-san-diego-ZO_tXe8Tinw-unsplash-1536x1024.jpg",1536,1024,true],"2048x2048":["https:\/\/orato.world\/wp-content\/uploads\/jo-san-diego-ZO_tXe8Tinw-unsplash-2048x1365.jpg",2048,1365,true],"gallery-size":["https:\/\/orato.world\/wp-content\/uploads\/jo-san-diego-ZO_tXe8Tinw-unsplash-scaled.jpg",600,400,false],"lets-review-360-240":["https:\/\/orato.world\/wp-content\/uploads\/jo-san-diego-ZO_tXe8Tinw-unsplash-360x240.jpg",360,240,true],"gform-image-choice-sm":["https:\/\/orato.world\/wp-content\/uploads\/jo-san-diego-ZO_tXe8Tinw-unsplash-scaled.jpg",300,200,false],"gform-image-choice-md":["https:\/\/orato.world\/wp-content\/uploads\/jo-san-diego-ZO_tXe8Tinw-unsplash-scaled.jpg",400,267,false],"gform-image-choice-lg":["https:\/\/orato.world\/wp-content\/uploads\/jo-san-diego-ZO_tXe8Tinw-unsplash-scaled.jpg",600,400,false],"awsm_team":["https:\/\/orato.world\/wp-content\/uploads\/jo-san-diego-ZO_tXe8Tinw-unsplash-500x500.jpg",500,500,true]},"uagb_author_info":{"display_name":"Orato Staff","author_link":"https:\/\/orato.world\/es\/author\/orato-staff\/"},"uagb_comment_info":0,"uagb_excerpt":"Orato y sus colaboradores acatan una pol\u00edtica estricta de no influencia para garantizar que todo el contenido sea independiente y no est\u00e9 influenciado por contribuciones monetarias, anunciantes o afiliaciones pol\u00edticas. Nos reservamos el derecho a rechazar env\u00edos publicitarios que no cumplan con los est\u00e1ndares de la IAB, o nuestros est\u00e1ndares, y tambi\u00e9n nos reservamos el&hellip;","_links":{"self":[{"href":"https:\/\/orato.world\/es\/wp-json\/wp\/v2\/pages\/9505","targetHints":{"allow":["GET"]}}],"collection":[{"href":"https:\/\/orato.world\/es\/wp-json\/wp\/v2\/pages"}],"about":[{"href":"https:\/\/orato.world\/es\/wp-json\/wp\/v2\/types\/page"}],"author":[{"embeddable":true,"href":"https:\/\/orato.world\/es\/wp-json\/wp\/v2\/users\/11"}],"replies":[{"embeddable":true,"href":"https:\/\/orato.world\/es\/wp-json\/wp\/v2\/comments?post=9505"}],"version-history":[{"count":0,"href":"https:\/\/orato.world\/es\/wp-json\/wp\/v2\/pages\/9505\/revisions"}],"wp:featuredmedia":[{"embeddable":true,"href":"https:\/\/orato.world\/es\/wp-json\/wp\/v2\/media\/9507"}],"wp:attachment":[{"href":"https:\/\/orato.world\/es\/wp-json\/wp\/v2\/media?parent=9505"}],"curies":[{"name":"wp","href":"https:\/\/api.w.org\/{rel}","templated":true}]}}