{"id":9522,"date":"2020-08-18T20:02:17","date_gmt":"2020-08-19T03:02:17","guid":{"rendered":"https:\/\/orato.world\/acuerdo-freelancer\/"},"modified":"2021-08-19T09:10:24","modified_gmt":"2021-08-19T16:10:24","slug":"acuerdo-freelancer","status":"publish","type":"page","link":"https:\/\/orato.world\/es\/acuerdo-freelancer\/","title":{"rendered":"Acuerdo freelancer"},"content":{"rendered":"\n<h3 class=\"wp-block-heading\">Est\u00e1ndares de la gu\u00eda de estilo<\/h3>\n\n<p>En Orato World Media Inc. (\u00abOrato\u00bb), nuestros editores se rigen por la Gu\u00eda de estilo de AP, los mismos est\u00e1ndares period\u00edsticos a los que se adhieren las publicaciones de noticias nacionales, estatales y regionales de EE. UU. Los detalles de este estilo se pueden encontrar en la <a href=\"https:\/\/www.apstylebook.com\/\" target=\"_blank\" rel=\"noreferrer noopener\">Gu\u00eda de estilo de AP<\/a>disponible en l\u00ednea. En sus t\u00e9rminos m\u00e1s simples, esto significa que todo trabajo debe incluir la ortograf\u00eda estadounidense (color, trabajo, estilo, etc.) y may\u00fasculas. En el caso de que un escritor no est\u00e9 familiarizado con este estilo, nuestros editores trabajar\u00e1n junto a \u00e9l para asegurarse de que los art\u00edculos sigan el mismo estilo.<\/p>\n\n<h3 class=\"wp-block-heading\">Idiomas<\/h3>\n\n<p>Orato acepta relatos en primera persona bien escritos, de no ficci\u00f3n de eventos y experiencias de todo el mundo, escritos en cualquier idioma, siempre que tambi\u00e9n podamos publicar la historia en ingl\u00e9s. Haremos todo lo posible para que los art\u00edculos se traduzcan profesionalmente, pero no podemos garantizar que estas traducciones hacia o desde el ingl\u00e9s u otro idioma sean completamente precisas. Tenemos la intenci\u00f3n de ampliar nuestra oferta de traducci\u00f3n cuando el tiempo, la experiencia y los ingresos lo permitan.<\/p>\n\n<h3 class=\"wp-block-heading\">Responsabilidades del escritor<\/h3>\n\n<p>Los escritores que env\u00edan trabajos para su publicaci\u00f3n en la plataforma de Orato deben realizar verificaciones de veracidad de su propio trabajo, y los sujetos de la entrevista dar cuenta de ese evento. Por otro lado, los periodistas debe tomar notas detalladas, algunas de las cuales se incluir\u00e1n en el material publicado para proporcionar contexto, antecedentes e historia y reconocer que los editores de Orato verifican lo mismo si su trabajo es seleccionado para publicaci\u00f3n. Si los escritores tienen alg\u00fan conflicto de intereses potencial, esto debe ser informado al editor al momento de enviar el trabajo; no despu\u00e9s. Todos los escritores deben firmar un acuerdo de freelancer que indique que su trabajo es f\u00e1ctico. Adem\u00e1s, las fuentes humanas deben ser nombradas y contextualizadas. Si un sujeto de la entrevista no acepta ser nombrado en forma impresa, se debe proporcionar su nombre al editor y el art\u00edculo debe dar una explicaci\u00f3n convincente para justificar el anonimato de la fuente. En lugar de incluir notas a pie de p\u00e1gina o notas al final, se prefiere que todas las citas tengan hiperv\u00ednculos dentro del cuerpo del art\u00edculo. Se pide a los escritores que separen las producciones largas con subt\u00edtulos apropiados, pero deben tener en cuenta que todos los titulares finales y citas extra\u00eddas son elegidos por el equipo editorial de Orato.<\/p>\n\n<p>Trabajar\u00e1 en estrecha colaboraci\u00f3n con su editor de idioma regional o el editor gerente para capturar con precisi\u00f3n los detalles de su historia y para asegurarse de que cumpla con nuestros est\u00e1ndares y pautas antes de que se env\u00ede un acuerdo para su firma y que la historia se asigne formalmente.<\/p>\n\n<h3 class=\"wp-block-heading\">Responsabilidades del fot\u00f3grafo<\/h3>\n\n<p>Todas las fotograf\u00edas que contengan personas reconocibles deben enviarse con un modelo de autorizaci\u00f3n para cada persona. Si es posible, se solicita a los fot\u00f3grafos que verifiquen que son el creador original de la fotograf\u00eda.<\/p>\n\n<h3 class=\"wp-block-heading\">Responsabilidades del entrevistado<\/h3>\n\n<p>Se espera que los sujetos incluidos en las historias confirmen su verdadera identidad y corroboren la historia seg\u00fan sea necesario. Adem\u00e1s de proporcionar identificaci\u00f3n, se les puede pedir a los sujetos que proporcionen fuentes adicionales para las verificaciones de veracidad. <\/p>\n\n<h3 class=\"wp-block-heading\">Motivos para la exclusi\u00f3n de Orato<\/h3>\n\n<p>En el caso de que se descubra que un miembro que participa en la plataforma de Orato act\u00faa de una manera enga\u00f1osa, irrespetuosa, inapropiada o amenazante para el personal, los escritores, los colaboradores u otros suscriptores, Orato se reserva el derecho de revocar la suscripci\u00f3n sin notificaci\u00f3n. Orato tambi\u00e9n se reserva el derecho de eliminar art\u00edculos de su plataforma y prohibir a los escritores el env\u00edo en caso de que se descubra que un escritor o colaborador infringe nuestras pautas, ha hecho una declaraci\u00f3n deshonesta o ha actuado ilegalmente con respecto al contenido proporcionado a Orato.<\/p>\n\n<h3 class=\"wp-block-heading\">Pautas de remuneraci\u00f3n<\/h3>\n\n<p>Orato compensa a los contribuyentes por historias, videos, grabaciones de audio o fotograf\u00edas aceptadas en funci\u00f3n de una serie de factores, como la duraci\u00f3n de la historia, la calidad del contenido multimedia, la relevancia, as\u00ed como las tasas t\u00edpicas actuales establecidas por el mercado y nuestro equipo editorial. Una vez establecidos, los an\u00e1lisis se utilizar\u00e1n para proporcionar a los colaboradores un generoso porcentaje de los ingresos publicitarios que sus historias espec\u00edficas hayan generado durante los primeros 12 meses despu\u00e9s de la publicaci\u00f3n. La compensaci\u00f3n por su material, si es aceptado y publicado, se determinar\u00e1 de antemano con nuestros editores.<\/p>\n\n<h3 class=\"wp-block-heading\">Antes de enviar su trabajo, considere:<\/h3>\n\n<ol class=\"wp-block-list\"><li>Orato y su personal acatan las leyes de derechos de autor. Como tal, esperamos que no se plagien todas las presentaciones.<\/li><li>Aseg\u00farese de que su trabajo sea 100% original y pueda ser verificado.<\/li><li>Aseg\u00farese de que su trabajo est\u00e9 escrito en primera persona y sea una narrativa basada en no ficci\u00f3n. Si no est\u00e1 seguro de c\u00f3mo escribir en primera persona, hay muchas gu\u00edas de estilo disponibles sobre este tema.<\/li><li>Orato no puede proporcionar compensaci\u00f3n por todo el trabajo; Solo los art\u00edculos \/ contenido que sean seleccionados \/ comisionados por nuestros editores para su publicaci\u00f3n ser\u00e1n compensados, a una tarifa negociada antes de la asignaci\u00f3n de esa historia en primera persona y la publicaci\u00f3n de esa pieza.<\/li><li>Aseg\u00farese de que su trabajo est\u00e9 libre de lenguaje discriminatorio o contenido que sea abiertamente espantoso, sexualmente expl\u00edcito, que contenga contenido degradante y despectivo o que sea irrespetuoso con los dem\u00e1s. Una vez que un editor apruebe su propuesta, se usar\u00e1 la discreci\u00f3n para decidir la historia final y el contenido de la foto.<\/li><li>Si su trabajo no es seleccionado para ser publicado, Orato no mantendr\u00e1 su trabajo en archivo ni lo compartir\u00e1 con terceros.<\/li><li>Si su trabajo es publicado y un tercero est\u00e1 interesado en volver a publicarlo, Orato no lo revender\u00e1 sin su consentimiento previo.<\/li><\/ol>\n\n<p>Nuestro contrato de freelancer legal se incluye a continuaci\u00f3n en un archivo Scribd como referencia. Si tiene una tarea asignada por un editor y est\u00e1 buscando una versi\u00f3n de DocuSign,<a href=\"mailto:editor@orato.world\">comun\u00edquese con el editor.<\/a><\/p>\n\n<div class=\"wp-block-file\"><a href=\"https:\/\/orato.world\/wp-content\/uploads\/Freelancer-Agreement-2021.docx\">Acuerdo Freelance 2021<\/a><a href=\"https:\/\/orato.world\/wp-content\/uploads\/Freelancer-Agreement-2021.docx\" class=\"wp-block-file__button\" download=\"\">Descargar<\/a><\/div>\n","protected":false},"excerpt":{"rendered":"<p>Est\u00e1ndares de la gu\u00eda de estilo En Orato World Media Inc. (\u00abOrato\u00bb), nuestros editores se rigen por la Gu\u00eda de estilo de AP, los mismos est\u00e1ndares period\u00edsticos a los que se adhieren las publicaciones de noticias nacionales, estatales y regionales de EE. UU. Los detalles de este estilo se pueden encontrar en la Gu\u00eda de [&hellip;]<\/p>\n","protected":false},"author":11,"featured_media":9524,"parent":0,"menu_order":0,"comment_status":"closed","ping_status":"closed","template":"","meta":{"_acf_changed":false,"_uag_custom_page_level_css":"","_lmt_disableupdate":"no","_lmt_disable":"no","footnotes":""},"class_list":["post-9522","page","type-page","status-publish","has-post-thumbnail","hentry"],"acf":[],"yoast_head":"<!-- This site is optimized with the Yoast SEO Premium plugin v27.3 (Yoast SEO v27.3) - https:\/\/yoast.com\/product\/yoast-seo-premium-wordpress\/ -->\n<title>Acuerdo freelancer - Orato<\/title>\n<meta name=\"description\" content=\"We are looking for freelancers who can reach out to those who have experienced life-altering or ground-shaking events for first-person narrative stories on our site.\" \/>\n<meta name=\"robots\" content=\"index, follow, max-snippet:-1, max-image-preview:large, max-video-preview:-1\" \/>\n<link rel=\"canonical\" href=\"https:\/\/orato.world\/es\/acuerdo-freelancer\/\" \/>\n<meta property=\"og:locale\" content=\"es_ES\" \/>\n<meta property=\"og:type\" content=\"article\" \/>\n<meta property=\"og:title\" content=\"Acuerdo freelancer\" \/>\n<meta property=\"og:description\" content=\"We are looking for freelancers who can reach out to those who have experienced life-altering or ground-shaking events for first-person narrative stories on our site.\" \/>\n<meta property=\"og:url\" content=\"https:\/\/orato.world\/es\/acuerdo-freelancer\/\" \/>\n<meta property=\"og:site_name\" content=\"Orato\" \/>\n<meta property=\"article:publisher\" content=\"https:\/\/www.facebook.com\/OratoWorld\/\" \/>\n<meta property=\"article:modified_time\" content=\"2021-08-19T16:10:24+00:00\" \/>\n<meta property=\"og:image\" content=\"https:\/\/orato.world\/wp-content\/uploads\/ewan-robertson-fDsCIIGdw9g-unsplash-scaled.jpg\" \/>\n\t<meta property=\"og:image:width\" content=\"2560\" \/>\n\t<meta property=\"og:image:height\" content=\"1706\" \/>\n\t<meta property=\"og:image:type\" content=\"image\/jpeg\" \/>\n<meta name=\"twitter:card\" content=\"summary_large_image\" \/>\n<meta name=\"twitter:site\" content=\"@oratoworld\" \/>\n<meta name=\"twitter:label1\" content=\"Tiempo de lectura\" \/>\n\t<meta name=\"twitter:data1\" content=\"5 minutos\" \/>\n<script type=\"application\/ld+json\" class=\"yoast-schema-graph\">{\"@context\":\"https:\\\/\\\/schema.org\",\"@graph\":[{\"@type\":\"WebPage\",\"@id\":\"https:\\\/\\\/orato.world\\\/es\\\/acuerdo-freelancer\\\/\",\"url\":\"https:\\\/\\\/orato.world\\\/es\\\/acuerdo-freelancer\\\/\",\"name\":\"Acuerdo freelancer - Orato\",\"isPartOf\":{\"@id\":\"https:\\\/\\\/orato.world\\\/es\\\/#website\"},\"primaryImageOfPage\":{\"@id\":\"https:\\\/\\\/orato.world\\\/es\\\/acuerdo-freelancer\\\/#primaryimage\"},\"image\":{\"@id\":\"https:\\\/\\\/orato.world\\\/es\\\/acuerdo-freelancer\\\/#primaryimage\"},\"thumbnailUrl\":\"https:\\\/\\\/orato.world\\\/wp-content\\\/uploads\\\/ewan-robertson-fDsCIIGdw9g-unsplash-scaled.jpg\",\"datePublished\":\"2020-08-19T03:02:17+00:00\",\"dateModified\":\"2021-08-19T16:10:24+00:00\",\"description\":\"We are looking for freelancers who can reach out to those who have experienced life-altering or ground-shaking events for first-person narrative stories on our site.\",\"breadcrumb\":{\"@id\":\"https:\\\/\\\/orato.world\\\/es\\\/acuerdo-freelancer\\\/#breadcrumb\"},\"inLanguage\":\"es\",\"potentialAction\":[{\"@type\":\"ReadAction\",\"target\":[\"https:\\\/\\\/orato.world\\\/es\\\/acuerdo-freelancer\\\/\"]}]},{\"@type\":\"ImageObject\",\"inLanguage\":\"es\",\"@id\":\"https:\\\/\\\/orato.world\\\/es\\\/acuerdo-freelancer\\\/#primaryimage\",\"url\":\"https:\\\/\\\/orato.world\\\/wp-content\\\/uploads\\\/ewan-robertson-fDsCIIGdw9g-unsplash-scaled.jpg\",\"contentUrl\":\"https:\\\/\\\/orato.world\\\/wp-content\\\/uploads\\\/ewan-robertson-fDsCIIGdw9g-unsplash-scaled.jpg\",\"width\":2560,\"height\":1706,\"caption\":\"Photo by Ewan Robertson on Unsplash\"},{\"@type\":\"BreadcrumbList\",\"@id\":\"https:\\\/\\\/orato.world\\\/es\\\/acuerdo-freelancer\\\/#breadcrumb\",\"itemListElement\":[{\"@type\":\"ListItem\",\"position\":1,\"name\":\"Home\",\"item\":\"https:\\\/\\\/orato.world\\\/es\\\/\"},{\"@type\":\"ListItem\",\"position\":2,\"name\":\"Acuerdo freelancer\"}]},{\"@type\":\"WebSite\",\"@id\":\"https:\\\/\\\/orato.world\\\/es\\\/#website\",\"url\":\"https:\\\/\\\/orato.world\\\/es\\\/\",\"name\":\"Orato\",\"description\":\"True Stories. Real People\",\"publisher\":{\"@id\":\"https:\\\/\\\/orato.world\\\/es\\\/#organization\"},\"potentialAction\":[{\"@type\":\"SearchAction\",\"target\":{\"@type\":\"EntryPoint\",\"urlTemplate\":\"https:\\\/\\\/orato.world\\\/es\\\/?s={search_term_string}\"},\"query-input\":{\"@type\":\"PropertyValueSpecification\",\"valueRequired\":true,\"valueName\":\"search_term_string\"}}],\"inLanguage\":\"es\"},{\"@type\":\"Organization\",\"@id\":\"https:\\\/\\\/orato.world\\\/es\\\/#organization\",\"name\":\"Orato World Media Inc.\",\"url\":\"https:\\\/\\\/orato.world\\\/es\\\/\",\"logo\":{\"@type\":\"ImageObject\",\"inLanguage\":\"es\",\"@id\":\"https:\\\/\\\/orato.world\\\/es\\\/#\\\/schema\\\/logo\\\/image\\\/\",\"url\":\"https:\\\/\\\/orato.world\\\/wp-content\\\/uploads\\\/2020\\\/07\\\/orato-logo-transparent.png\",\"contentUrl\":\"https:\\\/\\\/orato.world\\\/wp-content\\\/uploads\\\/2020\\\/07\\\/orato-logo-transparent.png\",\"width\":78,\"height\":73,\"caption\":\"Orato World Media Inc.\"},\"image\":{\"@id\":\"https:\\\/\\\/orato.world\\\/es\\\/#\\\/schema\\\/logo\\\/image\\\/\"},\"sameAs\":[\"https:\\\/\\\/www.facebook.com\\\/OratoWorld\\\/\",\"https:\\\/\\\/x.com\\\/oratoworld\",\"https:\\\/\\\/www.instagram.com\\\/oratoworld\",\"https:\\\/\\\/www.linkedin.com\\\/company\\\/42308818\\\/\"]}]}<\/script>\n<!-- \/ Yoast SEO Premium plugin. -->","yoast_head_json":{"title":"Acuerdo freelancer - Orato","description":"We are looking for freelancers who can reach out to those who have experienced life-altering or ground-shaking events for first-person narrative stories on our site.","robots":{"index":"index","follow":"follow","max-snippet":"max-snippet:-1","max-image-preview":"max-image-preview:large","max-video-preview":"max-video-preview:-1"},"canonical":"https:\/\/orato.world\/es\/acuerdo-freelancer\/","og_locale":"es_ES","og_type":"article","og_title":"Acuerdo freelancer","og_description":"We are looking for freelancers who can reach out to those who have experienced life-altering or ground-shaking events for first-person narrative stories on our site.","og_url":"https:\/\/orato.world\/es\/acuerdo-freelancer\/","og_site_name":"Orato","article_publisher":"https:\/\/www.facebook.com\/OratoWorld\/","article_modified_time":"2021-08-19T16:10:24+00:00","og_image":[{"width":2560,"height":1706,"url":"https:\/\/orato.world\/wp-content\/uploads\/ewan-robertson-fDsCIIGdw9g-unsplash-scaled.jpg","type":"image\/jpeg"}],"twitter_card":"summary_large_image","twitter_site":"@oratoworld","twitter_misc":{"Tiempo de lectura":"5 minutos"},"schema":{"@context":"https:\/\/schema.org","@graph":[{"@type":"WebPage","@id":"https:\/\/orato.world\/es\/acuerdo-freelancer\/","url":"https:\/\/orato.world\/es\/acuerdo-freelancer\/","name":"Acuerdo freelancer - Orato","isPartOf":{"@id":"https:\/\/orato.world\/es\/#website"},"primaryImageOfPage":{"@id":"https:\/\/orato.world\/es\/acuerdo-freelancer\/#primaryimage"},"image":{"@id":"https:\/\/orato.world\/es\/acuerdo-freelancer\/#primaryimage"},"thumbnailUrl":"https:\/\/orato.world\/wp-content\/uploads\/ewan-robertson-fDsCIIGdw9g-unsplash-scaled.jpg","datePublished":"2020-08-19T03:02:17+00:00","dateModified":"2021-08-19T16:10:24+00:00","description":"We are looking for freelancers who can reach out to those who have experienced life-altering or ground-shaking events for first-person narrative stories on our site.","breadcrumb":{"@id":"https:\/\/orato.world\/es\/acuerdo-freelancer\/#breadcrumb"},"inLanguage":"es","potentialAction":[{"@type":"ReadAction","target":["https:\/\/orato.world\/es\/acuerdo-freelancer\/"]}]},{"@type":"ImageObject","inLanguage":"es","@id":"https:\/\/orato.world\/es\/acuerdo-freelancer\/#primaryimage","url":"https:\/\/orato.world\/wp-content\/uploads\/ewan-robertson-fDsCIIGdw9g-unsplash-scaled.jpg","contentUrl":"https:\/\/orato.world\/wp-content\/uploads\/ewan-robertson-fDsCIIGdw9g-unsplash-scaled.jpg","width":2560,"height":1706,"caption":"Photo by Ewan Robertson on Unsplash"},{"@type":"BreadcrumbList","@id":"https:\/\/orato.world\/es\/acuerdo-freelancer\/#breadcrumb","itemListElement":[{"@type":"ListItem","position":1,"name":"Home","item":"https:\/\/orato.world\/es\/"},{"@type":"ListItem","position":2,"name":"Acuerdo freelancer"}]},{"@type":"WebSite","@id":"https:\/\/orato.world\/es\/#website","url":"https:\/\/orato.world\/es\/","name":"Orato","description":"True Stories. Real People","publisher":{"@id":"https:\/\/orato.world\/es\/#organization"},"potentialAction":[{"@type":"SearchAction","target":{"@type":"EntryPoint","urlTemplate":"https:\/\/orato.world\/es\/?s={search_term_string}"},"query-input":{"@type":"PropertyValueSpecification","valueRequired":true,"valueName":"search_term_string"}}],"inLanguage":"es"},{"@type":"Organization","@id":"https:\/\/orato.world\/es\/#organization","name":"Orato World Media Inc.","url":"https:\/\/orato.world\/es\/","logo":{"@type":"ImageObject","inLanguage":"es","@id":"https:\/\/orato.world\/es\/#\/schema\/logo\/image\/","url":"https:\/\/orato.world\/wp-content\/uploads\/2020\/07\/orato-logo-transparent.png","contentUrl":"https:\/\/orato.world\/wp-content\/uploads\/2020\/07\/orato-logo-transparent.png","width":78,"height":73,"caption":"Orato World Media Inc."},"image":{"@id":"https:\/\/orato.world\/es\/#\/schema\/logo\/image\/"},"sameAs":["https:\/\/www.facebook.com\/OratoWorld\/","https:\/\/x.com\/oratoworld","https:\/\/www.instagram.com\/oratoworld","https:\/\/www.linkedin.com\/company\/42308818\/"]}]}},"uagb_featured_image_src":{"full":["https:\/\/orato.world\/wp-content\/uploads\/ewan-robertson-fDsCIIGdw9g-unsplash-scaled.jpg",2560,1706,false],"thumbnail":["https:\/\/orato.world\/wp-content\/uploads\/ewan-robertson-fDsCIIGdw9g-unsplash-100x100.jpg",100,100,true],"medium":["https:\/\/orato.world\/wp-content\/uploads\/ewan-robertson-fDsCIIGdw9g-unsplash-300x200.jpg",300,200,true],"medium_large":["https:\/\/orato.world\/wp-content\/uploads\/ewan-robertson-fDsCIIGdw9g-unsplash-770x513.jpg",640,426,true],"large":["https:\/\/orato.world\/wp-content\/uploads\/ewan-robertson-fDsCIIGdw9g-unsplash-1024x683.jpg",640,427,true],"1536x1536":["https:\/\/orato.world\/wp-content\/uploads\/ewan-robertson-fDsCIIGdw9g-unsplash-1536x1024.jpg",1536,1024,true],"2048x2048":["https:\/\/orato.world\/wp-content\/uploads\/ewan-robertson-fDsCIIGdw9g-unsplash-2048x1365.jpg",2048,1365,true],"gallery-size":["https:\/\/orato.world\/wp-content\/uploads\/ewan-robertson-fDsCIIGdw9g-unsplash-scaled.jpg",600,400,false],"lets-review-360-240":["https:\/\/orato.world\/wp-content\/uploads\/ewan-robertson-fDsCIIGdw9g-unsplash-360x240.jpg",360,240,true],"gform-image-choice-sm":["https:\/\/orato.world\/wp-content\/uploads\/ewan-robertson-fDsCIIGdw9g-unsplash-scaled.jpg",300,200,false],"gform-image-choice-md":["https:\/\/orato.world\/wp-content\/uploads\/ewan-robertson-fDsCIIGdw9g-unsplash-scaled.jpg",400,267,false],"gform-image-choice-lg":["https:\/\/orato.world\/wp-content\/uploads\/ewan-robertson-fDsCIIGdw9g-unsplash-scaled.jpg",600,400,false],"awsm_team":["https:\/\/orato.world\/wp-content\/uploads\/ewan-robertson-fDsCIIGdw9g-unsplash-500x500.jpg",500,500,true]},"uagb_author_info":{"display_name":"Orato Staff","author_link":"https:\/\/orato.world\/es\/author\/orato-staff\/"},"uagb_comment_info":0,"uagb_excerpt":"Est\u00e1ndares de la gu\u00eda de estilo En Orato World Media Inc. (\u00abOrato\u00bb), nuestros editores se rigen por la Gu\u00eda de estilo de AP, los mismos est\u00e1ndares period\u00edsticos a los que se adhieren las publicaciones de noticias nacionales, estatales y regionales de EE. UU. Los detalles de este estilo se pueden encontrar en la Gu\u00eda de&hellip;","_links":{"self":[{"href":"https:\/\/orato.world\/es\/wp-json\/wp\/v2\/pages\/9522","targetHints":{"allow":["GET"]}}],"collection":[{"href":"https:\/\/orato.world\/es\/wp-json\/wp\/v2\/pages"}],"about":[{"href":"https:\/\/orato.world\/es\/wp-json\/wp\/v2\/types\/page"}],"author":[{"embeddable":true,"href":"https:\/\/orato.world\/es\/wp-json\/wp\/v2\/users\/11"}],"replies":[{"embeddable":true,"href":"https:\/\/orato.world\/es\/wp-json\/wp\/v2\/comments?post=9522"}],"version-history":[{"count":0,"href":"https:\/\/orato.world\/es\/wp-json\/wp\/v2\/pages\/9522\/revisions"}],"wp:featuredmedia":[{"embeddable":true,"href":"https:\/\/orato.world\/es\/wp-json\/wp\/v2\/media\/9524"}],"wp:attachment":[{"href":"https:\/\/orato.world\/es\/wp-json\/wp\/v2\/media?parent=9522"}],"curies":[{"name":"wp","href":"https:\/\/api.w.org\/{rel}","templated":true}]}}