{"id":9543,"date":"2020-08-14T14:18:26","date_gmt":"2020-08-14T22:18:26","guid":{"rendered":"https:\/\/orato.world\/historias-en-espanol\/"},"modified":"2021-03-05T12:27:56","modified_gmt":"2021-03-05T20:27:56","slug":"historias-en-espanol","status":"publish","type":"page","link":"https:\/\/orato.world\/es\/historias-en-espanol\/","title":{"rendered":"Historias en espa\u00f1ol"},"content":{"rendered":"&#13;\n<p>Si conoce a alguien que estuvo involucrado en alguno de los eventos que son de nuestro inter\u00e9s period\u00edstico, fue testigo ocular y\/o una v\u00edctima de los sucesos detallados en el listado y puede proporcionar un relato en primera persona; haga clic en la historia para obtener m\u00e1s detalles.<\/p>&#13;\n&#13;\n<p>Si est\u00e1 decidido a producir una nota en particular de nuestro listado, haga clic en el bot\u00f3n \u00abSolicitar una Historia\u00bb para hacernos saber que tiene inter\u00e9s en recibir una compensaci\u00f3n por desarrollar una de nuestras historias.<\/p>&#13;\n&#13;\n<p>Le pedimos que solo reclame una historia a la vez y que la publique antes de reclamar otra.<\/p>&#13;\n&#13;\n<p>Puede utilizar las herramientas de b\u00fasqueda y clasificaci\u00f3n dentro del formulario incrustado para limitar su enfoque.<\/p>&#13;\n&#13;\n<p>Al momento de reclamar una nota, en el cuerpo de su correo electr\u00f3nico debe enumerar sus calificaciones para producir esta historia, proporcionar enlaces a cualquier ejemplo de escritura anterior que usted realiz\u00f3, antecedentes sobre por qu\u00e9 cree que debe producir esta nota y su biograf\u00eda o CV.<\/p>&#13;\n&#13;\n<p>Estamos buscando un profesional independiente que pueda comunicarse con la persona o personas mencionadas en los enlaces de muestra de las historias, que haya experimentado una situaci\u00f3n similar a la detallada en nuestro listado o est\u00e9 conectado con los temas mencionados.<\/p>&#13;\n&#13;\n<p>El objetivo primordial es el de poder producir una narraci\u00f3n de los sucesos en primera persona.<\/p>&#13;\n&#13;\n<p>Usted ser\u00e1 responsable de verificar los hechos, investigar y escribir el borrador de la historia, confirmar la identidad de los sujetos de la entrevista, obtener su declaraci\u00f3n en primera persona de manera legal confirmando la exactitud de los sucesos y proporcionar los medios multimedia complementarios como fotograf\u00edas, videos o clips de audio.<\/p>&#13;\n\n<p><iframe loading=\"lazy\" class=\"airtable-embed\" style=\"background: transparent; border: 1px solid #ccc;\" src=\"https:\/\/airtable.com\/embed\/shrEC5vbpN5iXE5wH?backgroundColor=yellow&#038;viewControls=on\" width=\"100%\" height=\"700\" frameborder=\"0\"><\/iframe><\/p>\n","protected":false},"excerpt":{"rendered":"<p>&#13; Si conoce a alguien que estuvo involucrado en alguno de los eventos que son de nuestro inter\u00e9s period\u00edstico, fue testigo ocular y\/o una v\u00edctima de los sucesos detallados en el listado y puede proporcionar un relato en primera persona; haga clic en la historia para obtener m\u00e1s detalles. &#13; &#13; Si est\u00e1 decidido a [&hellip;]<\/p>\n","protected":false},"author":11,"featured_media":9545,"parent":0,"menu_order":0,"comment_status":"closed","ping_status":"closed","template":"","meta":{"_acf_changed":false,"_uag_custom_page_level_css":"","_lmt_disableupdate":"","_lmt_disable":"","footnotes":""},"class_list":["post-9543","page","type-page","status-publish","has-post-thumbnail","hentry"],"acf":[],"yoast_head":"<!-- This site is optimized with the Yoast SEO Premium plugin v27.4 (Yoast SEO v27.4) - https:\/\/yoast.com\/product\/yoast-seo-premium-wordpress\/ -->\n<title>Historias en espa\u00f1ol - Orato<\/title>\n<meta name=\"description\" content=\"We are looking for freelancers who can reach out to those who have experienced life-altering or ground-shaking events for first-person narrative stories on our site.\" \/>\n<meta name=\"robots\" content=\"index, follow, max-snippet:-1, max-image-preview:large, max-video-preview:-1\" \/>\n<link rel=\"canonical\" href=\"https:\/\/orato.world\/es\/historias-en-espanol\/\" \/>\n<meta property=\"og:locale\" content=\"es_ES\" \/>\n<meta property=\"og:type\" content=\"article\" \/>\n<meta property=\"og:title\" content=\"Historias en espa\u00f1ol\" \/>\n<meta property=\"og:description\" content=\"We are looking for freelancers who can reach out to those who have experienced life-altering or ground-shaking events for first-person narrative stories on our site.\" \/>\n<meta property=\"og:url\" content=\"https:\/\/orato.world\/es\/historias-en-espanol\/\" \/>\n<meta property=\"og:site_name\" content=\"Orato\" \/>\n<meta property=\"article:publisher\" content=\"https:\/\/www.facebook.com\/OratoWorld\/\" \/>\n<meta property=\"article:modified_time\" content=\"2021-03-05T20:27:56+00:00\" \/>\n<meta property=\"og:image\" content=\"https:\/\/orato.world\/wp-content\/uploads\/jon-tyson-8MMtYM_3xMY-unsplash-scaled.jpg\" \/>\n\t<meta property=\"og:image:width\" content=\"2560\" \/>\n\t<meta property=\"og:image:height\" content=\"1395\" \/>\n\t<meta property=\"og:image:type\" content=\"image\/jpeg\" \/>\n<meta name=\"twitter:card\" content=\"summary_large_image\" \/>\n<meta name=\"twitter:site\" content=\"@oratoworld\" \/>\n<meta name=\"twitter:label1\" content=\"Tiempo de lectura\" \/>\n\t<meta name=\"twitter:data1\" content=\"1 minuto\" \/>\n<script type=\"application\/ld+json\" class=\"yoast-schema-graph\">{\"@context\":\"https:\\\/\\\/schema.org\",\"@graph\":[{\"@type\":\"WebPage\",\"@id\":\"https:\\\/\\\/orato.world\\\/es\\\/historias-en-espanol\\\/\",\"url\":\"https:\\\/\\\/orato.world\\\/es\\\/historias-en-espanol\\\/\",\"name\":\"Historias en espa\u00f1ol - Orato\",\"isPartOf\":{\"@id\":\"https:\\\/\\\/orato.world\\\/es\\\/#website\"},\"primaryImageOfPage\":{\"@id\":\"https:\\\/\\\/orato.world\\\/es\\\/historias-en-espanol\\\/#primaryimage\"},\"image\":{\"@id\":\"https:\\\/\\\/orato.world\\\/es\\\/historias-en-espanol\\\/#primaryimage\"},\"thumbnailUrl\":\"https:\\\/\\\/orato.world\\\/wp-content\\\/uploads\\\/jon-tyson-8MMtYM_3xMY-unsplash-scaled.jpg\",\"datePublished\":\"2020-08-14T22:18:26+00:00\",\"dateModified\":\"2021-03-05T20:27:56+00:00\",\"description\":\"We are looking for freelancers who can reach out to those who have experienced life-altering or ground-shaking events for first-person narrative stories on our site.\",\"breadcrumb\":{\"@id\":\"https:\\\/\\\/orato.world\\\/es\\\/historias-en-espanol\\\/#breadcrumb\"},\"inLanguage\":\"es\",\"potentialAction\":[{\"@type\":\"ReadAction\",\"target\":[\"https:\\\/\\\/orato.world\\\/es\\\/historias-en-espanol\\\/\"]}]},{\"@type\":\"ImageObject\",\"inLanguage\":\"es\",\"@id\":\"https:\\\/\\\/orato.world\\\/es\\\/historias-en-espanol\\\/#primaryimage\",\"url\":\"https:\\\/\\\/orato.world\\\/wp-content\\\/uploads\\\/jon-tyson-8MMtYM_3xMY-unsplash-scaled.jpg\",\"contentUrl\":\"https:\\\/\\\/orato.world\\\/wp-content\\\/uploads\\\/jon-tyson-8MMtYM_3xMY-unsplash-scaled.jpg\",\"width\":2560,\"height\":1395,\"caption\":\"Photo by Jon Tyson on Unsplash\"},{\"@type\":\"BreadcrumbList\",\"@id\":\"https:\\\/\\\/orato.world\\\/es\\\/historias-en-espanol\\\/#breadcrumb\",\"itemListElement\":[{\"@type\":\"ListItem\",\"position\":1,\"name\":\"Home\",\"item\":\"https:\\\/\\\/orato.world\\\/es\\\/\"},{\"@type\":\"ListItem\",\"position\":2,\"name\":\"Historias en espa\u00f1ol\"}]},{\"@type\":\"WebSite\",\"@id\":\"https:\\\/\\\/orato.world\\\/es\\\/#website\",\"url\":\"https:\\\/\\\/orato.world\\\/es\\\/\",\"name\":\"Orato\",\"description\":\"True Stories. Real People\",\"publisher\":{\"@id\":\"https:\\\/\\\/orato.world\\\/es\\\/#organization\"},\"potentialAction\":[{\"@type\":\"SearchAction\",\"target\":{\"@type\":\"EntryPoint\",\"urlTemplate\":\"https:\\\/\\\/orato.world\\\/es\\\/?s={search_term_string}\"},\"query-input\":{\"@type\":\"PropertyValueSpecification\",\"valueRequired\":true,\"valueName\":\"search_term_string\"}}],\"inLanguage\":\"es\"},{\"@type\":\"Organization\",\"@id\":\"https:\\\/\\\/orato.world\\\/es\\\/#organization\",\"name\":\"Orato World Media Inc.\",\"url\":\"https:\\\/\\\/orato.world\\\/es\\\/\",\"logo\":{\"@type\":\"ImageObject\",\"inLanguage\":\"es\",\"@id\":\"https:\\\/\\\/orato.world\\\/es\\\/#\\\/schema\\\/logo\\\/image\\\/\",\"url\":\"https:\\\/\\\/orato.world\\\/wp-content\\\/uploads\\\/2020\\\/07\\\/orato-logo-transparent.png\",\"contentUrl\":\"https:\\\/\\\/orato.world\\\/wp-content\\\/uploads\\\/2020\\\/07\\\/orato-logo-transparent.png\",\"width\":78,\"height\":73,\"caption\":\"Orato World Media Inc.\"},\"image\":{\"@id\":\"https:\\\/\\\/orato.world\\\/es\\\/#\\\/schema\\\/logo\\\/image\\\/\"},\"sameAs\":[\"https:\\\/\\\/www.facebook.com\\\/OratoWorld\\\/\",\"https:\\\/\\\/x.com\\\/oratoworld\",\"https:\\\/\\\/www.instagram.com\\\/oratoworld\",\"https:\\\/\\\/www.linkedin.com\\\/company\\\/42308818\\\/\"]}]}<\/script>\n<!-- \/ Yoast SEO Premium plugin. -->","yoast_head_json":{"title":"Historias en espa\u00f1ol - Orato","description":"We are looking for freelancers who can reach out to those who have experienced life-altering or ground-shaking events for first-person narrative stories on our site.","robots":{"index":"index","follow":"follow","max-snippet":"max-snippet:-1","max-image-preview":"max-image-preview:large","max-video-preview":"max-video-preview:-1"},"canonical":"https:\/\/orato.world\/es\/historias-en-espanol\/","og_locale":"es_ES","og_type":"article","og_title":"Historias en espa\u00f1ol","og_description":"We are looking for freelancers who can reach out to those who have experienced life-altering or ground-shaking events for first-person narrative stories on our site.","og_url":"https:\/\/orato.world\/es\/historias-en-espanol\/","og_site_name":"Orato","article_publisher":"https:\/\/www.facebook.com\/OratoWorld\/","article_modified_time":"2021-03-05T20:27:56+00:00","og_image":[{"width":2560,"height":1395,"url":"https:\/\/orato.world\/wp-content\/uploads\/jon-tyson-8MMtYM_3xMY-unsplash-scaled.jpg","type":"image\/jpeg"}],"twitter_card":"summary_large_image","twitter_site":"@oratoworld","twitter_misc":{"Tiempo de lectura":"1 minuto"},"schema":{"@context":"https:\/\/schema.org","@graph":[{"@type":"WebPage","@id":"https:\/\/orato.world\/es\/historias-en-espanol\/","url":"https:\/\/orato.world\/es\/historias-en-espanol\/","name":"Historias en espa\u00f1ol - Orato","isPartOf":{"@id":"https:\/\/orato.world\/es\/#website"},"primaryImageOfPage":{"@id":"https:\/\/orato.world\/es\/historias-en-espanol\/#primaryimage"},"image":{"@id":"https:\/\/orato.world\/es\/historias-en-espanol\/#primaryimage"},"thumbnailUrl":"https:\/\/orato.world\/wp-content\/uploads\/jon-tyson-8MMtYM_3xMY-unsplash-scaled.jpg","datePublished":"2020-08-14T22:18:26+00:00","dateModified":"2021-03-05T20:27:56+00:00","description":"We are looking for freelancers who can reach out to those who have experienced life-altering or ground-shaking events for first-person narrative stories on our site.","breadcrumb":{"@id":"https:\/\/orato.world\/es\/historias-en-espanol\/#breadcrumb"},"inLanguage":"es","potentialAction":[{"@type":"ReadAction","target":["https:\/\/orato.world\/es\/historias-en-espanol\/"]}]},{"@type":"ImageObject","inLanguage":"es","@id":"https:\/\/orato.world\/es\/historias-en-espanol\/#primaryimage","url":"https:\/\/orato.world\/wp-content\/uploads\/jon-tyson-8MMtYM_3xMY-unsplash-scaled.jpg","contentUrl":"https:\/\/orato.world\/wp-content\/uploads\/jon-tyson-8MMtYM_3xMY-unsplash-scaled.jpg","width":2560,"height":1395,"caption":"Photo by Jon Tyson on Unsplash"},{"@type":"BreadcrumbList","@id":"https:\/\/orato.world\/es\/historias-en-espanol\/#breadcrumb","itemListElement":[{"@type":"ListItem","position":1,"name":"Home","item":"https:\/\/orato.world\/es\/"},{"@type":"ListItem","position":2,"name":"Historias en espa\u00f1ol"}]},{"@type":"WebSite","@id":"https:\/\/orato.world\/es\/#website","url":"https:\/\/orato.world\/es\/","name":"Orato","description":"True Stories. Real People","publisher":{"@id":"https:\/\/orato.world\/es\/#organization"},"potentialAction":[{"@type":"SearchAction","target":{"@type":"EntryPoint","urlTemplate":"https:\/\/orato.world\/es\/?s={search_term_string}"},"query-input":{"@type":"PropertyValueSpecification","valueRequired":true,"valueName":"search_term_string"}}],"inLanguage":"es"},{"@type":"Organization","@id":"https:\/\/orato.world\/es\/#organization","name":"Orato World Media Inc.","url":"https:\/\/orato.world\/es\/","logo":{"@type":"ImageObject","inLanguage":"es","@id":"https:\/\/orato.world\/es\/#\/schema\/logo\/image\/","url":"https:\/\/orato.world\/wp-content\/uploads\/2020\/07\/orato-logo-transparent.png","contentUrl":"https:\/\/orato.world\/wp-content\/uploads\/2020\/07\/orato-logo-transparent.png","width":78,"height":73,"caption":"Orato World Media Inc."},"image":{"@id":"https:\/\/orato.world\/es\/#\/schema\/logo\/image\/"},"sameAs":["https:\/\/www.facebook.com\/OratoWorld\/","https:\/\/x.com\/oratoworld","https:\/\/www.instagram.com\/oratoworld","https:\/\/www.linkedin.com\/company\/42308818\/"]}]}},"uagb_featured_image_src":{"full":["https:\/\/orato.world\/wp-content\/uploads\/jon-tyson-8MMtYM_3xMY-unsplash-scaled.jpg",2560,1395,false],"thumbnail":["https:\/\/orato.world\/wp-content\/uploads\/jon-tyson-8MMtYM_3xMY-unsplash-scaled-e1600212462661-100x100.jpg",100,100,true],"medium":["https:\/\/orato.world\/wp-content\/uploads\/jon-tyson-8MMtYM_3xMY-unsplash-scaled-e1600212462661-300x163.jpg",300,163,true],"medium_large":["https:\/\/orato.world\/wp-content\/uploads\/jon-tyson-8MMtYM_3xMY-unsplash-scaled-e1600212462661-770x420.jpg",640,349,true],"large":["https:\/\/orato.world\/wp-content\/uploads\/jon-tyson-8MMtYM_3xMY-unsplash-scaled-e1600212462661-1024x558.jpg",640,349,true],"1536x1536":["https:\/\/orato.world\/wp-content\/uploads\/jon-tyson-8MMtYM_3xMY-unsplash-scaled-e1600212462661-1536x837.jpg",1536,837,true],"2048x2048":["https:\/\/orato.world\/wp-content\/uploads\/jon-tyson-8MMtYM_3xMY-unsplash-scaled-e1600212462661-2048x1116.jpg",2048,1116,true],"gallery-size":["https:\/\/orato.world\/wp-content\/uploads\/jon-tyson-8MMtYM_3xMY-unsplash-scaled.jpg",734,400,false],"lets-review-360-240":["https:\/\/orato.world\/wp-content\/uploads\/jon-tyson-8MMtYM_3xMY-unsplash-scaled-e1600212462661-360x240.jpg",360,240,true],"gform-image-choice-sm":["https:\/\/orato.world\/wp-content\/uploads\/jon-tyson-8MMtYM_3xMY-unsplash-scaled.jpg",300,163,false],"gform-image-choice-md":["https:\/\/orato.world\/wp-content\/uploads\/jon-tyson-8MMtYM_3xMY-unsplash-scaled.jpg",400,218,false],"gform-image-choice-lg":["https:\/\/orato.world\/wp-content\/uploads\/jon-tyson-8MMtYM_3xMY-unsplash-scaled.jpg",600,327,false],"awsm_team":["https:\/\/orato.world\/wp-content\/uploads\/jon-tyson-8MMtYM_3xMY-unsplash-scaled-e1600212462661-500x500.jpg",500,500,true]},"uagb_author_info":{"display_name":"Orato Staff","author_link":"https:\/\/orato.world\/es\/author\/orato-staff\/"},"uagb_comment_info":0,"uagb_excerpt":"&#13; Si conoce a alguien que estuvo involucrado en alguno de los eventos que son de nuestro inter\u00e9s period\u00edstico, fue testigo ocular y\/o una v\u00edctima de los sucesos detallados en el listado y puede proporcionar un relato en primera persona; haga clic en la historia para obtener m\u00e1s detalles. &#13; &#13; Si est\u00e1 decidido a&hellip;","_links":{"self":[{"href":"https:\/\/orato.world\/es\/wp-json\/wp\/v2\/pages\/9543","targetHints":{"allow":["GET"]}}],"collection":[{"href":"https:\/\/orato.world\/es\/wp-json\/wp\/v2\/pages"}],"about":[{"href":"https:\/\/orato.world\/es\/wp-json\/wp\/v2\/types\/page"}],"author":[{"embeddable":true,"href":"https:\/\/orato.world\/es\/wp-json\/wp\/v2\/users\/11"}],"replies":[{"embeddable":true,"href":"https:\/\/orato.world\/es\/wp-json\/wp\/v2\/comments?post=9543"}],"version-history":[{"count":0,"href":"https:\/\/orato.world\/es\/wp-json\/wp\/v2\/pages\/9543\/revisions"}],"wp:featuredmedia":[{"embeddable":true,"href":"https:\/\/orato.world\/es\/wp-json\/wp\/v2\/media\/9545"}],"wp:attachment":[{"href":"https:\/\/orato.world\/es\/wp-json\/wp\/v2\/media?parent=9543"}],"curies":[{"name":"wp","href":"https:\/\/api.w.org\/{rel}","templated":true}]}}