{"id":9559,"date":"2020-06-22T20:20:36","date_gmt":"2020-06-23T03:20:36","guid":{"rendered":"https:\/\/orato.world\/politica-de-privacidad\/"},"modified":"2021-03-08T08:50:33","modified_gmt":"2021-03-08T16:50:33","slug":"politica-de-privacidad","status":"publish","type":"page","link":"https:\/\/orato.world\/es\/politica-de-privacidad\/","title":{"rendered":"Pol\u00edtica de privacidad"},"content":{"rendered":"\n<h3 class=\"wp-block-heading\">Qui\u00e9nes somos<\/h3>\n\n<p>La direcci\u00f3n de nuestro sitio web es <a href=\"https:\/\/orato.world\/es\/\">https:\/\/orato.world<\/a><\/p>\n\n<p>Orato World Media Inc. (\u00abOrato\u00bb) se compromete a proteger la privacidad y seguridad de la informaci\u00f3n confidencial en la medida de lo posible, sujeto a las disposiciones del derecho internacional. Aparte de lo requerido por las leyes que garantizan el acceso p\u00fablico a ciertos tipos de informaci\u00f3n, o en respuesta a citaciones u otros instrumentos legales que autorizan el acceso, la informaci\u00f3n de identificaci\u00f3n personal no se comparte activamente. En particular, no redistribuimos ni vendemos informaci\u00f3n personal recopilada en nuestros servidores web.<\/p>\n\n<h3 class=\"wp-block-heading\">Comentarios<\/h3>\n\n<p>Cuando los visitantes dejan comentarios en el sitio, recopilamos los datos que se muestran en el formulario de comentarios y la direcci\u00f3n IP del visitante para ayudar a la detecci\u00f3n de spam.<\/p>\n\n<p>Se puede proporcionar una cadena an\u00f3nima creada a partir de su direcci\u00f3n de correo electr\u00f3nico (tambi\u00e9n llamada hash) al servicio Gravatar para ver si la est\u00e1 utilizando. La pol\u00edtica de privacidad del servicio de Gravatar est\u00e1 disponible aqu\u00ed: <a href=\"https:\/\/automattic.com\/privacy\/\" target=\"_blank\" rel=\"noreferrer noopener\">https:\/\/automattic.com\/privacy\/.<\/a> Despu\u00e9s de la aprobaci\u00f3n de su comentario, su foto de perfil ser\u00e1 visible para el p\u00fablico en el contexto de su comentario.<\/p>\n\n<h3 class=\"wp-block-heading\">Multimedia<\/h3>\n\n<p>Si carga im\u00e1genes en el sitio web, debe evitar im\u00e1genes con datos de ubicaci\u00f3n incrustados (GPS EXIF) incluidos. Los visitantes del sitio web pueden descargar y extraer los datos de ubicaci\u00f3n de las im\u00e1genes del sitio web.<\/p>\n\n<h3 class=\"wp-block-heading\">Formularios de contacto<\/h3>\n\n<p>Orato puede recopilar informaci\u00f3n del usuario (incluida la informaci\u00f3n de identificaci\u00f3n personal) que usted proporciona voluntariamente o con su permiso a trav\u00e9s de nuestros formularios de contacto. Es posible que le pidamos informaci\u00f3n de usuario, como su direcci\u00f3n de correo electr\u00f3nico cuando se registre para convertirse en miembro. Tambi\u00e9n puede proporcionar informaci\u00f3n de usuario a Orato en otros contextos, incluido, por ejemplo, en su p\u00e1gina de perfil de miembro.<\/p>\n\n<h3 class=\"wp-block-heading\">Cookies<\/h3>\n\n<p>Si deja un comentario en nuestro sitio, puede optar por guardar su nombre, direcci\u00f3n de correo electr\u00f3nico y sitio web en cookies. Estos son para su conveniencia de modo tal que no tenga que volver a completar sus datos cuando deje otro comentario. Estas cookies durar\u00e1n un a\u00f1o.<\/p>\n\n<p>Si visita nuestra p\u00e1gina de inicio de sesi\u00f3n, configuraremos una cookie temporal para determinar si su navegador acepta cookies. Esta cookie no contiene datos personales y se descarta cuando cierra su navegador.<\/p>\n\n<p>Cuando inicie sesi\u00f3n, tambi\u00e9n configuraremos varias cookies para guardar su informaci\u00f3n de inicio de sesi\u00f3n y sus opciones de visualizaci\u00f3n de pantalla. Las cookies de inicio de sesi\u00f3n duran dos d\u00edas y las cookies de opciones de pantalla duran un a\u00f1o. Si selecciona \u00abRecordarme\u00bb, su inicio de sesi\u00f3n se mantendr\u00e1 durante dos semanas. Si cierra sesi\u00f3n en su cuenta, se eliminar\u00e1n las cookies de inicio de sesi\u00f3n.<\/p>\n\n<p>Si edita o publica un art\u00edculo, se guardar\u00e1 una cookie adicional en su navegador. Esta cookie no incluye datos personales y simplemente indica el ID de publicaci\u00f3n del art\u00edculo que acaba de editar. Caduca despu\u00e9s de 1 d\u00eda.<\/p>\n\n<p>El sitio web de Orato, como la mayor\u00eda de los sitios web, utiliza peque\u00f1os archivos de texto llamados cookies. Si desea restringir o bloquear las cookies, puede configurar su navegador de Internet para que lo haga. Para obtener m\u00e1s informaci\u00f3n, visite <a href=\"http:\/\/www.aboutcookies.org\" target=\"_blank\" rel=\"noreferrer noopener\">www.aboutcookies.org.<\/a><\/p>\n\n<h3 class=\"wp-block-heading\">Contenido incrustado de otros sitios web<\/h3>\n\n<p>Los art\u00edculos de este sitio pueden incluir contenido incrustado (por ejemplo, videos, im\u00e1genes, art\u00edculos, etc.). El contenido incrustado de otros sitios web se comporta exactamente de la misma manera que si el visitante hubiera visitado el otro sitio web.<\/p>\n\n<p>Estos sitios web pueden recopilar datos sobre usted, utilizar cookies, incrustar un seguimiento adicional de terceros y supervisar su interacci\u00f3n con ese contenido incrustado, incluido el seguimiento de su interacci\u00f3n con el contenido incrustado si tiene una cuenta y ha iniciado sesi\u00f3n en ese sitio web.<\/p>\n\n<h3 class=\"wp-block-heading\">Analytics<\/h3>\n\n<p>Orato utiliza Google Analytics para monitorear y analizar el tr\u00e1fico del sitio web. Este servicio coloca una \u00abcookie\u00bb en su navegador cuando visita Orato, proporcionando informaci\u00f3n sobre cu\u00e1ntos lectores visitan nuestro sitio, de d\u00f3nde son los lectores y qu\u00e9 p\u00e1ginas visitan.<\/p>\n\n<h3 class=\"wp-block-heading\">Con qui\u00e9n compartimos sus datos<\/h3>\n\n<p>Orato respeta la privacidad de nuestros lectores y no divulgar\u00e1 ni distribuir\u00e1 nuestra lista de miembros a ning\u00fan tercero. Sin embargo, ponemos a disposici\u00f3n para alquiler nuestra lista de miembros que nos han proporcionado expresamente su permiso para recibir ofertas de terceros como parte de su perfil de Orato. En esos casos, su direcci\u00f3n de correo electr\u00f3nico se transferir\u00e1 al tercero. Puede retirar su consentimiento para este uso o modificar su informaci\u00f3n en cualquier momento poni\u00e9ndose en contacto con Orato en <a href=\"mailto:admin@orato.world\">admin@orato.world.<\/a><\/p>\n\n<h3 class=\"wp-block-heading\">Cu\u00e1nto tiempo conservamos sus datos<\/h3>\n\n<p>Si deja un comentario, el mismo junto con sus metadatos se conservan indefinidamente. Esto es para que podamos reconocer y aprobar autom\u00e1ticamente cualquier comentario de seguimiento en lugar de mantenerlos en una cola de moderaci\u00f3n.<\/p>\n\n<p>Para los usuarios que se registran en nuestro sitio web (si corresponde), tambi\u00e9n almacenamos la informaci\u00f3n personal que proporcionan en su perfil de usuario. Todos los usuarios pueden ver, editar o eliminar su informaci\u00f3n personal en cualquier momento (excepto que no pueden cambiar su nombre de usuario). Los administradores del sitio web tambi\u00e9n pueden ver y editar esa informaci\u00f3n.<\/p>\n\n<h3 class=\"wp-block-heading\">Que derechos tienes sobre tus datos<\/h3>\n\n<p>Si tiene una cuenta en este sitio o ha dejado comentarios, puede solicitar recibir un archivo exportado de los datos personales que tenemos sobre usted, incluidos los datos que nos haya proporcionado. Tambi\u00e9n puede solicitar que borremos cualquier dato personal que tengamos sobre usted. Esto no incluye ning\u00fan dato que estemos obligados a conservar con fines administrativos, legales o de seguridad.<\/p>\n\n<h3 class=\"wp-block-heading\">A d\u00f3nde enviamos sus datos<\/h3>\n\n<p>No vendemos, divulgamos ni compartimos los datos que recopilamos y conservamos sobre usted, excepto como se describe en esta Pol\u00edtica de privacidad. Retendremos su informaci\u00f3n de usuario mientras su cuenta est\u00e9 activa, a menos que haya revocado su consentimiento o solicitado eliminar cierta informaci\u00f3n de usuario. Podemos retener cierta informaci\u00f3n del usuario para intereses leg\u00edtimos espec\u00edficos cuando tengamos una necesidad comercial continua o para cumplir con los requisitos fiscales, legales o contables aplicables. Los comentarios de los visitantes se pueden verificar a trav\u00e9s de un servicio autom\u00e1tico de detecci\u00f3n de spam.<\/p>\n\n<h3 class=\"wp-block-heading\">Su informaci\u00f3n de contacto<\/h3>\n\n<p>Como muestra de respeto a nuestros lectores, siempre tienen la opci\u00f3n de no proporcionarnos su informaci\u00f3n de contacto. Si elige no proporcionar la informaci\u00f3n, a\u00fan puede visitar la mayor parte del sitio web de Orato, pero es posible que no pueda acceder a ciertas \u00e1reas. Cuando se registra, se convierte en miembro de Orato o nos proporciona informaci\u00f3n de cualquier otra manera, acepta proporcionar solo informaci\u00f3n verdadera, precisa, actual y completa.<\/p>\n\n<h3 class=\"wp-block-heading\">Informaci\u00f3n adicional<\/h3>\n\n<p>En caso de que solicite, compre algo de Orato o proporcione una donaci\u00f3n, podemos solicitar informaci\u00f3n adicional del usuario, como su direcci\u00f3n, n\u00famero de tel\u00e9fono e informaci\u00f3n de la tarjeta de cr\u00e9dito, para completar el procesamiento del pago. Esta informaci\u00f3n se almacenar\u00e1 de manera segura, similar a su informaci\u00f3n de contacto, pero nunca se compartir\u00e1 con ning\u00fan tercero.<\/p>\n\n<h3 class=\"wp-block-heading\">C\u00f3mo protegemos sus datos<\/h3>\n\n<p>Todos los datos del lector se almacenan en servidores seguros. Mantenemos medidas de seguridad administrativas, t\u00e9cnicas y f\u00edsicas dise\u00f1adas para proteger los datos personales que nos proporciona contra la destrucci\u00f3n, p\u00e9rdida, alteraci\u00f3n, acceso, divulgaci\u00f3n o uso accidental, ilegal o no autorizado. Los proveedores de servicios y los contratistas que puedan tener acceso a sus datos estar\u00e1n obligados por contrato a mantener la confidencialidad de dichos datos, a proporcionar medidas de seguridad de datos adecuadas y no podr\u00e1n utilizar esos datos para ning\u00fan otro prop\u00f3sito. Para su propia protecci\u00f3n, le recomendamos que no incluya datos personales confidenciales, tarjetas de cr\u00e9dito o datos personales similares en los correos electr\u00f3nicos que env\u00ede a Orato. Cuando no tengamos una necesidad comercial leg\u00edtima en curso para utilizar su informaci\u00f3n de usuario, la eliminaremos o la anonimizaremos. Almacenaremos de forma segura su informaci\u00f3n personal y la aislaremos de cualquier procesamiento posterior hasta que sea posible eliminarla.<\/p>\n\n<h3 class=\"wp-block-heading\">Qu\u00e9 procedimientos de violaci\u00f3n de datos tenemos implementados<\/h3>\n\n<p>Orato ha desarrollado un procedimiento robusto en caso de que se vulnere alg\u00fan dato. Cualquier empleado que tenga conocimiento de una posible violaci\u00f3n de la privacidad que involucre informaci\u00f3n personal bajo la custodia o el control de Orato informar\u00e1 inmediatamente a nuestro director. Si se confirma el incumplimiento, el director tomar\u00e1 las medidas necesarias para garantizar que el alcance y el efecto del incumplimiento sean limitados. El personal de Orato contendr\u00e1 inmediatamente la violaci\u00f3n, por ejemplo, deteniendo la pr\u00e1ctica no autorizada, recuperando los registros, apagando el sistema que fue violado y \/ o corrigiendo las debilidades de seguridad. El personal tambi\u00e9n notificar\u00e1 a la polic\u00eda si la infracci\u00f3n involucra, o puede involucrar, cualquier actividad criminal.<\/p>\n\n<h3 class=\"wp-block-heading\">De qu\u00e9 terceros recibimos datos<\/h3>\n\n<p>La pol\u00edtica de privacidad de Orato no se aplica a las pr\u00e1cticas de terceros que no poseemos, controlamos o administramos, incluidos, entre otros, sitios web, servicios, aplicaciones o negocios de terceros vinculados a \/ desde historias, biograf\u00edas u otros partes del sitio de Orato. Orato no asume responsabilidad por el contenido o las pol\u00edticas de privacidad de ninguno de los terceros mencionados anteriormente y alienta a los lectores a consultar las pol\u00edticas de privacidad de dichos servicios.<\/p>\n<h3>Qu\u00e9 toma de decisiones automatizada y\/o elaboraci\u00f3n de perfiles hacemos con los datos del usuario<\/h3>\n<p>En cuanto a la elaboraci\u00f3n de perfiles de nuestros visitantes, utilizamos la herramienta de seguimiento llamada Google Analytics. Para obtener m\u00e1s informaci\u00f3n sobre nuestro uso de esta herramienta, consulte la secci\u00f3n \u00abAn\u00e1lisis\u00bb m\u00e1s arriba.<\/p>\n<h3>Requisitos de divulgaci\u00f3n reglamentarios de la industria<\/h3>\n<p>Como empresa privada, la ley no requiere que Orato revele ninguna informaci\u00f3n en particular, incluida informaci\u00f3n financiera u operativa detallada a sus usuarios.<\/p>\n","protected":false},"excerpt":{"rendered":"<p>Qui\u00e9nes somos La direcci\u00f3n de nuestro sitio web es https:\/\/orato.world Orato World Media Inc. (\u00abOrato\u00bb) se compromete a proteger la privacidad y seguridad de la informaci\u00f3n confidencial en la medida de lo posible, sujeto a las disposiciones del derecho internacional. Aparte de lo requerido por las leyes que garantizan el acceso p\u00fablico a ciertos tipos [&hellip;]<\/p>\n","protected":false},"author":11,"featured_media":9561,"parent":0,"menu_order":0,"comment_status":"closed","ping_status":"open","template":"","meta":{"_acf_changed":false,"_uag_custom_page_level_css":"","_lmt_disableupdate":"","_lmt_disable":"","footnotes":""},"class_list":["post-9559","page","type-page","status-publish","has-post-thumbnail","hentry"],"acf":[],"yoast_head":"<!-- This site is optimized with the Yoast SEO Premium plugin v27.3 (Yoast SEO v27.3) - https:\/\/yoast.com\/product\/yoast-seo-premium-wordpress\/ -->\n<title>Pol\u00edtica de privacidad - Orato<\/title>\n<meta name=\"description\" content=\"We are looking for freelancers who can reach out to those who have experienced life-altering or ground-shaking events for first-person narrative stories on our site.\" \/>\n<meta name=\"robots\" content=\"index, follow, max-snippet:-1, max-image-preview:large, max-video-preview:-1\" \/>\n<link rel=\"canonical\" href=\"https:\/\/orato.world\/es\/politica-de-privacidad\/\" \/>\n<meta property=\"og:locale\" content=\"es_ES\" \/>\n<meta property=\"og:type\" content=\"article\" \/>\n<meta property=\"og:title\" content=\"Pol\u00edtica de privacidad\" \/>\n<meta property=\"og:description\" content=\"We are looking for freelancers who can reach out to those who have experienced life-altering or ground-shaking events for first-person narrative stories on our site.\" \/>\n<meta property=\"og:url\" content=\"https:\/\/orato.world\/es\/politica-de-privacidad\/\" \/>\n<meta property=\"og:site_name\" content=\"Orato\" \/>\n<meta property=\"article:publisher\" content=\"https:\/\/www.facebook.com\/OratoWorld\/\" \/>\n<meta property=\"article:modified_time\" content=\"2021-03-08T16:50:33+00:00\" \/>\n<meta property=\"og:image\" content=\"https:\/\/orato.world\/wp-content\/uploads\/markus-spiske-gcgves5H_Ac-unsplash-scaled.jpg\" \/>\n\t<meta property=\"og:image:width\" content=\"2560\" \/>\n\t<meta property=\"og:image:height\" content=\"1707\" \/>\n\t<meta property=\"og:image:type\" content=\"image\/jpeg\" \/>\n<meta name=\"twitter:card\" content=\"summary_large_image\" \/>\n<meta name=\"twitter:site\" content=\"@oratoworld\" \/>\n<meta name=\"twitter:label1\" content=\"Tiempo de lectura\" \/>\n\t<meta name=\"twitter:data1\" content=\"9 minutos\" \/>\n<script type=\"application\/ld+json\" class=\"yoast-schema-graph\">{\"@context\":\"https:\\\/\\\/schema.org\",\"@graph\":[{\"@type\":\"WebPage\",\"@id\":\"https:\\\/\\\/orato.world\\\/es\\\/politica-de-privacidad\\\/\",\"url\":\"https:\\\/\\\/orato.world\\\/es\\\/politica-de-privacidad\\\/\",\"name\":\"Pol\u00edtica de privacidad - Orato\",\"isPartOf\":{\"@id\":\"https:\\\/\\\/orato.world\\\/es\\\/#website\"},\"primaryImageOfPage\":{\"@id\":\"https:\\\/\\\/orato.world\\\/es\\\/politica-de-privacidad\\\/#primaryimage\"},\"image\":{\"@id\":\"https:\\\/\\\/orato.world\\\/es\\\/politica-de-privacidad\\\/#primaryimage\"},\"thumbnailUrl\":\"https:\\\/\\\/orato.world\\\/wp-content\\\/uploads\\\/markus-spiske-gcgves5H_Ac-unsplash-scaled.jpg\",\"datePublished\":\"2020-06-23T03:20:36+00:00\",\"dateModified\":\"2021-03-08T16:50:33+00:00\",\"description\":\"We are looking for freelancers who can reach out to those who have experienced life-altering or ground-shaking events for first-person narrative stories on our site.\",\"breadcrumb\":{\"@id\":\"https:\\\/\\\/orato.world\\\/es\\\/politica-de-privacidad\\\/#breadcrumb\"},\"inLanguage\":\"es\",\"potentialAction\":[{\"@type\":\"ReadAction\",\"target\":[\"https:\\\/\\\/orato.world\\\/es\\\/politica-de-privacidad\\\/\"]}]},{\"@type\":\"ImageObject\",\"inLanguage\":\"es\",\"@id\":\"https:\\\/\\\/orato.world\\\/es\\\/politica-de-privacidad\\\/#primaryimage\",\"url\":\"https:\\\/\\\/orato.world\\\/wp-content\\\/uploads\\\/markus-spiske-gcgves5H_Ac-unsplash-scaled.jpg\",\"contentUrl\":\"https:\\\/\\\/orato.world\\\/wp-content\\\/uploads\\\/markus-spiske-gcgves5H_Ac-unsplash-scaled.jpg\",\"width\":2560,\"height\":1707,\"caption\":\"Photo by Markus Spiske on Unsplash\"},{\"@type\":\"BreadcrumbList\",\"@id\":\"https:\\\/\\\/orato.world\\\/es\\\/politica-de-privacidad\\\/#breadcrumb\",\"itemListElement\":[{\"@type\":\"ListItem\",\"position\":1,\"name\":\"Home\",\"item\":\"https:\\\/\\\/orato.world\\\/es\\\/\"},{\"@type\":\"ListItem\",\"position\":2,\"name\":\"Pol\u00edtica de privacidad\"}]},{\"@type\":\"WebSite\",\"@id\":\"https:\\\/\\\/orato.world\\\/es\\\/#website\",\"url\":\"https:\\\/\\\/orato.world\\\/es\\\/\",\"name\":\"Orato\",\"description\":\"True Stories. Real People\",\"publisher\":{\"@id\":\"https:\\\/\\\/orato.world\\\/es\\\/#organization\"},\"potentialAction\":[{\"@type\":\"SearchAction\",\"target\":{\"@type\":\"EntryPoint\",\"urlTemplate\":\"https:\\\/\\\/orato.world\\\/es\\\/?s={search_term_string}\"},\"query-input\":{\"@type\":\"PropertyValueSpecification\",\"valueRequired\":true,\"valueName\":\"search_term_string\"}}],\"inLanguage\":\"es\"},{\"@type\":\"Organization\",\"@id\":\"https:\\\/\\\/orato.world\\\/es\\\/#organization\",\"name\":\"Orato World Media Inc.\",\"url\":\"https:\\\/\\\/orato.world\\\/es\\\/\",\"logo\":{\"@type\":\"ImageObject\",\"inLanguage\":\"es\",\"@id\":\"https:\\\/\\\/orato.world\\\/es\\\/#\\\/schema\\\/logo\\\/image\\\/\",\"url\":\"https:\\\/\\\/orato.world\\\/wp-content\\\/uploads\\\/2020\\\/07\\\/orato-logo-transparent.png\",\"contentUrl\":\"https:\\\/\\\/orato.world\\\/wp-content\\\/uploads\\\/2020\\\/07\\\/orato-logo-transparent.png\",\"width\":78,\"height\":73,\"caption\":\"Orato World Media Inc.\"},\"image\":{\"@id\":\"https:\\\/\\\/orato.world\\\/es\\\/#\\\/schema\\\/logo\\\/image\\\/\"},\"sameAs\":[\"https:\\\/\\\/www.facebook.com\\\/OratoWorld\\\/\",\"https:\\\/\\\/x.com\\\/oratoworld\",\"https:\\\/\\\/www.instagram.com\\\/oratoworld\",\"https:\\\/\\\/www.linkedin.com\\\/company\\\/42308818\\\/\"]}]}<\/script>\n<!-- \/ Yoast SEO Premium plugin. -->","yoast_head_json":{"title":"Pol\u00edtica de privacidad - Orato","description":"We are looking for freelancers who can reach out to those who have experienced life-altering or ground-shaking events for first-person narrative stories on our site.","robots":{"index":"index","follow":"follow","max-snippet":"max-snippet:-1","max-image-preview":"max-image-preview:large","max-video-preview":"max-video-preview:-1"},"canonical":"https:\/\/orato.world\/es\/politica-de-privacidad\/","og_locale":"es_ES","og_type":"article","og_title":"Pol\u00edtica de privacidad","og_description":"We are looking for freelancers who can reach out to those who have experienced life-altering or ground-shaking events for first-person narrative stories on our site.","og_url":"https:\/\/orato.world\/es\/politica-de-privacidad\/","og_site_name":"Orato","article_publisher":"https:\/\/www.facebook.com\/OratoWorld\/","article_modified_time":"2021-03-08T16:50:33+00:00","og_image":[{"width":2560,"height":1707,"url":"https:\/\/orato.world\/wp-content\/uploads\/markus-spiske-gcgves5H_Ac-unsplash-scaled.jpg","type":"image\/jpeg"}],"twitter_card":"summary_large_image","twitter_site":"@oratoworld","twitter_misc":{"Tiempo de lectura":"9 minutos"},"schema":{"@context":"https:\/\/schema.org","@graph":[{"@type":"WebPage","@id":"https:\/\/orato.world\/es\/politica-de-privacidad\/","url":"https:\/\/orato.world\/es\/politica-de-privacidad\/","name":"Pol\u00edtica de privacidad - Orato","isPartOf":{"@id":"https:\/\/orato.world\/es\/#website"},"primaryImageOfPage":{"@id":"https:\/\/orato.world\/es\/politica-de-privacidad\/#primaryimage"},"image":{"@id":"https:\/\/orato.world\/es\/politica-de-privacidad\/#primaryimage"},"thumbnailUrl":"https:\/\/orato.world\/wp-content\/uploads\/markus-spiske-gcgves5H_Ac-unsplash-scaled.jpg","datePublished":"2020-06-23T03:20:36+00:00","dateModified":"2021-03-08T16:50:33+00:00","description":"We are looking for freelancers who can reach out to those who have experienced life-altering or ground-shaking events for first-person narrative stories on our site.","breadcrumb":{"@id":"https:\/\/orato.world\/es\/politica-de-privacidad\/#breadcrumb"},"inLanguage":"es","potentialAction":[{"@type":"ReadAction","target":["https:\/\/orato.world\/es\/politica-de-privacidad\/"]}]},{"@type":"ImageObject","inLanguage":"es","@id":"https:\/\/orato.world\/es\/politica-de-privacidad\/#primaryimage","url":"https:\/\/orato.world\/wp-content\/uploads\/markus-spiske-gcgves5H_Ac-unsplash-scaled.jpg","contentUrl":"https:\/\/orato.world\/wp-content\/uploads\/markus-spiske-gcgves5H_Ac-unsplash-scaled.jpg","width":2560,"height":1707,"caption":"Photo by Markus Spiske on Unsplash"},{"@type":"BreadcrumbList","@id":"https:\/\/orato.world\/es\/politica-de-privacidad\/#breadcrumb","itemListElement":[{"@type":"ListItem","position":1,"name":"Home","item":"https:\/\/orato.world\/es\/"},{"@type":"ListItem","position":2,"name":"Pol\u00edtica de privacidad"}]},{"@type":"WebSite","@id":"https:\/\/orato.world\/es\/#website","url":"https:\/\/orato.world\/es\/","name":"Orato","description":"True Stories. Real People","publisher":{"@id":"https:\/\/orato.world\/es\/#organization"},"potentialAction":[{"@type":"SearchAction","target":{"@type":"EntryPoint","urlTemplate":"https:\/\/orato.world\/es\/?s={search_term_string}"},"query-input":{"@type":"PropertyValueSpecification","valueRequired":true,"valueName":"search_term_string"}}],"inLanguage":"es"},{"@type":"Organization","@id":"https:\/\/orato.world\/es\/#organization","name":"Orato World Media Inc.","url":"https:\/\/orato.world\/es\/","logo":{"@type":"ImageObject","inLanguage":"es","@id":"https:\/\/orato.world\/es\/#\/schema\/logo\/image\/","url":"https:\/\/orato.world\/wp-content\/uploads\/2020\/07\/orato-logo-transparent.png","contentUrl":"https:\/\/orato.world\/wp-content\/uploads\/2020\/07\/orato-logo-transparent.png","width":78,"height":73,"caption":"Orato World Media Inc."},"image":{"@id":"https:\/\/orato.world\/es\/#\/schema\/logo\/image\/"},"sameAs":["https:\/\/www.facebook.com\/OratoWorld\/","https:\/\/x.com\/oratoworld","https:\/\/www.instagram.com\/oratoworld","https:\/\/www.linkedin.com\/company\/42308818\/"]}]}},"uagb_featured_image_src":{"full":["https:\/\/orato.world\/wp-content\/uploads\/markus-spiske-gcgves5H_Ac-unsplash-scaled.jpg",2560,1707,false],"thumbnail":["https:\/\/orato.world\/wp-content\/uploads\/markus-spiske-gcgves5H_Ac-unsplash-100x100.jpg",100,100,true],"medium":["https:\/\/orato.world\/wp-content\/uploads\/markus-spiske-gcgves5H_Ac-unsplash-300x200.jpg",300,200,true],"medium_large":["https:\/\/orato.world\/wp-content\/uploads\/markus-spiske-gcgves5H_Ac-unsplash-770x513.jpg",640,426,true],"large":["https:\/\/orato.world\/wp-content\/uploads\/markus-spiske-gcgves5H_Ac-unsplash-1024x683.jpg",640,427,true],"1536x1536":["https:\/\/orato.world\/wp-content\/uploads\/markus-spiske-gcgves5H_Ac-unsplash-1536x1024.jpg",1536,1024,true],"2048x2048":["https:\/\/orato.world\/wp-content\/uploads\/markus-spiske-gcgves5H_Ac-unsplash-2048x1365.jpg",2048,1365,true],"gallery-size":["https:\/\/orato.world\/wp-content\/uploads\/markus-spiske-gcgves5H_Ac-unsplash-scaled.jpg",600,400,false],"lets-review-360-240":["https:\/\/orato.world\/wp-content\/uploads\/markus-spiske-gcgves5H_Ac-unsplash-360x240.jpg",360,240,true],"gform-image-choice-sm":["https:\/\/orato.world\/wp-content\/uploads\/markus-spiske-gcgves5H_Ac-unsplash-scaled.jpg",300,200,false],"gform-image-choice-md":["https:\/\/orato.world\/wp-content\/uploads\/markus-spiske-gcgves5H_Ac-unsplash-scaled.jpg",400,267,false],"gform-image-choice-lg":["https:\/\/orato.world\/wp-content\/uploads\/markus-spiske-gcgves5H_Ac-unsplash-scaled.jpg",600,400,false],"awsm_team":["https:\/\/orato.world\/wp-content\/uploads\/markus-spiske-gcgves5H_Ac-unsplash-500x500.jpg",500,500,true]},"uagb_author_info":{"display_name":"Orato Staff","author_link":"https:\/\/orato.world\/es\/author\/orato-staff\/"},"uagb_comment_info":0,"uagb_excerpt":"Qui\u00e9nes somos La direcci\u00f3n de nuestro sitio web es https:\/\/orato.world Orato World Media Inc. (\u00abOrato\u00bb) se compromete a proteger la privacidad y seguridad de la informaci\u00f3n confidencial en la medida de lo posible, sujeto a las disposiciones del derecho internacional. Aparte de lo requerido por las leyes que garantizan el acceso p\u00fablico a ciertos tipos&hellip;","_links":{"self":[{"href":"https:\/\/orato.world\/es\/wp-json\/wp\/v2\/pages\/9559","targetHints":{"allow":["GET"]}}],"collection":[{"href":"https:\/\/orato.world\/es\/wp-json\/wp\/v2\/pages"}],"about":[{"href":"https:\/\/orato.world\/es\/wp-json\/wp\/v2\/types\/page"}],"author":[{"embeddable":true,"href":"https:\/\/orato.world\/es\/wp-json\/wp\/v2\/users\/11"}],"replies":[{"embeddable":true,"href":"https:\/\/orato.world\/es\/wp-json\/wp\/v2\/comments?post=9559"}],"version-history":[{"count":0,"href":"https:\/\/orato.world\/es\/wp-json\/wp\/v2\/pages\/9559\/revisions"}],"wp:featuredmedia":[{"embeddable":true,"href":"https:\/\/orato.world\/es\/wp-json\/wp\/v2\/media\/9561"}],"wp:attachment":[{"href":"https:\/\/orato.world\/es\/wp-json\/wp\/v2\/media?parent=9559"}],"curies":[{"name":"wp","href":"https:\/\/api.w.org\/{rel}","templated":true}]}}